{"id":15,"date":"2016-02-19T20:04:57","date_gmt":"2016-02-19T19:04:57","guid":{"rendered":"https:\/\/www.trimen.fr\/de\/?page_id=15"},"modified":"2026-03-26T16:47:31","modified_gmt":"2026-03-26T15:47:31","slug":"villa-tri-men-hotel-quatre-etoiles-restaurant-bord-de-leau","status":"publish","type":"page","link":"https:\/\/www.trimen.fr\/de\/","title":{"rendered":"Villa Tri Men &#8211;  Vier-Sterne-Hotel mit idyllischer Lage am Wasser"},"content":{"rendered":"<div class=\"wpb-content-wrapper\"><p>[vc_row el_class=\u00a0\u00bbtexte-center\u00a0\u00bb css=\u00a0\u00bb.vc_custom_1483978997653{background-position: center !important;background-repeat: no-repeat !important;background-size: cover !important;}\u00a0\u00bb][vc_column css=\u00a0\u00bb.vc_custom_1473758608428{background-position: center !important;background-repeat: no-repeat !important;background-size: contain !important;}\u00a0\u00bb]\t<script type=\"text\/javascript\">\r\n\t\tjQuery(document).ready(function () {\r\n\t\t\tvar KSS_69e77368d8270 = new kebSlideShow({\r\n\t\t\t\tslideCont: '#kvc-ss-69e77368d8270',\r\n\t\t\t\tcRuban: '#ruban-69e77368d8270', \/\/'.ruban',\r\n\t\t\t\tcItem: '.slide', \/\/'.slide',\r\n\r\n\t\t\t\ttempsSlide: 1000,\r\n\t\t\t\ttempsPause: 7000,\r\n\t\t\t\ttypeSS: 'infini',\r\n\t\t\t\teffet: 'fade'\r\n\t\t\t});\r\n\t\t\tKSS_69e77368d8270.init();\r\n\t\t\tKSS_69e77368d8270.addDirectAccess('#kss-nda-69e77368d8270', 'pipion');\r\n\t\t\t\t\t\tKSS_69e77368d8270.StartAuto();\r\n\t\t\t\t\t});\r\n\t<\/script>\r\n\t<style type=\"text\/css\">\r\n\t\t\/*nbslide = 4*\/\r\n\t\t\r\n\t\t#kvc-ss-69e77368d8270 .ruban-69e77368d8270 {\r\n\t\t\twidth: 600%;\r\n\t\t}\r\n\t\t\r\n\t\t#kvc-ss-69e77368d8270 #ruban-69e77368d8270 .slide {\r\n\t\t\twidth: 16.666666666667%;\r\n\t\t}\r\n\t\t\r\n\t\t#kvc-ss-69e77368d8270 {\r\n\t\t\theight: 650px;\r\n\t\t}\r\n\t<\/style>\r\n\t<div id=\"kvc-ss-69e77368d8270\" class=\"ksc-container-slideshow\">\r\n\t\t\t\t\t<div class=\"nav-direct-access\" id=\"kss-nda-69e77368d8270\"><\/div>\r\n\t\t\t\t\t\t\t<div class=\"ruban\" id=\"ruban-69e77368d8270\">\r\n\t\t\t\t\t\t\t<div class=\"slide ksc-slide\"  style= \"background-image:url(https:\/\/www.trimen.fr\/de\/wp-content\/uploads\/sites\/2\/2016\/09\/accueil_hotel.jpg); background-size:cover;\" >\r\n\t\t\t<div class=\"contslide wrap-resp-1000 texte-blanc\">\r\n\t\t\t\t<div class=\"contalign \" style=\"vertical-align:middle\">\r\n\t\t\t\t\t<\/p>\n<h1>La Villa Tri Men<\/h1>\n<p>\t\t\t\t\t\t\t\t\t<\/div>\r\n\t\t\t<\/div>\r\n\t\t<\/div>\r\n\t\t\t\t<div class=\"slide ksc-slide\"  style= \"background-image:url(https:\/\/www.trimen.fr\/de\/wp-content\/uploads\/sites\/2\/2016\/11\/jardin-03.jpg); background-size:cover;\" >\r\n\t\t\t<div class=\"contslide wrap-resp-1000 texte-blanc\">\r\n\t\t\t\t<div class=\"contalign \" style=\"vertical-align:middle\">\r\n\t\t\t\t\t<\/p>\n<h1>La Villa Tri Men<\/h1>\n<p>\t\t\t\t\t\t\t\t\t<\/div>\r\n\t\t\t<\/div>\r\n\t\t<\/div>\r\n\t\t\t\t<div class=\"slide ksc-slide\"  style= \"background-image:url(https:\/\/www.trimen.fr\/de\/wp-content\/uploads\/sites\/2\/2016\/11\/bon-cadeau-03.jpg); background-size:cover;\" >\r\n\t\t\t<div class=\"contslide wrap-resp-1000 texte-blanc\">\r\n\t\t\t\t<div class=\"contalign \" style=\"vertical-align:middle\">\r\n\t\t\t\t\t<\/p>\n<h1>La Villa Tri Men<\/h1>\n<p>\t\t\t\t\t\t\t\t\t<\/div>\r\n\t\t\t<\/div>\r\n\t\t<\/div>\r\n\t\t\t\t<div class=\"slide ksc-slide\"  style= \"background-image:url(https:\/\/www.trimen.fr\/de\/wp-content\/uploads\/sites\/2\/2016\/11\/jardin-01.jpg); background-size:cover;\" >\r\n\t\t\t<div class=\"contslide wrap-resp-1000 texte-blanc\">\r\n\t\t\t\t<div class=\"contalign \" style=\"vertical-align:middle\">\r\n\t\t\t\t\t<\/p>\n<h1>La Villa Tri Men<\/h1>\n<p>\t\t\t\t\t\t\t\t\t<\/div>\r\n\t\t\t<\/div>\r\n\t\t<\/div>\r\n\t\t\t\t\t\t<\/div>\r\n\t<\/div>\r\n\r\n\r\n\t[\/vc_column][\/vc_row][vc_row css=\u00a0\u00bb.vc_custom_1473779308923{padding-top: 100px !important;padding-bottom: 100px !important;background-image: url(https:\/\/www.trimen.fr\/de\/wp-content\/uploads\/sites\/2\/2016\/09\/fond_acceuil.jpg?id=1643) !important;background-position: center !important;background-repeat: no-repeat !important;background-size: cover !important;}\u00a0\u00bb][vc_column css=\u00a0\u00bb.vc_custom_1473778097722{background-position: center !important;background-repeat: no-repeat !important;background-size: cover !important;}\u00a0\u00bb][vc_column_text el_class=\u00a0\u00bbwrap-resp\u00a0\u00bb]<\/p>\n<h2 style=\"text-align: center;\"><\/h2>\n<h2 style=\"text-align: center;\"><span style=\"color: # 7b7f80;\">EIN FRIEDENSHAFEN IN S\u00dcDBRETAGNE<\/span><\/h2>\n<p>&nbsp;<\/p>\n<h3>Sie werden sich verlieben, wenn Sie dieses Herrenhaus mit modernem und elegantem Dekor betreten.<\/h3>\n<h3>befindet sich in Combrit Sainte Marine im s\u00fcdlichen Finist\u00e8re.<\/h3>\n<p>&nbsp;<\/p>\n<p style=\"text-align: center;\">\u00ab\u00a0Tri Men\u00a0\u00bb, ein b\u00fcrgerliches Haus, das 1913 von einem bretonischen Admiral in Sainte Marine erbaut wurde, enthielt alle Codes der wundersch\u00f6nen Residenzen des Atlantiks. <strong> La Villa Tri Men <\/strong> wurde 2003 in ein Hotel umgewandelt und bietet ein Dekor in aller N\u00fcchternheit. In den \u00f6ffentlichen Bereichen des Hotels k\u00f6nnen Sie die Gem\u00e4lde von Lucien Simon (1861-1945), Lionel Floch (1895-1972) und Ren\u00e9 Qu\u00e9r\u00e9 (1932) bewundern. Die Villa, die bereits Charakter hatte, wurde 2017\/2018 renoviert und bringt mehr Charme und Komfort. \u00ab\u00a0La Villa Tri Men\u00a0\u00bb liegt am Ufer des Odet und beherbergt ein Sterne-Restaurant \u00ab\u00a0Les Trois Rochers\u00a0\u00bb. Es besteht aus 16 Zimmern und 3 Cottages, die sich harmonisch in die Umgebung einf\u00fcgen. Auf den ersten Blick werden Sie von dem herrlichen gr\u00fcnen Park mit Blick auf die Odet fasziniert sein. <strong> Sainte Marine ist ein kleiner einladender Hafen zwischen wilder Natur, herrlichen Str\u00e4nden und lokaler Kultur. Das Dorf verbirgt eine einzigartige Atmosph\u00e4re, die Sie kommen l\u00e4sst. und komm zur\u00fcck. <\/strong>;<\/p>\n<p>[\/vc_column_text][vc_btn title=\u00a0\u00bbN\u00c4HERE INFORMATIONEN\u00a0\u00bb style=\u00a0\u00bbcustom\u00a0\u00bb custom_background=\u00a0\u00bb#a41e22&Prime; custom_text=\u00a0\u00bb#ffffff\u00a0\u00bb css=\u00a0\u00bb.vc_custom_1614345444344{padding-top: 30px !important;padding-bottom: 30px !important;}\u00a0\u00bb link=\u00a0\u00bburl:https%3A%2F%2Fwww.trimen.fr%2Fde%2Fdie-zimmer%2F|||\u00a0\u00bb][vc_column_text el_class=\u00a0\u00bbwrap-resp\u00a0\u00bb][\/vc_column_text][\/vc_column][\/vc_row][vc_row css=\u00a0\u00bb.vc_custom_1473845488576{border-top-width: 5px !important;border-right-width: 5px !important;border-bottom-width: 5px !important;border-left-width: 5px !important;background-color: #b1b7b8 !important;border-left-color: #ffffff !important;border-left-style: solid !important;border-right-color: #ffffff !important;border-right-style: solid !important;border-top-color: #ffffff !important;border-top-style: solid !important;border-bottom-color: #ffffff !important;border-bottom-style: solid !important;}\u00a0\u00bb][vc_column width=\u00a0\u00bb1\/3&Prime; css=\u00a0\u00bb.vc_custom_1588860910035{padding-top: 40px !important;padding-bottom: 40px !important;}\u00a0\u00bb][vc_column_text css=\u00a0\u00bb.vc_custom_1486036526268{padding-bottom: 20px !important;}\u00a0\u00bb el_class=\u00a0\u00bbtexte-blanc\u00a0\u00bb]<\/p>\n<h2>ZIMMER<\/h2>\n<h2>&amp; COTTAGES<\/h2>\n<p>[\/vc_column_text][vc_column_text css=\u00a0\u00bb.vc_custom_1486036565226{padding-bottom: 30px !important;}\u00a0\u00bb el_class=\u00a0\u00bbtexte-blanc\u00a0\u00bb]<\/p>\n<h4>Blick durch die Pinien aufs Meer<\/h4>\n<p>[\/vc_column_text][vc_btn title=\u00a0\u00bbN\u00c4HERE INFORMATIONEN\u00a0\u00bb style=\u00a0\u00bbflat\u00a0\u00bb color=\u00a0\u00bbdefault\u00a0\u00bb link=\u00a0\u00bburl:https%3A%2F%2Fwww.trimen.fr%2Fde%2Fdie-zimmer%2F|||\u00a0\u00bb]\t\t<div id=\"vc_reservationext_69e77368d8ec1\" class=\"ksc_reservationext_component\">\r\n\t\t\t<a class=\"vh-button \" href='https:\/\/secure.reservit.com\/fo\/booking\/2\/9233\/dates?specialMode=default&langcode=FR&custid=2&hotelid=9233&m=booking' target=\"_blank\" title=\"\">Reservieren<\/a>\r\n\t\t<\/div>\r\n\t\t[\/vc_column][vc_column width=\u00a0\u00bb1\/3&Prime;]<a  href=\"https:\/\/www.trimen.fr\/de\/die-zimmer\/\"   title=\"\"   target=\"\"  style=\"width:auto; height:400px; background-image:url(https:\/\/www.trimen.fr\/de\/wp-content\/uploads\/sites\/2\/2025\/10\/16-min-scaled.jpg); background-position: center right;\" class=\"KVC_composant_imageROll\" >\t<div class=\"imageRoll\" style=\" background-position: center right; background-color:rgba(0,0,0,0.4);\"><\/div>\t<div class=\"zoneTexte\"><span style=\"text-align:center; vertical-align:middle;\"><img decoding=\"async\" class=\"alignnone size-medium wp-image-1756\" src=\"https:\/\/www.trimen.fr\/de\/wp-content\/uploads\/sites\/2\/2016\/09\/bouton_plus.svg\" alt=\"bouton_plus\" \/><\/span><\/div><\/a>[\/vc_column][vc_column width=\u00a0\u00bb1\/3&Prime;]<a  href=\"https:\/\/www.trimen.fr\/de\/die-zimmer\/\"   title=\"\"   target=\"\"  style=\"width:auto; height:400px; background-image:url(https:\/\/www.trimen.fr\/de\/wp-content\/uploads\/sites\/2\/2016\/11\/Bnd-TOP-cottage.jpg); background-position: center center;\" class=\"KVC_composant_imageROll\" >\t<div class=\"imageRoll\" style=\" background-position: center center; background-color:rgba(0,0,0,0.4);\"><\/div>\t<div class=\"zoneTexte\"><span style=\"text-align:center; vertical-align:middle;\"><img decoding=\"async\" class=\"alignnone size-medium wp-image-1756\" src=\"https:\/\/www.trimen.fr\/de\/wp-content\/uploads\/sites\/2\/2016\/09\/bouton_plus.svg\" alt=\"bouton_plus\" \/><\/span><\/div><\/a>[\/vc_column][\/vc_row][vc_row css=\u00a0\u00bb.vc_custom_1473783791413{background-color: #eaeaea !important;}\u00a0\u00bb][vc_column width=\u00a0\u00bb2\/3&Prime;]<a  href=\"https:\/\/www.trimen.fr\/de\/le-restaurant\/\"   title=\"\"   target=\"\"  style=\"width:auto; height:400px; background-image:url(https:\/\/www.trimen.fr\/de\/wp-content\/uploads\/sites\/2\/2025\/12\/les-trois-rochers-villa-tri-men-restaurant-finistere-etoile-michelin-scaled.jpg); background-position: center center;\" class=\"KVC_composant_imageROll\" >\t<div class=\"imageRoll\" style=\" background-position: center center; background-color:transparent;\"><\/div>\t<div class=\"zoneTexte\"><span style=\"text-align:center; vertical-align:middle;\"><\/span><\/div><\/a>[\/vc_column][vc_column width=\u00a0\u00bb1\/3&Prime; css=\u00a0\u00bb.vc_custom_1588861208225{padding-top: 40px !important;padding-bottom: 40px !important;}\u00a0\u00bb][vc_column_text css=\u00a0\u00bb.vc_custom_1482319897185{padding-bottom: 20px !important;}\u00a0\u00bb el_class=\u00a0\u00bbtexte-blanc\u00a0\u00bb]<\/p>\n<h2><span style=\"color: #7b7f80;\">RESTAURANT<\/span><\/h2>\n<p>[\/vc_column_text][vc_column_text css=\u00a0\u00bb.vc_custom_1766834714801{padding-bottom: 30px !important;}\u00a0\u00bb]<\/p>\n<h3><span style=\"color: #a91e22;\">\u201eLes Trois Rochers\u201c<\/span><span style=\"color: #a91e22;\"><a href=\"https:\/\/guide.michelin.com\/fr\/fr\/bretagne\/combrit\/restaurant\/les-trois-rochers\"><img loading=\"lazy\" decoding=\"async\" class=\"wp-image-3270 alignnone\" src=\"https:\/\/www.trimen.fr\/en\/wp-content\/uploads\/sites\/3\/2025\/12\/Etoile_Michelin-3.svg-1-e1766583337833-300x254.png\" alt=\"\" width=\"22\" height=\"19\" \/><\/a><\/span><\/h3>\n<h4><span style=\"color: #7b7f80;\">das Restaurant mit einem \u201eMichelin\u201c-Stern <\/span><\/h4>\n<h4><span style=\"color: #7b7f80;\">bietet ein von den lokalen Spezialit\u00e4ten inspiriertes faszinierendes Restaurant-Erlebnis<\/span><\/h4>\n<p>[\/vc_column_text][vc_btn title=\u00a0\u00bbN\u00c4HERE INFORMATIONEN\u00a0\u00bb style=\u00a0\u00bbcustom\u00a0\u00bb custom_background=\u00a0\u00bb#a41e22&Prime; custom_text=\u00a0\u00bb#ffffff\u00a0\u00bb align=\u00a0\u00bbcenter\u00a0\u00bb link=\u00a0\u00bburl:https%3A%2F%2Fwww.trimen.fr%2Fde%2Fle-restaurant%2F|||\u00a0\u00bb]\t\t<div id=\"vc_reservationext_69e77368d9786\" class=\"ksc_reservationext_component\">\r\n\t\t\t<a class=\"vh-button rouge\" href='https:\/\/bookings.zenchef.com\/results?rid=383712&lang=de' target=\"_blank\" title=\"\">Reservieren<\/a>\r\n\t\t<\/div>\r\n\t\t[\/vc_column][\/vc_row][vc_row css=\u00a0\u00bb.vc_custom_1473845524241{border-top-width: 5px !important;border-right-width: 5px !important;border-bottom-width: 5px !important;border-left-width: 5px !important;border-left-color: #ffffff !important;border-left-style: solid !important;border-right-color: #ffffff !important;border-right-style: solid !important;border-top-color: #ffffff !important;border-top-style: solid !important;border-bottom-color: #ffffff !important;border-bottom-style: solid !important;}\u00a0\u00bb][vc_column width=\u00a0\u00bb1\/3&Prime; css=\u00a0\u00bb.vc_custom_1473843487455{background-color: #ffffff !important;}\u00a0\u00bb]<a  href=\"https:\/\/www.trimen.fr\/de\/die-geschenkgutscheine\/\"   title=\"\"   target=\"\"  style=\"width:auto; height:200px; background-image:url(https:\/\/www.trimen.fr\/de\/wp-content\/uploads\/sites\/2\/2016\/11\/Restaurant-Bar-04_2019_4.jpg); background-position: top center;\" class=\"KVC_composant_imageROll\" >\t<div class=\"imageRoll\" style=\" background-position: top center; background-color:rgba(0,0,0,0.4);\"><\/div>\t<div class=\"zoneTexte\"><span style=\"text-align:center; vertical-align:middle;\"><img decoding=\"async\" class=\"alignnone size-medium wp-image-1756\" src=\"https:\/\/www.trimen.fr\/de\/wp-content\/uploads\/sites\/2\/2016\/09\/bouton_plus.svg\" alt=\"bouton_plus\" \/><\/span><\/div><\/a>[vc_column_text css=\u00a0\u00bb.vc_custom_1767092702892{padding-top: 80px !important;padding-bottom: 80px !important;}\u00a0\u00bb]<\/p>\n<h5><a href=\"https:\/\/www.trimen.fr\/de\/die-geschenkgutscheine\/\"><span style=\"color: #5a5d5e;\">GESCHENKGUTSCHEINE\u00a0<\/span><\/a><\/h5>\n<h4><\/h4>\n<p>[\/vc_column_text][\/vc_column][vc_column width=\u00a0\u00bb1\/3&Prime; css=\u00a0\u00bb.vc_custom_1473843477391{background-color: #dce0e0 !important;}\u00a0\u00bb]<a  href=\"https:\/\/www.trimen.fr\/de\/unsere-lokalen-produzenten\/\"   title=\"Our suppliers are in the spotlight\"   target=\"\"  style=\"width:auto; height:200px; background-image:url(https:\/\/www.trimen.fr\/de\/wp-content\/uploads\/sites\/2\/2024\/10\/MG_5333-2048-optimisee.jpg); background-position: center center;\" class=\"KVC_composant_imageROll\" >\t<div class=\"imageRoll\" style=\" background-position: center center; background-color:rgba(0,0,0,0.4);\"><\/div>\t<div class=\"zoneTexte\"><span style=\"text-align:center; vertical-align:middle;\"><img decoding=\"async\" class=\"alignnone size-medium wp-image-1756\" src=\"https:\/\/www.trimen.fr\/de\/wp-content\/uploads\/sites\/2\/2016\/09\/bouton_plus.svg\" alt=\"bouton_plus\" \/><\/span><\/div><\/a>[vc_column_text css=\u00a0\u00bb.vc_custom_1768488834788{padding-top: 80px !important;padding-bottom: 80px !important;}\u00a0\u00bb]<\/p>\n<h5><span style=\"color: #5a5d5e;\"><a style=\"color: #5a5d5e;\" href=\"https:\/\/www.trimen.fr\/de\/unsere-lokalen-produzenten\/\">UNSERE LOKALEN PRODUZENTEN<\/a><\/span><\/h5>\n<p>[\/vc_column_text][\/vc_column][vc_column width=\u00a0\u00bb1\/3&Prime; css=\u00a0\u00bb.vc_custom_1473843512463{background-color: #b1b7b8 !important;}\u00a0\u00bb]<a  href=\"https:\/\/www.trimen.fr\/de\/tourismus\/\"   title=\"\"   target=\"\"  style=\"width:auto; height:200px; background-image:url(https:\/\/www.trimen.fr\/de\/wp-content\/uploads\/sites\/2\/2016\/11\/Bandeau-archipel-des-glenan-2019.jpg); background-position: center center;\" class=\"KVC_composant_imageROll\" >\t<div class=\"imageRoll\" style=\" background-position: center center; background-color:rgba(0,0,0,0.4);\"><\/div>\t<div class=\"zoneTexte\"><span style=\"text-align:center; vertical-align:middle;\"><img decoding=\"async\" class=\"alignnone size-medium wp-image-1756\" src=\"https:\/\/www.trimen.fr\/de\/wp-content\/uploads\/sites\/2\/2016\/09\/bouton_plus.svg\" alt=\"bouton_plus\" \/><\/span><\/div><\/a>[vc_column_text css=\u00a0\u00bb.vc_custom_1768488696828{padding-top: 80px !important;padding-bottom: 80px !important;}\u00a0\u00bb]<\/p>\n<h5><span style=\"color: #5a5d5e;\"><a style=\"color: #5a5d5e;\" href=\"https:\/\/www.trimen.fr\/de\/tourismus\/\">TOURISMUS<\/a><\/span><\/h5>\n<p>[\/vc_column_text][\/vc_column][\/vc_row][vc_row el_class=\u00a0\u00bbtexte-blanc\u00a0\u00bb][vc_column]\t<div class=\"KVC_composant YTVideoWithStartContent\" id=\"KVC_69e77368da359\" style=\"background-image:url('https:\/\/www.trimen.fr\/de\/wp-content\/uploads\/sites\/2\/2016\/11\/video.jpg'); height:400px\" >\r\n\t\t<div class=\"wrap-align-vertic\" onClick=\"javascript:KVC_doPopinYT('xpXECJUq0xU');\">\r\n\t\t\t<div class=\"content\"><h2>Ein Video-Portr\u00e4t der Villa Tri Men<\/h2>\n<p>&nbsp;<\/p>\n<p><img decoding=\"async\" class=\"alignnone size-medium wp-image-2091\" src=\"https:\/\/www.trimen.fr\/de\/wp-content\/uploads\/sites\/2\/2016\/02\/rond-play.svg\" alt=\"rond-play\" \/><\/p>\n<\/div>\r\n\t\t<\/div>\r\n\t<\/div>\r\n\r\n\t[\/vc_column][\/vc_row][vc_row][vc_column][vc_raw_html css=\u00a0\u00bb\u00a0\u00bb]JTVCTW9kYWwtV2luZG93JTIwaWQlM0QlMjIxJTIyJTVEJTBEJTBBJTNDc3R5bGUlM0UlMEQlMEEubW9kYWwtd2luZG93X19jb250ZW50LW1haW4lMjBwJTIwJTdCZm9udC1zaXplJTNBMTZweCUzQiUyMHRleHQtYWxpZ24lM0FsZWZ0JTNCJTdEJTBEJTBBLm1vZGFsLXdpbmRvd19fY29udGVudCU3QiUwRCUwQXdpZHRoJTNBJTIwMTAwJTI1JTNCJTBEJTBBbWF4LXdpZHRoJTNBNjAwcHglM0IlMEQlMEFwb3NpdGlvbiUzQXJlbGF0aXZlJTNCJTBEJTBBbWFyZ2luJTNBODBweCUyMGF1dG8lMjBhdXRvJTNCJTBEJTBBaW5zZXQlM0FhdXRvJTNCJTBEJTBBJTdEJTBEJTBBJTNDJTJGc3R5bGUlM0U=[\/vc_raw_html][\/vc_column][\/vc_row]<\/p>\n<\/div>","protected":false},"excerpt":{"rendered":"<p>[vc_row el_class=\u00a0\u00bbtexte-center\u00a0\u00bb css=\u00a0\u00bb.vc_custom_1483978997653{background-position: center !important;background-repeat: no-repeat !important;background-size: cover !important;}\u00a0\u00bb][vc_column css=\u00a0\u00bb.vc_custom_1473758608428{background-position: center !important;background-repeat: no-repeat !important;background-size: contain !important;}\u00a0\u00bb][\/vc_column][\/vc_row][vc_row css=\u00a0\u00bb.vc_custom_1473779308923{padding-top: 100px !important;padding-bottom: 100px !important;background-image: url(https:\/\/www.trimen.fr\/de\/wp-content\/uploads\/sites\/2\/2016\/09\/fond_acceuil.jpg?id=1643) !important;background-position: center !important;background-repeat: no-repeat !important;background-size: cover !important;}\u00a0\u00bb][vc_column css=\u00a0\u00bb.vc_custom_1473778097722{background-position: center !important;background-repeat: no-repeat !important;background-size: cover !important;}\u00a0\u00bb][vc_column_text el_class=\u00a0\u00bbwrap-resp\u00a0\u00bb] EIN FRIEDENSHAFEN IN S\u00dcDBRETAGNE &nbsp; Sie werden sich verlieben, wenn Sie dieses Herrenhaus mit modernem und elegantem Dekor [&hellip;]<\/p>\n","protected":false},"author":1,"featured_media":0,"parent":0,"menu_order":0,"comment_status":"closed","ping_status":"closed","template":"template-page.php","meta":{"_acf_changed":false,"inline_featured_image":false,"footnotes":""},"class_list":["post-15","page","type-page","status-publish","hentry"],"acf":[],"yoast_head":"<!-- This site is optimized with the Yoast SEO plugin v27.4 - https:\/\/yoast.com\/product\/yoast-seo-wordpress\/ -->\n<title>Villa Tri Men - Vier-Sterne-Hotel mit idyllischer Lage am Wasser - Trimen (DE)<\/title>\n<meta name=\"description\" content=\"Pause gourmande \u00e0 Sainte-Marine en Bretagne. Une maison de famille revisit\u00e9e en h\u00f4tel 4 \u00e9toiles et son restaurant une \u00e9toile au Guide Michelin\" \/>\n<meta name=\"robots\" content=\"index, follow, max-snippet:-1, max-image-preview:large, max-video-preview:-1\" \/>\n<link rel=\"canonical\" href=\"https:\/\/www.trimen.fr\/de\/\" \/>\n<meta property=\"og:locale\" content=\"fr_FR\" \/>\n<meta property=\"og:type\" content=\"article\" \/>\n<meta property=\"og:title\" content=\"Villa Tri Men - Vier-Sterne-Hotel mit idyllischer Lage am Wasser - Trimen (DE)\" \/>\n<meta property=\"og:description\" content=\"Pause gourmande \u00e0 Sainte-Marine en Bretagne. Une maison de famille revisit\u00e9e en h\u00f4tel 4 \u00e9toiles et son restaurant une \u00e9toile au Guide Michelin\" \/>\n<meta property=\"og:url\" content=\"https:\/\/www.trimen.fr\/de\/\" \/>\n<meta property=\"og:site_name\" content=\"Trimen (DE)\" \/>\n<meta property=\"article:modified_time\" content=\"2026-03-26T15:47:31+00:00\" \/>\n<meta property=\"og:image\" content=\"https:\/\/www.trimen.fr\/de\/wp-content\/uploads\/sites\/2\/2016\/09\/accueil_hotel.jpg\" \/>\n\t<meta property=\"og:image:width\" content=\"1280\" \/>\n\t<meta property=\"og:image:height\" content=\"720\" \/>\n\t<meta property=\"og:image:type\" content=\"image\/jpeg\" \/>\n<meta name=\"twitter:card\" content=\"summary_large_image\" \/>\n<meta name=\"twitter:label1\" content=\"Dur\u00e9e de lecture estim\u00e9e\" \/>\n\t<meta name=\"twitter:data1\" content=\"7 minutes\" \/>\n<script type=\"application\/ld+json\" class=\"yoast-schema-graph\">{\"@context\":\"https:\\\/\\\/schema.org\",\"@graph\":[{\"@type\":\"WebPage\",\"@id\":\"https:\\\/\\\/www.trimen.fr\\\/de\\\/\",\"url\":\"https:\\\/\\\/www.trimen.fr\\\/de\\\/\",\"name\":\"Villa Tri Men - Vier-Sterne-Hotel mit idyllischer Lage am Wasser - Trimen (DE)\",\"isPartOf\":{\"@id\":\"https:\\\/\\\/www.trimen.fr\\\/de\\\/#website\"},\"primaryImageOfPage\":{\"@id\":\"https:\\\/\\\/www.trimen.fr\\\/de\\\/#primaryimage\"},\"image\":{\"@id\":\"https:\\\/\\\/www.trimen.fr\\\/de\\\/#primaryimage\"},\"thumbnailUrl\":\"https:\\\/\\\/www.trimen.fr\\\/de\\\/wp-content\\\/uploads\\\/sites\\\/2\\\/2016\\\/09\\\/bouton_plus.svg\",\"datePublished\":\"2016-02-19T19:04:57+00:00\",\"dateModified\":\"2026-03-26T15:47:31+00:00\",\"description\":\"Pause gourmande \u00e0 Sainte-Marine en Bretagne. Une maison de famille revisit\u00e9e en h\u00f4tel 4 \u00e9toiles et son restaurant une \u00e9toile au Guide Michelin\",\"breadcrumb\":{\"@id\":\"https:\\\/\\\/www.trimen.fr\\\/de\\\/#breadcrumb\"},\"inLanguage\":\"fr-FR\",\"potentialAction\":[{\"@type\":\"ReadAction\",\"target\":[\"https:\\\/\\\/www.trimen.fr\\\/de\\\/\"]}]},{\"@type\":\"ImageObject\",\"inLanguage\":\"fr-FR\",\"@id\":\"https:\\\/\\\/www.trimen.fr\\\/de\\\/#primaryimage\",\"url\":\"https:\\\/\\\/www.trimen.fr\\\/de\\\/wp-content\\\/uploads\\\/sites\\\/2\\\/2016\\\/09\\\/bouton_plus.svg\",\"contentUrl\":\"https:\\\/\\\/www.trimen.fr\\\/de\\\/wp-content\\\/uploads\\\/sites\\\/2\\\/2016\\\/09\\\/bouton_plus.svg\"},{\"@type\":\"BreadcrumbList\",\"@id\":\"https:\\\/\\\/www.trimen.fr\\\/de\\\/#breadcrumb\",\"itemListElement\":[{\"@type\":\"ListItem\",\"position\":1,\"name\":\"Accueil\",\"item\":\"https:\\\/\\\/www.trimen.fr\\\/de\\\/\"},{\"@type\":\"ListItem\",\"position\":2,\"name\":\"Villa Tri Men &#8211; Vier-Sterne-Hotel mit idyllischer Lage am Wasser\"}]},{\"@type\":\"WebSite\",\"@id\":\"https:\\\/\\\/www.trimen.fr\\\/de\\\/#website\",\"url\":\"https:\\\/\\\/www.trimen.fr\\\/de\\\/\",\"name\":\"Trimen (DE)\",\"description\":\"FOUR-STAR HOTEL AND RESTAURANT, ON THE WATERFRONT IN SAINTE-MARINE\",\"potentialAction\":[{\"@type\":\"SearchAction\",\"target\":{\"@type\":\"EntryPoint\",\"urlTemplate\":\"https:\\\/\\\/www.trimen.fr\\\/de\\\/?s={search_term_string}\"},\"query-input\":{\"@type\":\"PropertyValueSpecification\",\"valueRequired\":true,\"valueName\":\"search_term_string\"}}],\"inLanguage\":\"fr-FR\"}]}<\/script>\n<!-- \/ Yoast SEO plugin. -->","yoast_head_json":{"title":"Villa Tri Men - Vier-Sterne-Hotel mit idyllischer Lage am Wasser - Trimen (DE)","description":"Pause gourmande \u00e0 Sainte-Marine en Bretagne. Une maison de famille revisit\u00e9e en h\u00f4tel 4 \u00e9toiles et son restaurant une \u00e9toile au Guide Michelin","robots":{"index":"index","follow":"follow","max-snippet":"max-snippet:-1","max-image-preview":"max-image-preview:large","max-video-preview":"max-video-preview:-1"},"canonical":"https:\/\/www.trimen.fr\/de\/","og_locale":"fr_FR","og_type":"article","og_title":"Villa Tri Men - Vier-Sterne-Hotel mit idyllischer Lage am Wasser - Trimen (DE)","og_description":"Pause gourmande \u00e0 Sainte-Marine en Bretagne. Une maison de famille revisit\u00e9e en h\u00f4tel 4 \u00e9toiles et son restaurant une \u00e9toile au Guide Michelin","og_url":"https:\/\/www.trimen.fr\/de\/","og_site_name":"Trimen (DE)","article_modified_time":"2026-03-26T15:47:31+00:00","og_image":[{"width":1280,"height":720,"url":"https:\/\/www.trimen.fr\/de\/wp-content\/uploads\/sites\/2\/2016\/09\/accueil_hotel.jpg","type":"image\/jpeg"}],"twitter_card":"summary_large_image","twitter_misc":{"Dur\u00e9e de lecture estim\u00e9e":"7 minutes"},"schema":{"@context":"https:\/\/schema.org","@graph":[{"@type":"WebPage","@id":"https:\/\/www.trimen.fr\/de\/","url":"https:\/\/www.trimen.fr\/de\/","name":"Villa Tri Men - Vier-Sterne-Hotel mit idyllischer Lage am Wasser - Trimen (DE)","isPartOf":{"@id":"https:\/\/www.trimen.fr\/de\/#website"},"primaryImageOfPage":{"@id":"https:\/\/www.trimen.fr\/de\/#primaryimage"},"image":{"@id":"https:\/\/www.trimen.fr\/de\/#primaryimage"},"thumbnailUrl":"https:\/\/www.trimen.fr\/de\/wp-content\/uploads\/sites\/2\/2016\/09\/bouton_plus.svg","datePublished":"2016-02-19T19:04:57+00:00","dateModified":"2026-03-26T15:47:31+00:00","description":"Pause gourmande \u00e0 Sainte-Marine en Bretagne. Une maison de famille revisit\u00e9e en h\u00f4tel 4 \u00e9toiles et son restaurant une \u00e9toile au Guide Michelin","breadcrumb":{"@id":"https:\/\/www.trimen.fr\/de\/#breadcrumb"},"inLanguage":"fr-FR","potentialAction":[{"@type":"ReadAction","target":["https:\/\/www.trimen.fr\/de\/"]}]},{"@type":"ImageObject","inLanguage":"fr-FR","@id":"https:\/\/www.trimen.fr\/de\/#primaryimage","url":"https:\/\/www.trimen.fr\/de\/wp-content\/uploads\/sites\/2\/2016\/09\/bouton_plus.svg","contentUrl":"https:\/\/www.trimen.fr\/de\/wp-content\/uploads\/sites\/2\/2016\/09\/bouton_plus.svg"},{"@type":"BreadcrumbList","@id":"https:\/\/www.trimen.fr\/de\/#breadcrumb","itemListElement":[{"@type":"ListItem","position":1,"name":"Accueil","item":"https:\/\/www.trimen.fr\/de\/"},{"@type":"ListItem","position":2,"name":"Villa Tri Men &#8211; Vier-Sterne-Hotel mit idyllischer Lage am Wasser"}]},{"@type":"WebSite","@id":"https:\/\/www.trimen.fr\/de\/#website","url":"https:\/\/www.trimen.fr\/de\/","name":"Trimen (DE)","description":"FOUR-STAR HOTEL AND RESTAURANT, ON THE WATERFRONT IN SAINTE-MARINE","potentialAction":[{"@type":"SearchAction","target":{"@type":"EntryPoint","urlTemplate":"https:\/\/www.trimen.fr\/de\/?s={search_term_string}"},"query-input":{"@type":"PropertyValueSpecification","valueRequired":true,"valueName":"search_term_string"}}],"inLanguage":"fr-FR"}]}},"_links":{"self":[{"href":"https:\/\/www.trimen.fr\/de\/wp-json\/wp\/v2\/pages\/15","targetHints":{"allow":["GET"]}}],"collection":[{"href":"https:\/\/www.trimen.fr\/de\/wp-json\/wp\/v2\/pages"}],"about":[{"href":"https:\/\/www.trimen.fr\/de\/wp-json\/wp\/v2\/types\/page"}],"author":[{"embeddable":true,"href":"https:\/\/www.trimen.fr\/de\/wp-json\/wp\/v2\/users\/1"}],"replies":[{"embeddable":true,"href":"https:\/\/www.trimen.fr\/de\/wp-json\/wp\/v2\/comments?post=15"}],"version-history":[{"count":41,"href":"https:\/\/www.trimen.fr\/de\/wp-json\/wp\/v2\/pages\/15\/revisions"}],"predecessor-version":[{"id":3256,"href":"https:\/\/www.trimen.fr\/de\/wp-json\/wp\/v2\/pages\/15\/revisions\/3256"}],"wp:attachment":[{"href":"https:\/\/www.trimen.fr\/de\/wp-json\/wp\/v2\/media?parent=15"}],"curies":[{"name":"wp","href":"https:\/\/api.w.org\/{rel}","templated":true}]}}