{"id":1843,"date":"2016-11-17T13:25:08","date_gmt":"2016-11-17T12:25:08","guid":{"rendered":"https:\/\/www.trimen.fr\/de\/?page_id=1843"},"modified":"2026-03-06T15:23:57","modified_gmt":"2026-03-06T14:23:57","slug":"tourismus","status":"publish","type":"page","link":"https:\/\/www.trimen.fr\/de\/tourismus\/","title":{"rendered":"Tourismus"},"content":{"rendered":"<div class=\"wpb-content-wrapper\"><p>[vc_row css=\u00a0\u00bb.vc_custom_1480676339945{margin-bottom: 50px !important;}\u00a0\u00bb][vc_column css_animation=\u00a0\u00bbfadeInDown\u00a0\u00bb][vc_separator border_width=\u00a0\u00bb4&Prime; css=\u00a0\u00bb.vc_custom_1479377722594{margin-bottom: 60px !important;}\u00a0\u00bb][vc_column_text]<\/p>\n<h1><span style=\"color: #999999\">TOURISMUS<\/span><\/h1>\n<p>[\/vc_column_text][vc_column_text css=\u00a0\u00bb.vc_custom_1486042977274{margin-right: 20px !important;margin-left: 20px !important;}\u00a0\u00bb]<\/p>\n<h2><span style=\"color: #a91e22\">Unsere Favoriten f\u00fcr Ihren Aufenthalt<\/span><\/h2>\n<p>&nbsp;<\/p>\n<p>Sie haben sich f\u00fcr das sichere Stilempfinden der Villa Tri Men entschieden.<\/p>\n<p>Machen Sie mit uns einen kurzen Gang durch unsere bretonische Umgebung.<\/p>\n<p>Nachstehend stellen wir Ihnen kurz einige ausgew\u00e4hlte Orte, Museen und Boutiquen vor, die wir Ihnen empfehlen. [\/vc_column_text][\/vc_column][\/vc_row][vc_row el_class=\u00a0\u00bbwrap-resp-1000&Prime; css=\u00a0\u00bb.vc_custom_1481032079236{margin-bottom: 100px !important;}\u00a0\u00bb][vc_column][vc_basic_grid post_type=\u00a0\u00bbpost\u00a0\u00bb max_items=\u00a0\u00bb-1&Prime; show_filter=\u00a0\u00bbyes\u00a0\u00bb gap=\u00a0\u00bb20&Prime; filter_style=\u00a0\u00bbbordered\u00a0\u00bb filter_default_title=\u00a0\u00bbAlle\u00a0\u00bb filter_size=\u00a0\u00bblg\u00a0\u00bb item=\u00a0\u00bb1853&Prime; grid_id=\u00a0\u00bbvc_gid:1766834588312-58e194c9-81a0-1&Prime; filter_source=\u00a0\u00bbcategory\u00a0\u00bb][\/vc_column][\/vc_row]<\/p>\n<\/div>","protected":false},"excerpt":{"rendered":"<p>[vc_row css=\u00a0\u00bb.vc_custom_1480676339945{margin-bottom: 50px !important;}\u00a0\u00bb][vc_column css_animation=\u00a0\u00bbfadeInDown\u00a0\u00bb][vc_separator border_width=\u00a0\u00bb4&Prime; css=\u00a0\u00bb.vc_custom_1479377722594{margin-bottom: 60px !important;}\u00a0\u00bb][vc_column_text] TOURISMUS [\/vc_column_text][vc_column_text css=\u00a0\u00bb.vc_custom_1486042977274{margin-right: 20px !important;margin-left: 20px !important;}\u00a0\u00bb] Unsere Favoriten f\u00fcr Ihren Aufenthalt &nbsp; Sie haben sich f\u00fcr das sichere Stilempfinden der Villa Tri Men entschieden. Machen Sie mit uns einen kurzen Gang durch unsere bretonische Umgebung. Nachstehend stellen wir Ihnen kurz einige ausgew\u00e4hlte Orte, Museen und [&hellip;]<\/p>\n","protected":false},"author":1,"featured_media":0,"parent":0,"menu_order":0,"comment_status":"closed","ping_status":"closed","template":"template-page.php","meta":{"_acf_changed":false,"inline_featured_image":false,"footnotes":""},"class_list":["post-1843","page","type-page","status-publish","hentry"],"acf":[],"yoast_head":"<!-- This site is optimized with the Yoast SEO plugin v27.6 - https:\/\/yoast.com\/product\/yoast-seo-wordpress\/ -->\n<title>Tourismus - Trimen (DE)<\/title>\n<meta name=\"description\" content=\"Tourismus und Sehensw\u00fcrdigkeiten rund um unser Hotel entdecken. Tipps f\u00fcr Ihren Aufenthalt und die besten Aktivit\u00e4ten der Region.\" \/>\n<meta name=\"robots\" content=\"index, follow, max-snippet:-1, max-image-preview:large, max-video-preview:-1\" \/>\n<link rel=\"canonical\" href=\"https:\/\/www.trimen.fr\/de\/tourismus\/\" \/>\n<meta property=\"og:locale\" content=\"fr_FR\" \/>\n<meta property=\"og:type\" content=\"article\" \/>\n<meta property=\"og:title\" content=\"Tourismus - Trimen (DE)\" \/>\n<meta property=\"og:description\" content=\"Tourismus und Sehensw\u00fcrdigkeiten rund um unser Hotel entdecken. Tipps f\u00fcr Ihren Aufenthalt und die besten Aktivit\u00e4ten der Region.\" \/>\n<meta property=\"og:url\" content=\"https:\/\/www.trimen.fr\/de\/tourismus\/\" \/>\n<meta property=\"og:site_name\" content=\"Trimen (DE)\" \/>\n<meta property=\"article:modified_time\" content=\"2026-03-06T14:23:57+00:00\" \/>\n<meta property=\"og:image\" content=\"https:\/\/www.trimen.fr\/de\/wp-content\/uploads\/sites\/2\/2016\/09\/accueil_hotel.jpg\" \/>\n\t<meta property=\"og:image:width\" content=\"1280\" \/>\n\t<meta property=\"og:image:height\" content=\"720\" \/>\n\t<meta property=\"og:image:type\" content=\"image\/jpeg\" \/>\n<meta name=\"twitter:card\" content=\"summary_large_image\" \/>\n<meta name=\"twitter:label1\" content=\"Dur\u00e9e de lecture estim\u00e9e\" \/>\n\t<meta name=\"twitter:data1\" content=\"1 minute\" \/>\n<script type=\"application\/ld+json\" class=\"yoast-schema-graph\">{\"@context\":\"https:\\\/\\\/schema.org\",\"@graph\":[{\"@type\":\"WebPage\",\"@id\":\"https:\\\/\\\/www.trimen.fr\\\/de\\\/tourismus\\\/\",\"url\":\"https:\\\/\\\/www.trimen.fr\\\/de\\\/tourismus\\\/\",\"name\":\"Tourismus - Trimen (DE)\",\"isPartOf\":{\"@id\":\"https:\\\/\\\/www.trimen.fr\\\/de\\\/#website\"},\"datePublished\":\"2016-11-17T12:25:08+00:00\",\"dateModified\":\"2026-03-06T14:23:57+00:00\",\"description\":\"Tourismus und Sehensw\u00fcrdigkeiten rund um unser Hotel entdecken. Tipps f\u00fcr Ihren Aufenthalt und die besten Aktivit\u00e4ten der Region.\",\"breadcrumb\":{\"@id\":\"https:\\\/\\\/www.trimen.fr\\\/de\\\/tourismus\\\/#breadcrumb\"},\"inLanguage\":\"fr-FR\",\"potentialAction\":[{\"@type\":\"ReadAction\",\"target\":[\"https:\\\/\\\/www.trimen.fr\\\/de\\\/tourismus\\\/\"]}]},{\"@type\":\"BreadcrumbList\",\"@id\":\"https:\\\/\\\/www.trimen.fr\\\/de\\\/tourismus\\\/#breadcrumb\",\"itemListElement\":[{\"@type\":\"ListItem\",\"position\":1,\"name\":\"Accueil\",\"item\":\"https:\\\/\\\/www.trimen.fr\\\/de\\\/\"},{\"@type\":\"ListItem\",\"position\":2,\"name\":\"Tourismus\"}]},{\"@type\":\"WebSite\",\"@id\":\"https:\\\/\\\/www.trimen.fr\\\/de\\\/#website\",\"url\":\"https:\\\/\\\/www.trimen.fr\\\/de\\\/\",\"name\":\"Trimen (DE)\",\"description\":\"FOUR-STAR HOTEL AND RESTAURANT, ON THE WATERFRONT IN SAINTE-MARINE\",\"potentialAction\":[{\"@type\":\"SearchAction\",\"target\":{\"@type\":\"EntryPoint\",\"urlTemplate\":\"https:\\\/\\\/www.trimen.fr\\\/de\\\/?s={search_term_string}\"},\"query-input\":{\"@type\":\"PropertyValueSpecification\",\"valueRequired\":true,\"valueName\":\"search_term_string\"}}],\"inLanguage\":\"fr-FR\"}]}<\/script>\n<!-- \/ Yoast SEO plugin. -->","yoast_head_json":{"title":"Tourismus - Trimen (DE)","description":"Tourismus und Sehensw\u00fcrdigkeiten rund um unser Hotel entdecken. Tipps f\u00fcr Ihren Aufenthalt und die besten Aktivit\u00e4ten der Region.","robots":{"index":"index","follow":"follow","max-snippet":"max-snippet:-1","max-image-preview":"max-image-preview:large","max-video-preview":"max-video-preview:-1"},"canonical":"https:\/\/www.trimen.fr\/de\/tourismus\/","og_locale":"fr_FR","og_type":"article","og_title":"Tourismus - Trimen (DE)","og_description":"Tourismus und Sehensw\u00fcrdigkeiten rund um unser Hotel entdecken. Tipps f\u00fcr Ihren Aufenthalt und die besten Aktivit\u00e4ten der Region.","og_url":"https:\/\/www.trimen.fr\/de\/tourismus\/","og_site_name":"Trimen (DE)","article_modified_time":"2026-03-06T14:23:57+00:00","og_image":[{"width":1280,"height":720,"url":"https:\/\/www.trimen.fr\/de\/wp-content\/uploads\/sites\/2\/2016\/09\/accueil_hotel.jpg","type":"image\/jpeg"}],"twitter_card":"summary_large_image","twitter_misc":{"Dur\u00e9e de lecture estim\u00e9e":"1 minute"},"schema":{"@context":"https:\/\/schema.org","@graph":[{"@type":"WebPage","@id":"https:\/\/www.trimen.fr\/de\/tourismus\/","url":"https:\/\/www.trimen.fr\/de\/tourismus\/","name":"Tourismus - Trimen (DE)","isPartOf":{"@id":"https:\/\/www.trimen.fr\/de\/#website"},"datePublished":"2016-11-17T12:25:08+00:00","dateModified":"2026-03-06T14:23:57+00:00","description":"Tourismus und Sehensw\u00fcrdigkeiten rund um unser Hotel entdecken. Tipps f\u00fcr Ihren Aufenthalt und die besten Aktivit\u00e4ten der Region.","breadcrumb":{"@id":"https:\/\/www.trimen.fr\/de\/tourismus\/#breadcrumb"},"inLanguage":"fr-FR","potentialAction":[{"@type":"ReadAction","target":["https:\/\/www.trimen.fr\/de\/tourismus\/"]}]},{"@type":"BreadcrumbList","@id":"https:\/\/www.trimen.fr\/de\/tourismus\/#breadcrumb","itemListElement":[{"@type":"ListItem","position":1,"name":"Accueil","item":"https:\/\/www.trimen.fr\/de\/"},{"@type":"ListItem","position":2,"name":"Tourismus"}]},{"@type":"WebSite","@id":"https:\/\/www.trimen.fr\/de\/#website","url":"https:\/\/www.trimen.fr\/de\/","name":"Trimen (DE)","description":"FOUR-STAR HOTEL AND RESTAURANT, ON THE WATERFRONT IN SAINTE-MARINE","potentialAction":[{"@type":"SearchAction","target":{"@type":"EntryPoint","urlTemplate":"https:\/\/www.trimen.fr\/de\/?s={search_term_string}"},"query-input":{"@type":"PropertyValueSpecification","valueRequired":true,"valueName":"search_term_string"}}],"inLanguage":"fr-FR"}]}},"_links":{"self":[{"href":"https:\/\/www.trimen.fr\/de\/wp-json\/wp\/v2\/pages\/1843","targetHints":{"allow":["GET"]}}],"collection":[{"href":"https:\/\/www.trimen.fr\/de\/wp-json\/wp\/v2\/pages"}],"about":[{"href":"https:\/\/www.trimen.fr\/de\/wp-json\/wp\/v2\/types\/page"}],"author":[{"embeddable":true,"href":"https:\/\/www.trimen.fr\/de\/wp-json\/wp\/v2\/users\/1"}],"replies":[{"embeddable":true,"href":"https:\/\/www.trimen.fr\/de\/wp-json\/wp\/v2\/comments?post=1843"}],"version-history":[{"count":5,"href":"https:\/\/www.trimen.fr\/de\/wp-json\/wp\/v2\/pages\/1843\/revisions"}],"predecessor-version":[{"id":3129,"href":"https:\/\/www.trimen.fr\/de\/wp-json\/wp\/v2\/pages\/1843\/revisions\/3129"}],"wp:attachment":[{"href":"https:\/\/www.trimen.fr\/de\/wp-json\/wp\/v2\/media?parent=1843"}],"curies":[{"name":"wp","href":"https:\/\/api.w.org\/{rel}","templated":true}]}}