{"id":1856,"date":"2016-11-17T13:58:04","date_gmt":"2016-11-17T12:58:04","guid":{"rendered":"https:\/\/www.trimen.fr\/de\/?page_id=1856"},"modified":"2026-01-14T15:54:37","modified_gmt":"2026-01-14T14:54:37","slug":"bar-de-villa","status":"publish","type":"page","link":"https:\/\/www.trimen.fr\/de\/bar-de-villa\/","title":{"rendered":"Le bar de la villa"},"content":{"rendered":"<div class=\"wpb-content-wrapper\"><p>[vc_row el_class=\u00a0\u00bbtexte-center\u00a0\u00bb][vc_column css_animation=\u00a0\u00bbfadeInDown\u00a0\u00bb css=\u00a0\u00bb.vc_custom_1766834448866{background-position: center !important;background-repeat: no-repeat !important;background-size: contain !important;}\u00a0\u00bb]<div    style=\"width:auto; height:500px; background-image:url(https:\/\/www.trimen.fr\/de\/wp-content\/uploads\/sites\/2\/2016\/11\/Bnd-TOP-Bar-de-la-villa_2019.jpg); background-position: center center;\" class=\"KVC_composant_imageROll\" >\t<div class=\"zoneTexte\"><span style=\"text-align:center; vertical-align:middle;\"><\/p>\n<h1>Die Bar der Villa<\/h1>\n<p><\/span><\/div><\/div>[\/vc_column][\/vc_row][vc_row css=\u00a0\u00bb.vc_custom_1478537286961{padding-top: 100px !important;padding-bottom: 100px !important;background-position: center !important;background-repeat: no-repeat !important;background-size: cover !important;}\u00a0\u00bb][vc_column css=\u00a0\u00bb.vc_custom_1473778097722{background-position: center !important;background-repeat: no-repeat !important;background-size: cover !important;}\u00a0\u00bb][vc_column_text css=\u00a0\u00bb\u00a0\u00bb el_class=\u00a0\u00bbwrap-resp-1000&Prime;]<\/p>\n<h2><span style=\"color: #a91e22\">Ein Moment der Ruhe am Fluss Odet\u00a0<\/span><\/h2>\n<p>&nbsp;<\/p>\n<p>&nbsp;<\/p>\n<h4 data-start=\"698\" data-end=\"1022\"><strong>Der Treffpunkt par excellence\u00a0<\/strong><\/h4>\n<p>&nbsp;<\/p>\n<p>Die Bar der Villa ist der perfekte Ort f\u00fcr eine kleine Auszeit \u2013 ein gem\u00fctlicher Moment zu zweit, eine genussvolle Pause beim Bummel durch die Stra\u00dfen von Sainte-Marine oder ein entspanntes Zusammensein mit Freunden.<\/p>\n<p>&nbsp;<\/p>\n<p>&nbsp;<\/p>\n<p>&nbsp;<\/p>\n<p>&nbsp;<\/p>\n<h4 data-start=\"374\" data-end=\"696\"><strong>Am Nachmittag steht alles im Zeichen der Tea Time (von 15\u202fbis\u202f18\u202fUhr)<\/strong><\/h4>\n<p>&nbsp;<\/p>\n<p>G\u00f6nnen Sie sich eine s\u00fc\u00dfe Pause mit Kaffee, Tee oder hei\u00dfer Schokolade, begleitet von feinen Leckereien.<\/p>\n<p>Machen Sie es sich am Kamin gem\u00fctlich und genie\u00dfen Sie die friedliche Aussicht auf den Odet und den Blick hin\u00fcber nach B\u00e9nodet.<\/p>\n<p>&nbsp;<\/p>\n<p>&nbsp;<\/p>\n<p>&nbsp;<\/p>\n<h4 data-start=\"698\" data-end=\"1022\"><strong>Der Abend naht \u2013 Zeit f\u00fcr den Aperitif<\/strong><\/h4>\n<p>&nbsp;<\/p>\n<p>Wenn die Sonne langsam untergeht, entdecken Sie unsere Auswahl an Champagner, Weinen,<br \/>\nSpirituosen oder unseren Signature-Cocktail \u00ab\u00a0Air Marin\u00a0\u00bb.<\/p>\n<p>Lassen Sie sich vom sanften Spiel der Boote verzaubern: auf unserer sonnigen Terrasse<br \/>\noder in der eleganten Atmosph\u00e4re der Bar \u2013 eine echte Auszeit!<\/p>\n<h3><\/h3>\n<h3><\/h3>\n<h3><\/h3>\n<p>&nbsp;<\/p>\n<p>&nbsp;<\/p>\n<h3><span style=\"color: #999999\">Eine genussvolle Tea Time oder ein stilvoller Aperitif am Fluss \u2013 wie klingt das f\u00fcr Sie?\u00a0<\/span><\/h3>\n<p>[\/vc_column_text][\/vc_column][\/vc_row][vc_row gap=\u00a0\u00bb2&Prime; css=\u00a0\u00bb.vc_custom_1479310536005{margin-bottom: 1px !important;background-position: center !important;background-repeat: no-repeat !important;background-size: cover !important;}\u00a0\u00bb el_class=\u00a0\u00bbwrap-resp\u00a0\u00bb][vc_column width=\u00a0\u00bb2\/3&Prime; css=\u00a0\u00bb.vc_custom_1473778097722{background-position: center !important;background-repeat: no-repeat !important;background-size: cover !important;}\u00a0\u00bb][vc_row_inner gap=\u00a0\u00bb1&Prime; css=\u00a0\u00bb.vc_custom_1479306643491{margin-bottom: 1px !important;}\u00a0\u00bb][vc_column_inner width=\u00a0\u00bb1\/2&Prime; css=\u00a0\u00bb.vc_custom_1479309701880{padding-right: 1px !important;}\u00a0\u00bb]<div    style=\"width:auto; height:150px; background-image:url(https:\/\/www.trimen.fr\/de\/wp-content\/uploads\/sites\/2\/2016\/11\/Restaurant-Bar-06_2019.jpg); background-position: bottom center;\" class=\"KVC_composant_imageROll\" >\t<div class=\"zoneTexte\"><span style=\"text-align:center; vertical-align:middle;\"><\/span><\/div><\/div>[\/vc_column_inner][vc_column_inner width=\u00a0\u00bb1\/2&Prime;]<div    style=\"width:auto; height:150px; background-image:url(https:\/\/www.trimen.fr\/de\/wp-content\/uploads\/sites\/2\/2016\/11\/Restaurant-Bar-07_2019.jpg); background-position: center center;\" class=\"KVC_composant_imageROll\" >\t<div class=\"zoneTexte\"><span style=\"text-align:center; vertical-align:middle;\"><\/span><\/div><\/div>[\/vc_column_inner][\/vc_row_inner][vc_row_inner gap=\u00a0\u00bb1&Prime;][vc_column_inner]<div    style=\"width:auto; height:250px; background-image:url(https:\/\/www.trimen.fr\/de\/wp-content\/uploads\/sites\/2\/2016\/11\/Restaurant-Bar-04_2019_4.jpg); background-position: top center;\" class=\"KVC_composant_imageROll\" >\t<div class=\"zoneTexte\"><span style=\"text-align:center; vertical-align:middle;\"><\/span><\/div><\/div>[\/vc_column_inner][\/vc_row_inner][\/vc_column][vc_column width=\u00a0\u00bb1\/3&Prime; css=\u00a0\u00bb.vc_custom_1478539286958{padding-top: 1px !important;}\u00a0\u00bb]<div    style=\"width:auto; height:402px; background-image:url(https:\/\/www.trimen.fr\/de\/wp-content\/uploads\/sites\/2\/2016\/11\/Villa-Trimen-13_2019_2.jpg); background-position: center center;\" class=\"KVC_composant_imageROll\" >\t<div class=\"zoneTexte\"><span style=\"text-align:center; vertical-align:middle;\"><\/span><\/div><\/div>[\/vc_column][\/vc_row][vc_row el_class=\u00a0\u00bbwrap-resp\u00a0\u00bb][vc_column][vc_row_inner css=\u00a0\u00bb.vc_custom_1480092430875{padding-top: 80px !important;padding-bottom: 80px !important;background-color: #eaeaea !important;}\u00a0\u00bb][vc_column_inner][vc_column_text css=\u00a0\u00bb\u00a0\u00bb el_class=\u00a0\u00bbwrap-resp-1000&Prime;]<\/p>\n<h4><span style=\"color: #a91e22\">GE\u00d6FFNET VON 7 UHR BIS 23 UHR<\/span><\/h4>\n<p>&nbsp;<\/p>\n<p><span style=\"color: #808080\">Um allen G\u00e4sten ein angenehmes Erlebnis zu garantieren, sind unsere Innenr\u00e4ume w\u00e4hrend der Aperitifzeiten oder an regnerischen Tagen vorrangig den G\u00e4sten des Hotels und des Restaurants vorbehalten.\u00a0<\/span><\/p>\n<p>&nbsp;<\/p>\n<p><span style=\"color: #808080\">F\u00fcr die Bar nehmen wir keine Reservierungen entgegen \u2013 z\u00f6gern Sie jedoch nicht, uns unter 02\u202f98\u202f51\u202f94\u202f94 zu kontaktieren.<br \/>\n<\/span>[\/vc_column_text][\/vc_column_inner][\/vc_row_inner][\/vc_column][\/vc_row][vc_row css=\u00a0\u00bb.vc_custom_1478535793511{padding-top: 80px !important;padding-bottom: 80px !important;background-position: center !important;background-repeat: no-repeat !important;background-size: cover !important;}\u00a0\u00bb el_class=\u00a0\u00bbwrap-resp\u00a0\u00bb][vc_column css=\u00a0\u00bb.vc_custom_1473778097722{background-position: center !important;background-repeat: no-repeat !important;background-size: cover !important;}\u00a0\u00bb][vc_column_text]<\/p>\n<h2><span style=\"color: #a91e22\">KONTAKTIEREN SIE UNS<\/span><\/h2>\n<p>&nbsp;<\/p>\n<p>Bei Fragen oder f\u00fcr weitere Informationen kontaktieren Sie uns telefonisch: +33 (0)2 98 51 94 94 oder per E-Mail: <a href=\"mailto:contact@trimen.fr\">contact@trimen.fr<\/a>[\/vc_column_text][\/vc_column][\/vc_row][vc_row equal_height=\u00a0\u00bbyes\u00a0\u00bb css=\u00a0\u00bb.vc_custom_1479826596591{border-top-width: 5px !important;border-right-width: 5px !important;border-bottom-width: 5px !important;border-left-width: 5px !important;border-left-color: #ffffff !important;border-left-style: solid !important;border-right-color: #ffffff !important;border-right-style: solid !important;border-top-color: #ffffff !important;border-top-style: solid !important;border-bottom-color: #ffffff !important;border-bottom-style: solid !important;}\u00a0\u00bb][vc_column width=\u00a0\u00bb1\/3&Prime; css=\u00a0\u00bb.vc_custom_1473843487455{background-color: #ffffff !important;}\u00a0\u00bb]<a  href=\"https:\/\/www.hoteldubac.fr\/en\/the-bistrot-du-bac\/\"   title=\"\"   target=\"\"  style=\"width:auto; height:200px; background-image:url(https:\/\/www.trimen.fr\/de\/wp-content\/uploads\/sites\/2\/2025\/12\/hotel-restaurant-bistrot-du-bac-vue-mer-benodet-sainte-marine-scaled.jpg); background-position: center center;\" class=\"KVC_composant_imageROll\" >\t<div class=\"imageRoll\" style=\" background-position: center center; background-color:rgba(0,0,0,0.4);\"><\/div>\t<div class=\"zoneTexte\"><span style=\"text-align:center; vertical-align:middle;\"><img decoding=\"async\" class=\"alignnone size-medium wp-image-1756\" src=\"https:\/\/www.trimen.fr\/de\/wp-content\/uploads\/sites\/2\/2016\/09\/bouton_plus.svg\" alt=\"bouton_plus\" \/><\/span><\/div><\/a>[vc_column_text css=\u00a0\u00bb.vc_custom_1767093774272{padding-top: 80px !important;padding-bottom: 80px !important;}\u00a0\u00bb]<\/p>\n<h3><a href=\"https:\/\/www.hoteldubac.fr\/en\/the-bistrot-du-bac\/\"><span style=\"color: #5a5d5e\">LE BISTROT DU BAC<\/span><\/a><\/h3>\n<p>[\/vc_column_text][\/vc_column][vc_column width=\u00a0\u00bb1\/3&Prime; css=\u00a0\u00bb.vc_custom_1473843477391{background-color: #dce0e0 !important;}\u00a0\u00bb]<a  href=\"https:\/\/www.trimen.fr\/de\/die-geschenkgutscheine\/\"   title=\"\"   target=\"\"  style=\"width:auto; height:200px; background-image:url(https:\/\/www.trimen.fr\/de\/wp-content\/uploads\/sites\/2\/2016\/11\/Bons-Cadeaux-02_2019.jpg); background-position: center center;\" class=\"KVC_composant_imageROll\" >\t<div class=\"imageRoll\" style=\" background-position: center center; background-color:rgba(0,0,0,0.4);\"><\/div>\t<div class=\"zoneTexte\"><span style=\"text-align:center; vertical-align:middle;\"><img decoding=\"async\" class=\"alignnone size-medium wp-image-1756\" src=\"https:\/\/www.trimen.fr\/de\/wp-content\/uploads\/sites\/2\/2016\/09\/bouton_plus.svg\" alt=\"bouton_plus\" \/><\/span><\/div><\/a>[vc_column_text css=\u00a0\u00bb.vc_custom_1767093872298{padding-top: 80px !important;padding-bottom: 80px !important;}\u00a0\u00bb]<\/p>\n<h3><a href=\"https:\/\/www.trimen.fr\/de\/die-geschenkgutscheine\/\"><span style=\"color: #5a5d5e\">GESCHENKGUTSCHEINE\u00a0<\/span><\/a><\/h3>\n<p>[\/vc_column_text][\/vc_column][vc_column width=\u00a0\u00bb1\/3&Prime; css=\u00a0\u00bb.vc_custom_1473843512463{background-color: #b1b7b8 !important;}\u00a0\u00bb]<a  href=\"https:\/\/www.trimen.fr\/de\/le-restaurant\/\"   title=\"\"   target=\"\"  style=\"width:auto; height:200px; background-image:url(https:\/\/www.trimen.fr\/de\/wp-content\/uploads\/sites\/2\/2016\/11\/Restaurant-03_2019.jpg); background-position: center center;\" class=\"KVC_composant_imageROll\" >\t<div class=\"imageRoll\" style=\" background-position: center center; background-color:rgba(0,0,0,0.4);\"><\/div>\t<div class=\"zoneTexte\"><span style=\"text-align:center; vertical-align:middle;\"><img decoding=\"async\" class=\"alignnone size-medium wp-image-1756\" src=\"https:\/\/www.trimen.fr\/de\/wp-content\/uploads\/sites\/2\/2016\/09\/bouton_plus.svg\" alt=\"bouton_plus\" \/><\/span><\/div><\/a>[vc_column_text css=\u00a0\u00bb.vc_custom_1767093893996{padding-top: 80px !important;padding-bottom: 80px !important;}\u00a0\u00bb]<\/p>\n<h3><a href=\"https:\/\/www.trimen.fr\/de\/le-restaurant\/\"><span style=\"color: #5a5d5e\">LES TROIS ROCHERS <\/span><\/a><\/h3>\n<p>[\/vc_column_text][\/vc_column][\/vc_row]<\/p>\n<\/div>","protected":false},"excerpt":{"rendered":"<p>[vc_row el_class=\u00a0\u00bbtexte-center\u00a0\u00bb][vc_column css_animation=\u00a0\u00bbfadeInDown\u00a0\u00bb css=\u00a0\u00bb.vc_custom_1766834448866{background-position: center !important;background-repeat: no-repeat !important;background-size: contain !important;}\u00a0\u00bb][\/vc_column][\/vc_row][vc_row css=\u00a0\u00bb.vc_custom_1478537286961{padding-top: 100px !important;padding-bottom: 100px !important;background-position: center !important;background-repeat: no-repeat !important;background-size: cover !important;}\u00a0\u00bb][vc_column css=\u00a0\u00bb.vc_custom_1473778097722{background-position: center !important;background-repeat: no-repeat !important;background-size: cover !important;}\u00a0\u00bb][vc_column_text css=\u00a0\u00bb\u00a0\u00bb el_class=\u00a0\u00bbwrap-resp-1000&Prime;] Ein Moment der Ruhe am Fluss Odet\u00a0 &nbsp; &nbsp; Der Treffpunkt par excellence\u00a0 &nbsp; Die Bar der Villa ist der perfekte Ort f\u00fcr eine kleine [&hellip;]<\/p>\n","protected":false},"author":1,"featured_media":0,"parent":0,"menu_order":0,"comment_status":"closed","ping_status":"closed","template":"template-page.php","meta":{"_acf_changed":false,"inline_featured_image":false,"footnotes":""},"class_list":["post-1856","page","type-page","status-publish","hentry"],"acf":[],"yoast_head":"<!-- This site is optimized with the Yoast SEO plugin v27.5 - https:\/\/yoast.com\/product\/yoast-seo-wordpress\/ -->\n<title>Le bar de la villa - Trimen (DE)<\/title>\n<meta name=\"description\" content=\"Rendez-vous incontournable des r\u00e9sidents de l\u2019h\u00f4tel, et aussi des habitants de la r\u00e9gion, le Bar de la Villa est le lieu id\u00e9al...\" \/>\n<meta name=\"robots\" content=\"index, follow, max-snippet:-1, max-image-preview:large, max-video-preview:-1\" \/>\n<link rel=\"canonical\" href=\"https:\/\/www.trimen.fr\/de\/bar-de-villa\/\" \/>\n<meta property=\"og:locale\" content=\"fr_FR\" \/>\n<meta property=\"og:type\" content=\"article\" \/>\n<meta property=\"og:title\" content=\"Le bar de la villa - Trimen (DE)\" \/>\n<meta property=\"og:description\" content=\"Rendez-vous incontournable des r\u00e9sidents de l\u2019h\u00f4tel, et aussi des habitants de la r\u00e9gion, le Bar de la Villa est le lieu id\u00e9al...\" \/>\n<meta property=\"og:url\" content=\"https:\/\/www.trimen.fr\/de\/bar-de-villa\/\" \/>\n<meta property=\"og:site_name\" content=\"Trimen (DE)\" \/>\n<meta property=\"article:modified_time\" content=\"2026-01-14T14:54:37+00:00\" \/>\n<meta property=\"og:image\" content=\"https:\/\/www.trimen.fr\/de\/wp-content\/uploads\/sites\/2\/2016\/09\/accueil_hotel.jpg\" \/>\n\t<meta property=\"og:image:width\" content=\"1280\" \/>\n\t<meta property=\"og:image:height\" content=\"720\" \/>\n\t<meta property=\"og:image:type\" content=\"image\/jpeg\" \/>\n<meta name=\"twitter:card\" content=\"summary_large_image\" \/>\n<meta name=\"twitter:label1\" content=\"Dur\u00e9e de lecture estim\u00e9e\" \/>\n\t<meta name=\"twitter:data1\" content=\"5 minutes\" \/>\n<script type=\"application\/ld+json\" class=\"yoast-schema-graph\">{\"@context\":\"https:\\\/\\\/schema.org\",\"@graph\":[{\"@type\":\"WebPage\",\"@id\":\"https:\\\/\\\/www.trimen.fr\\\/de\\\/bar-de-villa\\\/\",\"url\":\"https:\\\/\\\/www.trimen.fr\\\/de\\\/bar-de-villa\\\/\",\"name\":\"Le bar de la villa - Trimen (DE)\",\"isPartOf\":{\"@id\":\"https:\\\/\\\/www.trimen.fr\\\/de\\\/#website\"},\"primaryImageOfPage\":{\"@id\":\"https:\\\/\\\/www.trimen.fr\\\/de\\\/bar-de-villa\\\/#primaryimage\"},\"image\":{\"@id\":\"https:\\\/\\\/www.trimen.fr\\\/de\\\/bar-de-villa\\\/#primaryimage\"},\"thumbnailUrl\":\"https:\\\/\\\/www.trimen.fr\\\/de\\\/wp-content\\\/uploads\\\/sites\\\/2\\\/2016\\\/09\\\/bouton_plus.svg\",\"datePublished\":\"2016-11-17T12:58:04+00:00\",\"dateModified\":\"2026-01-14T14:54:37+00:00\",\"description\":\"Rendez-vous incontournable des r\u00e9sidents de l\u2019h\u00f4tel, et aussi des habitants de la r\u00e9gion, le Bar de la Villa est le lieu id\u00e9al...\",\"breadcrumb\":{\"@id\":\"https:\\\/\\\/www.trimen.fr\\\/de\\\/bar-de-villa\\\/#breadcrumb\"},\"inLanguage\":\"fr-FR\",\"potentialAction\":[{\"@type\":\"ReadAction\",\"target\":[\"https:\\\/\\\/www.trimen.fr\\\/de\\\/bar-de-villa\\\/\"]}]},{\"@type\":\"ImageObject\",\"inLanguage\":\"fr-FR\",\"@id\":\"https:\\\/\\\/www.trimen.fr\\\/de\\\/bar-de-villa\\\/#primaryimage\",\"url\":\"https:\\\/\\\/www.trimen.fr\\\/de\\\/wp-content\\\/uploads\\\/sites\\\/2\\\/2016\\\/09\\\/bouton_plus.svg\",\"contentUrl\":\"https:\\\/\\\/www.trimen.fr\\\/de\\\/wp-content\\\/uploads\\\/sites\\\/2\\\/2016\\\/09\\\/bouton_plus.svg\"},{\"@type\":\"BreadcrumbList\",\"@id\":\"https:\\\/\\\/www.trimen.fr\\\/de\\\/bar-de-villa\\\/#breadcrumb\",\"itemListElement\":[{\"@type\":\"ListItem\",\"position\":1,\"name\":\"Accueil\",\"item\":\"https:\\\/\\\/www.trimen.fr\\\/de\\\/\"},{\"@type\":\"ListItem\",\"position\":2,\"name\":\"Le bar de la villa\"}]},{\"@type\":\"WebSite\",\"@id\":\"https:\\\/\\\/www.trimen.fr\\\/de\\\/#website\",\"url\":\"https:\\\/\\\/www.trimen.fr\\\/de\\\/\",\"name\":\"Trimen (DE)\",\"description\":\"FOUR-STAR HOTEL AND RESTAURANT, ON THE WATERFRONT IN SAINTE-MARINE\",\"potentialAction\":[{\"@type\":\"SearchAction\",\"target\":{\"@type\":\"EntryPoint\",\"urlTemplate\":\"https:\\\/\\\/www.trimen.fr\\\/de\\\/?s={search_term_string}\"},\"query-input\":{\"@type\":\"PropertyValueSpecification\",\"valueRequired\":true,\"valueName\":\"search_term_string\"}}],\"inLanguage\":\"fr-FR\"}]}<\/script>\n<!-- \/ Yoast SEO plugin. -->","yoast_head_json":{"title":"Le bar de la villa - Trimen (DE)","description":"Rendez-vous incontournable des r\u00e9sidents de l\u2019h\u00f4tel, et aussi des habitants de la r\u00e9gion, le Bar de la Villa est le lieu id\u00e9al...","robots":{"index":"index","follow":"follow","max-snippet":"max-snippet:-1","max-image-preview":"max-image-preview:large","max-video-preview":"max-video-preview:-1"},"canonical":"https:\/\/www.trimen.fr\/de\/bar-de-villa\/","og_locale":"fr_FR","og_type":"article","og_title":"Le bar de la villa - Trimen (DE)","og_description":"Rendez-vous incontournable des r\u00e9sidents de l\u2019h\u00f4tel, et aussi des habitants de la r\u00e9gion, le Bar de la Villa est le lieu id\u00e9al...","og_url":"https:\/\/www.trimen.fr\/de\/bar-de-villa\/","og_site_name":"Trimen (DE)","article_modified_time":"2026-01-14T14:54:37+00:00","og_image":[{"width":1280,"height":720,"url":"https:\/\/www.trimen.fr\/de\/wp-content\/uploads\/sites\/2\/2016\/09\/accueil_hotel.jpg","type":"image\/jpeg"}],"twitter_card":"summary_large_image","twitter_misc":{"Dur\u00e9e de lecture estim\u00e9e":"5 minutes"},"schema":{"@context":"https:\/\/schema.org","@graph":[{"@type":"WebPage","@id":"https:\/\/www.trimen.fr\/de\/bar-de-villa\/","url":"https:\/\/www.trimen.fr\/de\/bar-de-villa\/","name":"Le bar de la villa - Trimen (DE)","isPartOf":{"@id":"https:\/\/www.trimen.fr\/de\/#website"},"primaryImageOfPage":{"@id":"https:\/\/www.trimen.fr\/de\/bar-de-villa\/#primaryimage"},"image":{"@id":"https:\/\/www.trimen.fr\/de\/bar-de-villa\/#primaryimage"},"thumbnailUrl":"https:\/\/www.trimen.fr\/de\/wp-content\/uploads\/sites\/2\/2016\/09\/bouton_plus.svg","datePublished":"2016-11-17T12:58:04+00:00","dateModified":"2026-01-14T14:54:37+00:00","description":"Rendez-vous incontournable des r\u00e9sidents de l\u2019h\u00f4tel, et aussi des habitants de la r\u00e9gion, le Bar de la Villa est le lieu id\u00e9al...","breadcrumb":{"@id":"https:\/\/www.trimen.fr\/de\/bar-de-villa\/#breadcrumb"},"inLanguage":"fr-FR","potentialAction":[{"@type":"ReadAction","target":["https:\/\/www.trimen.fr\/de\/bar-de-villa\/"]}]},{"@type":"ImageObject","inLanguage":"fr-FR","@id":"https:\/\/www.trimen.fr\/de\/bar-de-villa\/#primaryimage","url":"https:\/\/www.trimen.fr\/de\/wp-content\/uploads\/sites\/2\/2016\/09\/bouton_plus.svg","contentUrl":"https:\/\/www.trimen.fr\/de\/wp-content\/uploads\/sites\/2\/2016\/09\/bouton_plus.svg"},{"@type":"BreadcrumbList","@id":"https:\/\/www.trimen.fr\/de\/bar-de-villa\/#breadcrumb","itemListElement":[{"@type":"ListItem","position":1,"name":"Accueil","item":"https:\/\/www.trimen.fr\/de\/"},{"@type":"ListItem","position":2,"name":"Le bar de la villa"}]},{"@type":"WebSite","@id":"https:\/\/www.trimen.fr\/de\/#website","url":"https:\/\/www.trimen.fr\/de\/","name":"Trimen (DE)","description":"FOUR-STAR HOTEL AND RESTAURANT, ON THE WATERFRONT IN SAINTE-MARINE","potentialAction":[{"@type":"SearchAction","target":{"@type":"EntryPoint","urlTemplate":"https:\/\/www.trimen.fr\/de\/?s={search_term_string}"},"query-input":{"@type":"PropertyValueSpecification","valueRequired":true,"valueName":"search_term_string"}}],"inLanguage":"fr-FR"}]}},"_links":{"self":[{"href":"https:\/\/www.trimen.fr\/de\/wp-json\/wp\/v2\/pages\/1856","targetHints":{"allow":["GET"]}}],"collection":[{"href":"https:\/\/www.trimen.fr\/de\/wp-json\/wp\/v2\/pages"}],"about":[{"href":"https:\/\/www.trimen.fr\/de\/wp-json\/wp\/v2\/types\/page"}],"author":[{"embeddable":true,"href":"https:\/\/www.trimen.fr\/de\/wp-json\/wp\/v2\/users\/1"}],"replies":[{"embeddable":true,"href":"https:\/\/www.trimen.fr\/de\/wp-json\/wp\/v2\/comments?post=1856"}],"version-history":[{"count":25,"href":"https:\/\/www.trimen.fr\/de\/wp-json\/wp\/v2\/pages\/1856\/revisions"}],"predecessor-version":[{"id":3224,"href":"https:\/\/www.trimen.fr\/de\/wp-json\/wp\/v2\/pages\/1856\/revisions\/3224"}],"wp:attachment":[{"href":"https:\/\/www.trimen.fr\/de\/wp-json\/wp\/v2\/media?parent=1856"}],"curies":[{"name":"wp","href":"https:\/\/api.w.org\/{rel}","templated":true}]}}