{"id":1900,"date":"2016-11-18T13:13:19","date_gmt":"2016-11-18T12:13:19","guid":{"rendered":"https:\/\/www.trimen.fr\/de\/?page_id=1900"},"modified":"2026-01-15T16:05:53","modified_gmt":"2026-01-15T15:05:53","slug":"le-bistrot-du-bac","status":"publish","type":"page","link":"https:\/\/www.trimen.fr\/de\/le-bistrot-du-bac\/","title":{"rendered":"Le Bistrot du Bac"},"content":{"rendered":"<div class=\"wpb-content-wrapper\"><p>[vc_row el_class=\u00a0\u00bbtexte-center\u00a0\u00bb][vc_column css_animation=\u00a0\u00bbfadeInDown\u00a0\u00bb css=\u00a0\u00bb.vc_custom_1766834464719{background-position: center !important;background-repeat: no-repeat !important;background-size: contain !important;}\u00a0\u00bb]<div    style=\"width:auto; height:500px; background-image:url(https:\/\/www.trimen.fr\/de\/wp-content\/uploads\/sites\/2\/2023\/12\/Terrasse-Hotel-du-bac-23-02.jpg); background-position: bottom center;\" class=\"KVC_composant_imageROll\" >\t<div class=\"zoneTexte\"><span style=\"text-align:center; vertical-align:middle;\"><\/p>\n<h1>LE BISTROT DU BAC<\/h1>\n<p><\/span><\/div><\/div>[\/vc_column][\/vc_row][vc_row gap=\u00a0\u00bb5&Prime; el_class=\u00a0\u00bbwrap-resp texte-blanc\u00a0\u00bb css=\u00a0\u00bb.vc_custom_1480673558110{margin-top: 2px !important;}\u00a0\u00bb][vc_column width=\u00a0\u00bb1\/4&Prime; offset=\u00a0\u00bbvc_hidden-xs\u00a0\u00bb]<div    style=\"width:auto; height:150px; background-image:url(https:\/\/www.trimen.fr\/de\/wp-content\/uploads\/sites\/2\/2016\/11\/Bistrot-07_2019.jpg); background-position: center center;\" class=\"KVC_composant_imageROll\" >\t<div class=\"zoneTexte\"><span style=\"text-align:center; vertical-align:middle;\"><\/span><\/div><\/div>[\/vc_column][vc_column width=\u00a0\u00bb1\/4&Prime; offset=\u00a0\u00bbvc_hidden-xs\u00a0\u00bb]<div    style=\"width:auto; height:150px; background-image:url(https:\/\/www.trimen.fr\/de\/wp-content\/uploads\/sites\/2\/2016\/11\/Bistrot-06_2019.jpg); background-position: center center;\" class=\"KVC_composant_imageROll\" >\t<div class=\"zoneTexte\"><span style=\"text-align:center; vertical-align:middle;\"><\/span><\/div><\/div>[\/vc_column][vc_column width=\u00a0\u00bb1\/4&Prime; offset=\u00a0\u00bbvc_hidden-xs\u00a0\u00bb]<div    style=\"width:auto; height:150px; background-image:url(https:\/\/www.trimen.fr\/de\/wp-content\/uploads\/sites\/2\/2016\/11\/Bistrot-04_2019.jpg); background-position: center center;\" class=\"KVC_composant_imageROll\" >\t<div class=\"zoneTexte\"><span style=\"text-align:center; vertical-align:middle;\"><\/span><\/div><\/div>[\/vc_column][vc_column width=\u00a0\u00bb1\/4&Prime; offset=\u00a0\u00bbvc_hidden-xs\u00a0\u00bb]<div    style=\"width:auto; height:150px; background-image:url(https:\/\/www.trimen.fr\/de\/wp-content\/uploads\/sites\/2\/2016\/11\/Bistrot-09_2019.jpg); background-position: center center;\" class=\"KVC_composant_imageROll\" >\t<div class=\"zoneTexte\"><span style=\"text-align:center; vertical-align:middle;\"><\/span><\/div><\/div>[\/vc_column][\/vc_row][vc_row css=\u00a0\u00bb.vc_custom_1479313590663{padding-top: 50px !important;padding-bottom: 50px !important;background-position: center !important;background-repeat: no-repeat !important;background-size: cover !important;}\u00a0\u00bb el_class=\u00a0\u00bbwrap-resp\u00a0\u00bb][vc_column css=\u00a0\u00bb.vc_custom_1473778097722{background-position: center !important;background-repeat: no-repeat !important;background-size: cover !important;}\u00a0\u00bb][vc_single_image image=\u00a0\u00bb2506&Prime; img_size=\u00a0\u00bb150&#215;150&Prime; alignment=\u00a0\u00bbcenter\u00a0\u00bb css=\u00a0\u00bb.vc_custom_1482331541158{margin-bottom: 40px !important;}\u00a0\u00bb][vc_column_text css=\u00a0\u00bb\u00a0\u00bb el_class=\u00a0\u00bbwrap-resp-1000&Prime;]<\/p>\n<h2><span style=\"color: #a91e22\">Unser Restaurant am Hafen von Sainte-Marine<\/span><\/h2>\n<p>&nbsp;<\/p>\n<h3><span style=\"color: #999999\">Eine einfache und gro\u00dfz\u00fcgige regionale K\u00fcche<\/span><\/h3>\n<p>&nbsp;<\/p>\n<p>Das \u201eBistro du Bac\u201c bietet einen Panoramablick auf den Hafen von Sainte-Marine. Es ist ganzj\u00e4hrig mittags und abends ge\u00f6ffnet und serviert eine einfache und gro\u00dfz\u00fcgige regionale K\u00fcche. Ein magisches Ambiente in Blau und Wei\u00df und eine Terrasse mit Blick auf den Hafen!<\/p>\n<p>&nbsp;<\/p>\n<p><strong>Der Michelin-F\u00fchrer 2016<\/strong><\/p>\n<p>hat unserem K\u00fcchenchef Thibault Rosset f\u00fcr die \u201c<em>Qualit\u00e4t der Produkte und die Fertigkeit des K\u00fcchenchefs<\/em>\u201d einen Michelin-Teller vergeben.[\/vc_column_text][\/vc_column][\/vc_row][vc_row css=\u00a0\u00bb.vc_custom_1480082719441{padding-top: 150px !important;background-image: url(https:\/\/www.trimen.fr\/de\/wp-content\/uploads\/sites\/2\/2016\/11\/bistrot-bg.jpg?id=1977) !important;background-position: center !important;background-repeat: no-repeat !important;background-size: cover !important;}\u00a0\u00bb][vc_column][vc_row_inner equal_height=\u00a0\u00bbyes\u00a0\u00bb el_class=\u00a0\u00bbwrap-resp\u00a0\u00bb][vc_column_inner width=\u00a0\u00bb1\/2&Prime; css=\u00a0\u00bb.vc_custom_1481028858830{padding-top: 50px !important;padding-right: 8% !important;padding-bottom: 50px !important;padding-left: 8% !important;background-color: #ffffff !important;}\u00a0\u00bb][vc_column_text el_class=\u00a0\u00bbwrap-resp\u00a0\u00bb]<\/p>\n<h2><span style=\"color: #a91e22\">FISCHE UND MEERESFR\u00dcCHTE &#8211; WAS SONST!<\/span><\/h2>\n<p>&nbsp;<\/p>\n<p style=\"text-align: justify\">Hier stehen die Langustinen von Guilvinec, Krabbe-Mayonaise, Jakobsmuscheln und alle Meeresfische im Mittelpunkt.<\/p>\n<p>&nbsp;<\/p>\n<p style=\"text-align: justify\">Die Produkte, die bei uns in den Teller kommen, werden mehrheitlich vor Ort gefischt und gro\u00dfz\u00fcgig, genussvoll und einfach pr\u00e4sentiert.<\/p>\n<p>&nbsp;<\/p>\n<p style=\"text-align: justify\">Unsere Karte \u00e4ndert sich je nach Jahreszeit und enth\u00e4lt ebenfalls Fleisch- und Tagesspeisen.<\/p>\n<p>[\/vc_column_text][\/vc_column_inner][vc_column_inner width=\u00a0\u00bb1\/2&Prime; css=\u00a0\u00bb.vc_custom_1481103637169{padding-top: 50px !important;padding-right: 20px !important;padding-bottom: 50px !important;padding-left: 20px !important;background-color: #b1b6b9 !important;}\u00a0\u00bb][vc_column_text css=\u00a0\u00bb.vc_custom_1486041420344{margin-top: 20px !important;margin-bottom: 20px !important;}\u00a0\u00bb el_class=\u00a0\u00bbtexte-blanc\u00a0\u00bb]<\/p>\n<h2>UNSERE KARTE<\/h2>\n<p>[\/vc_column_text][vc_column_text css=\u00a0\u00bb.vc_custom_1768489438524{padding-bottom: 20px !important;}\u00a0\u00bb el_class=\u00a0\u00bbtexte-blanc\u00a0\u00bb]<\/p>\n<h3><span style=\"color: #99999\">Unsere Karte \u00e4ndert sich je nach Jahreszeit<\/span><\/h3>\n<h3><span style=\"color: #99999\">und bietet ebenfalls Fleisch- und Tagesspeisen.<\/span><\/h3>\n<p>&nbsp;<\/p>\n<p>&nbsp;<\/p>\n<p style=\"text-align: center\"><span style=\"font-size: 18px\"><a href=\"https:\/\/www.trimen.fr\/wp-content\/uploads\/2025\/09\/Carte-Bistrot-du-Bac-2025-14092025.pdf\"><strong>Die Speisekarte entdecken<\/strong><\/a><\/span><\/p>\n<p>[\/vc_column_text][\/vc_column_inner][\/vc_row_inner][\/vc_column][\/vc_row][vc_row el_class=\u00a0\u00bbwrap-resp\u00a0\u00bb css=\u00a0\u00bb.vc_custom_1479315816333{margin-bottom: 100px !important;}\u00a0\u00bb][vc_column]\t<style scoped=\"scoped\">\r\n\t\t.ksc_vc_imgtxt2col {}\r\n\t\t.ksc_vc_imgtxt2col .TD_ {padding:50px 50px;}\r\n\t\t@media only screen and (max-width:1023px) {\r\n\t\t\t.ksc_vc_imgtxt2col .TABLE_ {display:block;}\r\n\t\t\t.ksc_vc_imgtxt2col .TABLE_ .TD_{display:block; width:100%;padding:50px 20px; }\r\n\t\t\t.ksc_vc_imgtxt2col .TABLE_.imgonleft .TD_.onleft, \r\n\t\t\t.ksc_vc_imgtxt2col .TABLE_.imgonright .TD_.onright {height:300px}\r\n\t\t\t\r\n\t\t}\r\n\t<\/style>\r\n\t<div class=\"ksc_vc_imgtxt2col\" id=\"ksc_69f272f566cfa\">\r\n\t\t<div style=\"min-height:300px; background-color:#ffffff\" class=\"TABLE_ imgonleft\">\r\n\t\t\t<div class=\"TD_ C50_ onleft \" style=\" background:url('https:\/\/www.trimen.fr\/de\/wp-content\/uploads\/sites\/2\/2016\/11\/Bistrot-08_2019.jpg') no-repeat center center; background-size:cover;\"><\/div>\r\n\t\t\t<div class=\"TD_ C50_ onright \" style=\" \"><h2><span style=\"color: #a91e22\">PRAKTISCHE INFORMATIONEN<\/span><\/h2>\n<p>&nbsp;<\/p>\n<h3><span style=\"color: #999999\">Ganzj\u00e4hrig ge\u00f6ffnet, mittags und abends, 7\/7<\/span><\/h3>\n<p>&nbsp;<\/p>\n<p>&nbsp;<\/p>\n<p>&nbsp;<\/p>\n<p><span style=\"color: #a91e22\"><strong>RESERVIERUNG: +33 (0)2 98 56 34 79<\/strong><\/span><\/p>\n<\/div>\r\n\t\t<\/div>\r\n\t<\/div>\r\n[\/vc_column][\/vc_row][vc_row equal_height=\u00a0\u00bbyes\u00a0\u00bb css=\u00a0\u00bb.vc_custom_1479826596591{border-top-width: 5px !important;border-right-width: 5px !important;border-bottom-width: 5px !important;border-left-width: 5px !important;border-left-color: #ffffff !important;border-left-style: solid !important;border-right-color: #ffffff !important;border-right-style: solid !important;border-top-color: #ffffff !important;border-top-style: solid !important;border-bottom-color: #ffffff !important;border-bottom-style: solid !important;}\u00a0\u00bb][vc_column width=\u00a0\u00bb1\/3&Prime; css=\u00a0\u00bb.vc_custom_1473843487455{background-color: #ffffff !important;}\u00a0\u00bb]<a  href=\"https:\/\/www.trimen.fr\/de\/our-suppliers-are-in-the-spotlight\/\"   title=\"\"   target=\"\"  style=\"width:auto; height:200px; background-image:url(https:\/\/www.trimen.fr\/de\/wp-content\/uploads\/sites\/2\/2024\/10\/MG_5333-2048-optimisee.jpg); background-position: center center;\" class=\"KVC_composant_imageROll\" >\t<div class=\"imageRoll\" style=\" background-position: center center; background-color:rgba(0,0,0,0.4);\"><\/div>\t<div class=\"zoneTexte\"><span style=\"text-align:center; vertical-align:middle;\"><img decoding=\"async\" class=\"alignnone size-medium wp-image-1756\" src=\"https:\/\/www.trimen.fr\/de\/wp-content\/uploads\/sites\/2\/2016\/09\/bouton_plus.svg\" alt=\"bouton_plus\" \/><\/span><\/div><\/a>[vc_column_text css=\u00a0\u00bb.vc_custom_1768489550389{padding-top: 80px !important;padding-bottom: 80px !important;}\u00a0\u00bb]<\/p>\n<h3><a href=\"https:\/\/www.trimen.fr\/de\/unsere-lokalen-produzenten\/\"><span style=\"color: #5a5d5e\">UNSERE LOKALEN PRODUZENTEN<\/span><\/a><\/h3>\n<p>[\/vc_column_text][\/vc_column][vc_column width=\u00a0\u00bb1\/3&Prime; css=\u00a0\u00bb.vc_custom_1473843477391{background-color: #dce0e0 !important;}\u00a0\u00bb]<a  href=\"https:\/\/www.trimen.fr\/de\/die-geschenkgutscheine\/\"   title=\"\"   target=\"\"  style=\"width:auto; height:200px; background-image:url(https:\/\/www.trimen.fr\/de\/wp-content\/uploads\/sites\/2\/2016\/11\/Bons-Cadeaux-02_2019.jpg); background-position: center center;\" class=\"KVC_composant_imageROll\" >\t<div class=\"imageRoll\" style=\" background-position: center center; background-color:rgba(0,0,0,0.4);\"><\/div>\t<div class=\"zoneTexte\"><span style=\"text-align:center; vertical-align:middle;\"><img decoding=\"async\" class=\"alignnone size-medium wp-image-1756\" src=\"https:\/\/www.trimen.fr\/de\/wp-content\/uploads\/sites\/2\/2016\/09\/bouton_plus.svg\" alt=\"bouton_plus\" \/><\/span><\/div><\/a>[vc_column_text css=\u00a0\u00bb.vc_custom_1589194161424{padding-top: 80px !important;padding-bottom: 80px !important;}\u00a0\u00bb]<\/p>\n<h3><span style=\"color: #5a5d5e\">GESCHENKGUTSCHEINE UND AKTUELLE ANGEBOTE<\/span><\/h3>\n<p>[\/vc_column_text][\/vc_column][vc_column width=\u00a0\u00bb1\/3&Prime; css=\u00a0\u00bb.vc_custom_1473843512463{background-color: #b1b7b8 !important;}\u00a0\u00bb]<a  href=\"https:\/\/www.trimen.fr\/de\/le-restaurant\/\"   title=\"\"   target=\"\"  style=\"width:auto; height:200px; background-image:url(https:\/\/www.trimen.fr\/de\/wp-content\/uploads\/sites\/2\/2016\/11\/Table-Restaurant-Trois-Rochers-02_2019.jpg); background-position: center center;\" class=\"KVC_composant_imageROll\" >\t<div class=\"imageRoll\" style=\" background-position: center center; background-color:rgba(0,0,0,0.4);\"><\/div>\t<div class=\"zoneTexte\"><span style=\"text-align:center; vertical-align:middle;\"><img decoding=\"async\" class=\"alignnone size-medium wp-image-1756\" src=\"https:\/\/www.trimen.fr\/de\/wp-content\/uploads\/sites\/2\/2016\/09\/bouton_plus.svg\" alt=\"bouton_plus\" \/><\/span><\/div><\/a>[vc_column_text css=\u00a0\u00bb.vc_custom_1767008211417{padding-top: 80px !important;padding-bottom: 80px !important;}\u00a0\u00bb]<\/p>\n<h3><a href=\"https:\/\/www.trimen.fr\/de\/le-restaurant\/\"><span style=\"color: #5a5d5e\">LES TROIS ROCHERS <\/span><\/a><\/h3>\n<p>[\/vc_column_text][\/vc_column][\/vc_row]<\/p>\n<\/div>","protected":false},"excerpt":{"rendered":"<p>[vc_row el_class=\u00a0\u00bbtexte-center\u00a0\u00bb][vc_column css_animation=\u00a0\u00bbfadeInDown\u00a0\u00bb css=\u00a0\u00bb.vc_custom_1766834464719{background-position: center !important;background-repeat: no-repeat !important;background-size: contain !important;}\u00a0\u00bb][\/vc_column][\/vc_row][vc_row gap=\u00a0\u00bb5&Prime; el_class=\u00a0\u00bbwrap-resp texte-blanc\u00a0\u00bb css=\u00a0\u00bb.vc_custom_1480673558110{margin-top: 2px !important;}\u00a0\u00bb][vc_column width=\u00a0\u00bb1\/4&Prime; offset=\u00a0\u00bbvc_hidden-xs\u00a0\u00bb][\/vc_column][vc_column width=\u00a0\u00bb1\/4&Prime; offset=\u00a0\u00bbvc_hidden-xs\u00a0\u00bb][\/vc_column][vc_column width=\u00a0\u00bb1\/4&Prime; offset=\u00a0\u00bbvc_hidden-xs\u00a0\u00bb][\/vc_column][vc_column width=\u00a0\u00bb1\/4&Prime; offset=\u00a0\u00bbvc_hidden-xs\u00a0\u00bb][\/vc_column][\/vc_row][vc_row css=\u00a0\u00bb.vc_custom_1479313590663{padding-top: 50px !important;padding-bottom: 50px !important;background-position: center !important;background-repeat: no-repeat !important;background-size: cover !important;}\u00a0\u00bb el_class=\u00a0\u00bbwrap-resp\u00a0\u00bb][vc_column css=\u00a0\u00bb.vc_custom_1473778097722{background-position: center !important;background-repeat: no-repeat !important;background-size: cover !important;}\u00a0\u00bb][vc_single_image image=\u00a0\u00bb2506&Prime; img_size=\u00a0\u00bb150&#215;150&Prime; alignment=\u00a0\u00bbcenter\u00a0\u00bb css=\u00a0\u00bb.vc_custom_1482331541158{margin-bottom: 40px !important;}\u00a0\u00bb][vc_column_text css=\u00a0\u00bb\u00a0\u00bb el_class=\u00a0\u00bbwrap-resp-1000&Prime;] Unser Restaurant am Hafen [&hellip;]<\/p>\n","protected":false},"author":1,"featured_media":2899,"parent":0,"menu_order":0,"comment_status":"closed","ping_status":"closed","template":"template-page.php","meta":{"_acf_changed":false,"inline_featured_image":false,"footnotes":""},"class_list":["post-1900","page","type-page","status-publish","has-post-thumbnail","hentry"],"acf":[],"yoast_head":"<!-- This site is optimized with the Yoast SEO plugin v27.5 - https:\/\/yoast.com\/product\/yoast-seo-wordpress\/ -->\n<title>Le Bistrot du Bac - Trimen (DE)<\/title>\n<meta name=\"description\" content=\"Avec une situation imprenable sur le port de Sainte-Marine, le Bistrot du Bac vous accueille toute l\u2019ann\u00e9e midi et soir autour d\u2019une cuisine de terroir...\" \/>\n<meta name=\"robots\" content=\"index, follow, max-snippet:-1, max-image-preview:large, max-video-preview:-1\" \/>\n<link rel=\"canonical\" href=\"https:\/\/www.trimen.fr\/de\/le-bistrot-du-bac\/\" \/>\n<meta property=\"og:locale\" content=\"fr_FR\" \/>\n<meta property=\"og:type\" content=\"article\" \/>\n<meta property=\"og:title\" content=\"Le Bistrot du Bac - Trimen (DE)\" \/>\n<meta property=\"og:description\" content=\"Avec une situation imprenable sur le port de Sainte-Marine, le Bistrot du Bac vous accueille toute l\u2019ann\u00e9e midi et soir autour d\u2019une cuisine de terroir...\" \/>\n<meta property=\"og:url\" content=\"https:\/\/www.trimen.fr\/de\/le-bistrot-du-bac\/\" \/>\n<meta property=\"og:site_name\" content=\"Trimen (DE)\" \/>\n<meta property=\"article:modified_time\" content=\"2026-01-15T15:05:53+00:00\" \/>\n<meta property=\"og:image\" content=\"https:\/\/www.trimen.fr\/de\/wp-content\/uploads\/sites\/2\/2023\/12\/Terrasse-Hotel-du-bac-23-02.jpg\" \/>\n\t<meta property=\"og:image:width\" content=\"1280\" \/>\n\t<meta property=\"og:image:height\" content=\"720\" \/>\n\t<meta property=\"og:image:type\" content=\"image\/jpeg\" \/>\n<meta name=\"twitter:card\" content=\"summary_large_image\" \/>\n<meta name=\"twitter:label1\" content=\"Dur\u00e9e de lecture estim\u00e9e\" \/>\n\t<meta name=\"twitter:data1\" content=\"5 minutes\" \/>\n<script type=\"application\/ld+json\" class=\"yoast-schema-graph\">{\"@context\":\"https:\\\/\\\/schema.org\",\"@graph\":[{\"@type\":\"WebPage\",\"@id\":\"https:\\\/\\\/www.trimen.fr\\\/de\\\/le-bistrot-du-bac\\\/\",\"url\":\"https:\\\/\\\/www.trimen.fr\\\/de\\\/le-bistrot-du-bac\\\/\",\"name\":\"Le Bistrot du Bac - Trimen (DE)\",\"isPartOf\":{\"@id\":\"https:\\\/\\\/www.trimen.fr\\\/de\\\/#website\"},\"primaryImageOfPage\":{\"@id\":\"https:\\\/\\\/www.trimen.fr\\\/de\\\/le-bistrot-du-bac\\\/#primaryimage\"},\"image\":{\"@id\":\"https:\\\/\\\/www.trimen.fr\\\/de\\\/le-bistrot-du-bac\\\/#primaryimage\"},\"thumbnailUrl\":\"https:\\\/\\\/www.trimen.fr\\\/de\\\/wp-content\\\/uploads\\\/sites\\\/2\\\/2023\\\/12\\\/Terrasse-Hotel-du-bac-23-02.jpg\",\"datePublished\":\"2016-11-18T12:13:19+00:00\",\"dateModified\":\"2026-01-15T15:05:53+00:00\",\"description\":\"Avec une situation imprenable sur le port de Sainte-Marine, le Bistrot du Bac vous accueille toute l\u2019ann\u00e9e midi et soir autour d\u2019une cuisine de terroir...\",\"breadcrumb\":{\"@id\":\"https:\\\/\\\/www.trimen.fr\\\/de\\\/le-bistrot-du-bac\\\/#breadcrumb\"},\"inLanguage\":\"fr-FR\",\"potentialAction\":[{\"@type\":\"ReadAction\",\"target\":[\"https:\\\/\\\/www.trimen.fr\\\/de\\\/le-bistrot-du-bac\\\/\"]}]},{\"@type\":\"ImageObject\",\"inLanguage\":\"fr-FR\",\"@id\":\"https:\\\/\\\/www.trimen.fr\\\/de\\\/le-bistrot-du-bac\\\/#primaryimage\",\"url\":\"https:\\\/\\\/www.trimen.fr\\\/de\\\/wp-content\\\/uploads\\\/sites\\\/2\\\/2023\\\/12\\\/Terrasse-Hotel-du-bac-23-02.jpg\",\"contentUrl\":\"https:\\\/\\\/www.trimen.fr\\\/de\\\/wp-content\\\/uploads\\\/sites\\\/2\\\/2023\\\/12\\\/Terrasse-Hotel-du-bac-23-02.jpg\",\"width\":1280,\"height\":720},{\"@type\":\"BreadcrumbList\",\"@id\":\"https:\\\/\\\/www.trimen.fr\\\/de\\\/le-bistrot-du-bac\\\/#breadcrumb\",\"itemListElement\":[{\"@type\":\"ListItem\",\"position\":1,\"name\":\"Accueil\",\"item\":\"https:\\\/\\\/www.trimen.fr\\\/de\\\/\"},{\"@type\":\"ListItem\",\"position\":2,\"name\":\"Le Bistrot du Bac\"}]},{\"@type\":\"WebSite\",\"@id\":\"https:\\\/\\\/www.trimen.fr\\\/de\\\/#website\",\"url\":\"https:\\\/\\\/www.trimen.fr\\\/de\\\/\",\"name\":\"Trimen (DE)\",\"description\":\"FOUR-STAR HOTEL AND RESTAURANT, ON THE WATERFRONT IN SAINTE-MARINE\",\"potentialAction\":[{\"@type\":\"SearchAction\",\"target\":{\"@type\":\"EntryPoint\",\"urlTemplate\":\"https:\\\/\\\/www.trimen.fr\\\/de\\\/?s={search_term_string}\"},\"query-input\":{\"@type\":\"PropertyValueSpecification\",\"valueRequired\":true,\"valueName\":\"search_term_string\"}}],\"inLanguage\":\"fr-FR\"}]}<\/script>\n<!-- \/ Yoast SEO plugin. -->","yoast_head_json":{"title":"Le Bistrot du Bac - Trimen (DE)","description":"Avec une situation imprenable sur le port de Sainte-Marine, le Bistrot du Bac vous accueille toute l\u2019ann\u00e9e midi et soir autour d\u2019une cuisine de terroir...","robots":{"index":"index","follow":"follow","max-snippet":"max-snippet:-1","max-image-preview":"max-image-preview:large","max-video-preview":"max-video-preview:-1"},"canonical":"https:\/\/www.trimen.fr\/de\/le-bistrot-du-bac\/","og_locale":"fr_FR","og_type":"article","og_title":"Le Bistrot du Bac - Trimen (DE)","og_description":"Avec une situation imprenable sur le port de Sainte-Marine, le Bistrot du Bac vous accueille toute l\u2019ann\u00e9e midi et soir autour d\u2019une cuisine de terroir...","og_url":"https:\/\/www.trimen.fr\/de\/le-bistrot-du-bac\/","og_site_name":"Trimen (DE)","article_modified_time":"2026-01-15T15:05:53+00:00","og_image":[{"width":1280,"height":720,"url":"https:\/\/www.trimen.fr\/de\/wp-content\/uploads\/sites\/2\/2023\/12\/Terrasse-Hotel-du-bac-23-02.jpg","type":"image\/jpeg"}],"twitter_card":"summary_large_image","twitter_misc":{"Dur\u00e9e de lecture estim\u00e9e":"5 minutes"},"schema":{"@context":"https:\/\/schema.org","@graph":[{"@type":"WebPage","@id":"https:\/\/www.trimen.fr\/de\/le-bistrot-du-bac\/","url":"https:\/\/www.trimen.fr\/de\/le-bistrot-du-bac\/","name":"Le Bistrot du Bac - Trimen (DE)","isPartOf":{"@id":"https:\/\/www.trimen.fr\/de\/#website"},"primaryImageOfPage":{"@id":"https:\/\/www.trimen.fr\/de\/le-bistrot-du-bac\/#primaryimage"},"image":{"@id":"https:\/\/www.trimen.fr\/de\/le-bistrot-du-bac\/#primaryimage"},"thumbnailUrl":"https:\/\/www.trimen.fr\/de\/wp-content\/uploads\/sites\/2\/2023\/12\/Terrasse-Hotel-du-bac-23-02.jpg","datePublished":"2016-11-18T12:13:19+00:00","dateModified":"2026-01-15T15:05:53+00:00","description":"Avec une situation imprenable sur le port de Sainte-Marine, le Bistrot du Bac vous accueille toute l\u2019ann\u00e9e midi et soir autour d\u2019une cuisine de terroir...","breadcrumb":{"@id":"https:\/\/www.trimen.fr\/de\/le-bistrot-du-bac\/#breadcrumb"},"inLanguage":"fr-FR","potentialAction":[{"@type":"ReadAction","target":["https:\/\/www.trimen.fr\/de\/le-bistrot-du-bac\/"]}]},{"@type":"ImageObject","inLanguage":"fr-FR","@id":"https:\/\/www.trimen.fr\/de\/le-bistrot-du-bac\/#primaryimage","url":"https:\/\/www.trimen.fr\/de\/wp-content\/uploads\/sites\/2\/2023\/12\/Terrasse-Hotel-du-bac-23-02.jpg","contentUrl":"https:\/\/www.trimen.fr\/de\/wp-content\/uploads\/sites\/2\/2023\/12\/Terrasse-Hotel-du-bac-23-02.jpg","width":1280,"height":720},{"@type":"BreadcrumbList","@id":"https:\/\/www.trimen.fr\/de\/le-bistrot-du-bac\/#breadcrumb","itemListElement":[{"@type":"ListItem","position":1,"name":"Accueil","item":"https:\/\/www.trimen.fr\/de\/"},{"@type":"ListItem","position":2,"name":"Le Bistrot du Bac"}]},{"@type":"WebSite","@id":"https:\/\/www.trimen.fr\/de\/#website","url":"https:\/\/www.trimen.fr\/de\/","name":"Trimen (DE)","description":"FOUR-STAR HOTEL AND RESTAURANT, ON THE WATERFRONT IN SAINTE-MARINE","potentialAction":[{"@type":"SearchAction","target":{"@type":"EntryPoint","urlTemplate":"https:\/\/www.trimen.fr\/de\/?s={search_term_string}"},"query-input":{"@type":"PropertyValueSpecification","valueRequired":true,"valueName":"search_term_string"}}],"inLanguage":"fr-FR"}]}},"_links":{"self":[{"href":"https:\/\/www.trimen.fr\/de\/wp-json\/wp\/v2\/pages\/1900","targetHints":{"allow":["GET"]}}],"collection":[{"href":"https:\/\/www.trimen.fr\/de\/wp-json\/wp\/v2\/pages"}],"about":[{"href":"https:\/\/www.trimen.fr\/de\/wp-json\/wp\/v2\/types\/page"}],"author":[{"embeddable":true,"href":"https:\/\/www.trimen.fr\/de\/wp-json\/wp\/v2\/users\/1"}],"replies":[{"embeddable":true,"href":"https:\/\/www.trimen.fr\/de\/wp-json\/wp\/v2\/comments?post=1900"}],"version-history":[{"count":24,"href":"https:\/\/www.trimen.fr\/de\/wp-json\/wp\/v2\/pages\/1900\/revisions"}],"predecessor-version":[{"id":3123,"href":"https:\/\/www.trimen.fr\/de\/wp-json\/wp\/v2\/pages\/1900\/revisions\/3123"}],"wp:featuredmedia":[{"embeddable":true,"href":"https:\/\/www.trimen.fr\/de\/wp-json\/wp\/v2\/media\/2899"}],"wp:attachment":[{"href":"https:\/\/www.trimen.fr\/de\/wp-json\/wp\/v2\/media?parent=1900"}],"curies":[{"name":"wp","href":"https:\/\/api.w.org\/{rel}","templated":true}]}}