{"id":1951,"date":"2016-11-22T19:52:35","date_gmt":"2016-11-22T18:52:35","guid":{"rendered":"https:\/\/www.trimen.fr\/de\/?page_id=1951"},"modified":"2025-12-27T12:19:48","modified_gmt":"2025-12-27T11:19:48","slug":"gesetzliche-hinweise","status":"publish","type":"page","link":"https:\/\/www.trimen.fr\/de\/gesetzliche-hinweise\/","title":{"rendered":"Gesetzliche Hinweise"},"content":{"rendered":"<div class=\"wpb-content-wrapper\"><p>[vc_row css=\u00a0\u00bb.vc_custom_1479376216465{margin-bottom: 30px !important;}\u00a0\u00bb][vc_column css_animation=\u00a0\u00bbfadeInDown\u00a0\u00bb][vc_separator border_width=\u00a0\u00bb4&Prime; css=\u00a0\u00bb.vc_custom_1479831616986{margin-bottom: 80px !important;}\u00a0\u00bb][vc_column_text]<\/p>\n<h2><span style=\"color: #999999\">GESETZLICHE HINWEISE<\/span><\/h2>\n<p>[\/vc_column_text][\/vc_column][\/vc_row][vc_row el_class=\u00a0\u00bbwrap-resp-1000 texte-left\u00a0\u00bb css=\u00a0\u00bb.vc_custom_1481104691086{margin-bottom: 20px !important;}\u00a0\u00bb][vc_column][vc_column_text css=\u00a0\u00bb.vc_custom_1486044961728{margin-bottom: 20px !important;}\u00a0\u00bb]<\/p>\n<h4><strong>Geistiges Eigentum<\/strong><\/h4>\n<p>&nbsp;<\/p>\n<p>Alle Elemente dieser Internetseiten des Hotels-Restaurants Villa Tri Men, einschlie\u00dflich der downloadbaren Dokumente, unterliegen dem Autoren-, Marken- und Patentrecht. Jegliche vollst\u00e4ndige oder teilweise Vervielf\u00e4ltigung oder Repr\u00e4sentation der Internetsite oder deren Bestandteilen sowie deren unberechtigte \u00c4nderung sind untersagt. Das Hotel \u00fcbernimmt keine Haftung f\u00fcr den Inhalt der mit der Website der Villa Tri Men verlinkten Websites.<\/p>\n<p>&nbsp;<\/p>\n<h4><strong>Vertraulichkeit &#8211; Ihre pers\u00f6nlichen Daten<\/strong><\/h4>\n<p>&nbsp;<\/p>\n<p>Es kann dazu kommen, dass das Hotel-Restaurant Villa Tri Men Ihre personenbezogenen Daten sammelt.<\/p>\n<p>Wir weisen Sie allerdings darauf hin, dass diese Daten in diesem Fall einzig und allein f\u00fcr das Hotel-Restaurant Villa Tri Men bestimmt sind.<\/p>\n<p>Gem\u00e4\u00df des franz\u00f6sischen Gesetzes vom 6. Januar 1978 \u00fcber Datenverarbeitung, Daten und Freiheiten (\u00ab\u00a0Informatique et Libert\u00e9s\u00a0\u00bb) in seiner ge\u00e4nderten Fassung verf\u00fcgen Sie \u00fcber ein Recht auf Zugang, \u00c4nderung und Streichung der Sie betreffenden Daten. Desgleichen k\u00f6nnen Sie gegen die Nutzung dieser personenbezogenen Daten zu Zwecken der Kundengewinnung Widerspruch einlegen.[\/vc_column_text][\/vc_column][\/vc_row][vc_row el_class=\u00a0\u00bbwrap-resp-1000 texte-left\u00a0\u00bb css=\u00a0\u00bb.vc_custom_1481104501482{margin-bottom: 80px !important;}\u00a0\u00bb][vc_column width=\u00a0\u00bb1\/2&Prime;][vc_column_text]<\/p>\n<h4><strong>Besitzer der Website<\/strong><\/h4>\n<p>&nbsp;<\/p>\n<p>SAS Les Flots Bleus \u2013 Villa Tri Men<br \/>\n16 rue du phare 29120 SAINTE MARINE<br \/>\nTel: 00.33.2.98.51.94.94 Fax: 00.33.2.98.51.95.50<br \/>\n<a href=\"mailto:contact@trimen.fr\"> contact@trimen.fr <\/a><br \/>\nRCS Quimper Siren : 432 030 955 00020<\/p>\n<p>&nbsp;<\/p>\n<h4><strong>Verantwortlich f\u00fcr die Publikation<\/strong><\/h4>\n<p>&nbsp;<\/p>\n<p>Anne Le Morvan<\/p>\n<p>&nbsp;<\/p>\n<h4><strong>Design und Realisierung der Website<\/strong><\/h4>\n<p>&nbsp;<\/p>\n<p>Agence Keblow<br \/>\n<a href=\"http:\/\/www.keblow.com\">www.keblow.com<\/a><\/p>\n<p>&nbsp;<\/p>\n<h4><\/h4>\n<p>[\/vc_column_text][\/vc_column][vc_column width=\u00a0\u00bb1\/2&Prime;][vc_column_text]<\/p>\n<h4><strong>Host der Website<\/strong><\/h4>\n<p>&nbsp;<\/p>\n<p>OVH<\/p>\n<p>&nbsp;<\/p>\n<h4><strong>Photos<\/strong><\/h4>\n<p>&nbsp;<\/p>\n<p>Yann Richard <a href=\"http:\/\/www.aryann.com\">www.aryann.com<\/a><\/p>\n<p>Bernard Gal\u00e9ron<br \/>\nVilla Tri Men[\/vc_column_text][\/vc_column][\/vc_row]<\/p>\n<\/div>","protected":false},"excerpt":{"rendered":"<p>[vc_row css=\u00a0\u00bb.vc_custom_1479376216465{margin-bottom: 30px !important;}\u00a0\u00bb][vc_column css_animation=\u00a0\u00bbfadeInDown\u00a0\u00bb][vc_separator border_width=\u00a0\u00bb4&Prime; css=\u00a0\u00bb.vc_custom_1479831616986{margin-bottom: 80px !important;}\u00a0\u00bb][vc_column_text] GESETZLICHE HINWEISE [\/vc_column_text][\/vc_column][\/vc_row][vc_row el_class=\u00a0\u00bbwrap-resp-1000 texte-left\u00a0\u00bb css=\u00a0\u00bb.vc_custom_1481104691086{margin-bottom: 20px !important;}\u00a0\u00bb][vc_column][vc_column_text css=\u00a0\u00bb.vc_custom_1486044961728{margin-bottom: 20px !important;}\u00a0\u00bb] Geistiges Eigentum &nbsp; Alle Elemente dieser Internetseiten des Hotels-Restaurants Villa Tri Men, einschlie\u00dflich der downloadbaren Dokumente, unterliegen dem Autoren-, Marken- und Patentrecht. Jegliche vollst\u00e4ndige oder teilweise Vervielf\u00e4ltigung oder Repr\u00e4sentation der Internetsite oder deren Bestandteilen sowie [&hellip;]<\/p>\n","protected":false},"author":1,"featured_media":0,"parent":0,"menu_order":0,"comment_status":"closed","ping_status":"closed","template":"template-page.php","meta":{"_acf_changed":false,"inline_featured_image":false,"footnotes":""},"class_list":["post-1951","page","type-page","status-publish","hentry"],"acf":[],"yoast_head":"<!-- This site is optimized with the Yoast SEO plugin v27.5 - https:\/\/yoast.com\/product\/yoast-seo-wordpress\/ -->\n<title>Gesetzliche Hinweise - Trimen (DE)<\/title>\n<meta name=\"description\" content=\"Tous les \u00e9l\u00e9ments qui composent le site internet de l\u2019h\u00f4tel restaurant Villa Tri Men, sont couverts par le droit d\u2019auteur, des marques et des brevets.\" \/>\n<meta name=\"robots\" content=\"index, follow, max-snippet:-1, max-image-preview:large, max-video-preview:-1\" \/>\n<link rel=\"canonical\" href=\"https:\/\/www.trimen.fr\/de\/gesetzliche-hinweise\/\" \/>\n<meta property=\"og:locale\" content=\"fr_FR\" \/>\n<meta property=\"og:type\" content=\"article\" \/>\n<meta property=\"og:title\" content=\"Gesetzliche Hinweise - Trimen (DE)\" \/>\n<meta property=\"og:description\" content=\"Tous les \u00e9l\u00e9ments qui composent le site internet de l\u2019h\u00f4tel restaurant Villa Tri Men, sont couverts par le droit d\u2019auteur, des marques et des brevets.\" \/>\n<meta property=\"og:url\" content=\"https:\/\/www.trimen.fr\/de\/gesetzliche-hinweise\/\" \/>\n<meta property=\"og:site_name\" content=\"Trimen (DE)\" \/>\n<meta property=\"article:modified_time\" content=\"2025-12-27T11:19:48+00:00\" \/>\n<meta property=\"og:image\" content=\"https:\/\/www.trimen.fr\/de\/wp-content\/uploads\/sites\/2\/2016\/09\/accueil_hotel.jpg\" \/>\n\t<meta property=\"og:image:width\" content=\"1280\" \/>\n\t<meta property=\"og:image:height\" content=\"720\" \/>\n\t<meta property=\"og:image:type\" content=\"image\/jpeg\" \/>\n<meta name=\"twitter:card\" content=\"summary_large_image\" \/>\n<meta name=\"twitter:label1\" content=\"Dur\u00e9e de lecture estim\u00e9e\" \/>\n\t<meta name=\"twitter:data1\" content=\"2 minutes\" \/>\n<script type=\"application\/ld+json\" class=\"yoast-schema-graph\">{\"@context\":\"https:\\\/\\\/schema.org\",\"@graph\":[{\"@type\":\"WebPage\",\"@id\":\"https:\\\/\\\/www.trimen.fr\\\/de\\\/gesetzliche-hinweise\\\/\",\"url\":\"https:\\\/\\\/www.trimen.fr\\\/de\\\/gesetzliche-hinweise\\\/\",\"name\":\"Gesetzliche Hinweise - Trimen (DE)\",\"isPartOf\":{\"@id\":\"https:\\\/\\\/www.trimen.fr\\\/de\\\/#website\"},\"datePublished\":\"2016-11-22T18:52:35+00:00\",\"dateModified\":\"2025-12-27T11:19:48+00:00\",\"description\":\"Tous les \u00e9l\u00e9ments qui composent le site internet de l\u2019h\u00f4tel restaurant Villa Tri Men, sont couverts par le droit d\u2019auteur, des marques et des brevets.\",\"breadcrumb\":{\"@id\":\"https:\\\/\\\/www.trimen.fr\\\/de\\\/gesetzliche-hinweise\\\/#breadcrumb\"},\"inLanguage\":\"fr-FR\",\"potentialAction\":[{\"@type\":\"ReadAction\",\"target\":[\"https:\\\/\\\/www.trimen.fr\\\/de\\\/gesetzliche-hinweise\\\/\"]}]},{\"@type\":\"BreadcrumbList\",\"@id\":\"https:\\\/\\\/www.trimen.fr\\\/de\\\/gesetzliche-hinweise\\\/#breadcrumb\",\"itemListElement\":[{\"@type\":\"ListItem\",\"position\":1,\"name\":\"Accueil\",\"item\":\"https:\\\/\\\/www.trimen.fr\\\/de\\\/\"},{\"@type\":\"ListItem\",\"position\":2,\"name\":\"Gesetzliche Hinweise\"}]},{\"@type\":\"WebSite\",\"@id\":\"https:\\\/\\\/www.trimen.fr\\\/de\\\/#website\",\"url\":\"https:\\\/\\\/www.trimen.fr\\\/de\\\/\",\"name\":\"Trimen (DE)\",\"description\":\"FOUR-STAR HOTEL AND RESTAURANT, ON THE WATERFRONT IN SAINTE-MARINE\",\"potentialAction\":[{\"@type\":\"SearchAction\",\"target\":{\"@type\":\"EntryPoint\",\"urlTemplate\":\"https:\\\/\\\/www.trimen.fr\\\/de\\\/?s={search_term_string}\"},\"query-input\":{\"@type\":\"PropertyValueSpecification\",\"valueRequired\":true,\"valueName\":\"search_term_string\"}}],\"inLanguage\":\"fr-FR\"}]}<\/script>\n<!-- \/ Yoast SEO plugin. -->","yoast_head_json":{"title":"Gesetzliche Hinweise - Trimen (DE)","description":"Tous les \u00e9l\u00e9ments qui composent le site internet de l\u2019h\u00f4tel restaurant Villa Tri Men, sont couverts par le droit d\u2019auteur, des marques et des brevets.","robots":{"index":"index","follow":"follow","max-snippet":"max-snippet:-1","max-image-preview":"max-image-preview:large","max-video-preview":"max-video-preview:-1"},"canonical":"https:\/\/www.trimen.fr\/de\/gesetzliche-hinweise\/","og_locale":"fr_FR","og_type":"article","og_title":"Gesetzliche Hinweise - Trimen (DE)","og_description":"Tous les \u00e9l\u00e9ments qui composent le site internet de l\u2019h\u00f4tel restaurant Villa Tri Men, sont couverts par le droit d\u2019auteur, des marques et des brevets.","og_url":"https:\/\/www.trimen.fr\/de\/gesetzliche-hinweise\/","og_site_name":"Trimen (DE)","article_modified_time":"2025-12-27T11:19:48+00:00","og_image":[{"width":1280,"height":720,"url":"https:\/\/www.trimen.fr\/de\/wp-content\/uploads\/sites\/2\/2016\/09\/accueil_hotel.jpg","type":"image\/jpeg"}],"twitter_card":"summary_large_image","twitter_misc":{"Dur\u00e9e de lecture estim\u00e9e":"2 minutes"},"schema":{"@context":"https:\/\/schema.org","@graph":[{"@type":"WebPage","@id":"https:\/\/www.trimen.fr\/de\/gesetzliche-hinweise\/","url":"https:\/\/www.trimen.fr\/de\/gesetzliche-hinweise\/","name":"Gesetzliche Hinweise - Trimen (DE)","isPartOf":{"@id":"https:\/\/www.trimen.fr\/de\/#website"},"datePublished":"2016-11-22T18:52:35+00:00","dateModified":"2025-12-27T11:19:48+00:00","description":"Tous les \u00e9l\u00e9ments qui composent le site internet de l\u2019h\u00f4tel restaurant Villa Tri Men, sont couverts par le droit d\u2019auteur, des marques et des brevets.","breadcrumb":{"@id":"https:\/\/www.trimen.fr\/de\/gesetzliche-hinweise\/#breadcrumb"},"inLanguage":"fr-FR","potentialAction":[{"@type":"ReadAction","target":["https:\/\/www.trimen.fr\/de\/gesetzliche-hinweise\/"]}]},{"@type":"BreadcrumbList","@id":"https:\/\/www.trimen.fr\/de\/gesetzliche-hinweise\/#breadcrumb","itemListElement":[{"@type":"ListItem","position":1,"name":"Accueil","item":"https:\/\/www.trimen.fr\/de\/"},{"@type":"ListItem","position":2,"name":"Gesetzliche Hinweise"}]},{"@type":"WebSite","@id":"https:\/\/www.trimen.fr\/de\/#website","url":"https:\/\/www.trimen.fr\/de\/","name":"Trimen (DE)","description":"FOUR-STAR HOTEL AND RESTAURANT, ON THE WATERFRONT IN SAINTE-MARINE","potentialAction":[{"@type":"SearchAction","target":{"@type":"EntryPoint","urlTemplate":"https:\/\/www.trimen.fr\/de\/?s={search_term_string}"},"query-input":{"@type":"PropertyValueSpecification","valueRequired":true,"valueName":"search_term_string"}}],"inLanguage":"fr-FR"}]}},"_links":{"self":[{"href":"https:\/\/www.trimen.fr\/de\/wp-json\/wp\/v2\/pages\/1951","targetHints":{"allow":["GET"]}}],"collection":[{"href":"https:\/\/www.trimen.fr\/de\/wp-json\/wp\/v2\/pages"}],"about":[{"href":"https:\/\/www.trimen.fr\/de\/wp-json\/wp\/v2\/types\/page"}],"author":[{"embeddable":true,"href":"https:\/\/www.trimen.fr\/de\/wp-json\/wp\/v2\/users\/1"}],"replies":[{"embeddable":true,"href":"https:\/\/www.trimen.fr\/de\/wp-json\/wp\/v2\/comments?post=1951"}],"version-history":[{"count":4,"href":"https:\/\/www.trimen.fr\/de\/wp-json\/wp\/v2\/pages\/1951\/revisions"}],"predecessor-version":[{"id":3260,"href":"https:\/\/www.trimen.fr\/de\/wp-json\/wp\/v2\/pages\/1951\/revisions\/3260"}],"wp:attachment":[{"href":"https:\/\/www.trimen.fr\/de\/wp-json\/wp\/v2\/media?parent=1951"}],"curies":[{"name":"wp","href":"https:\/\/api.w.org\/{rel}","templated":true}]}}