{"id":2065,"date":"2016-11-28T12:34:03","date_gmt":"2016-11-28T11:34:03","guid":{"rendered":"https:\/\/www.trimen.fr\/de\/?page_id=2065"},"modified":"2025-12-27T12:19:26","modified_gmt":"2025-12-27T11:19:26","slug":"die-geschenkgutscheine","status":"publish","type":"page","link":"https:\/\/www.trimen.fr\/de\/die-geschenkgutscheine\/","title":{"rendered":"Die Geschenkgutscheine &amp; Ideen bleiben"},"content":{"rendered":"<div class=\"wpb-content-wrapper\"><p>[vc_row el_class=\u00a0\u00bbtexte-center\u00a0\u00bb][vc_column css_animation=\u00a0\u00bbfadeInDown\u00a0\u00bb css=\u00a0\u00bb.vc_custom_1766834347843{background-position: center !important;background-repeat: no-repeat !important;background-size: contain !important;}\u00a0\u00bb]<div    style=\"width:auto; height:500px; background-image:url(https:\/\/www.trimen.fr\/de\/wp-content\/uploads\/sites\/2\/2016\/11\/Bnd-TOP-bon-cadeaux.jpg); background-position: top center;\" class=\"KVC_composant_imageROll\" >\t<div class=\"zoneTexte\"><span style=\"text-align:center; vertical-align:middle;\"><\/p>\n<h1>Die Geschenkgutscheine<\/h1>\n<p><\/span><\/div><\/div>[\/vc_column][\/vc_row][vc_row equal_height=\u00a0\u00bbyes\u00a0\u00bb disable_element=\u00a0\u00bbyes\u00a0\u00bb css=\u00a0\u00bb.vc_custom_1589180284894{margin-top: 50px !important;background-position: center !important;background-repeat: no-repeat !important;background-size: cover !important;}\u00a0\u00bb el_class=\u00a0\u00bbwrap-resp\u00a0\u00bb][vc_column width=\u00a0\u00bb1\/2&Prime; css=\u00a0\u00bb.vc_custom_1480333288781{background-position: center !important;background-repeat: no-repeat !important;background-size: cover !important;}\u00a0\u00bb offset=\u00a0\u00bbvc_hidden-xs\u00a0\u00bb]<div    style=\"width:auto; height:500px; background-image:url(https:\/\/www.trimen.fr\/de\/wp-content\/uploads\/sites\/2\/2016\/11\/Restaurant-01_2019.jpg); background-position: center center;\" class=\"KVC_composant_imageROll\" >\t<div class=\"zoneTexte\"><span style=\"text-align:center; vertical-align:middle;\"><\/span><\/div><\/div>[\/vc_column][vc_column width=\u00a0\u00bb1\/2&Prime; css=\u00a0\u00bb.vc_custom_1481555460234{padding-top: 40px !important;padding-bottom: 40px !important;background-color: #f3f3f3 !important;}\u00a0\u00bb][vc_column_text css=\u00a0\u00bb.vc_custom_1487152558790{margin-bottom: 20px !important;}\u00a0\u00bb el_class=\u00a0\u00bbwrap-resp\u00a0\u00bb]<\/p>\n<h2><span style=\"color: #a91e22\">Dinner \u201eD\u00e9couverte\u201c<\/span><br \/>\n<span style=\"color: #999999\">Im Restaurant \u201eLes Trois Rochers\u201c<\/span><\/h2>\n<p>[\/vc_column_text][vc_column_text css=\u00a0\u00bb.vc_custom_1487152921425{margin-bottom: 20px !important;}\u00a0\u00bb el_class=\u00a0\u00bbwrap-resp\u00a0\u00bb]<span style=\"font-size: 14px\">Dieser Geschenkgutschein f\u00fcr 2 Personen beinhaltet:<\/span><\/p>\n<p><span style=\"color: #a91e22;font-size: 14px\">Unser Men\u00fc \u201eD\u00e9couverte\u201c (ohne Getr\u00e4nke)<\/span><\/p>\n<p>&nbsp;<\/p>\n<p><span style=\"font-size: 12px\">Dieser Gutschein ist ein Jahr g\u00fcltig, abends, von Montag bis Samstag Unser Restaurant ist vom 4.<\/span><\/p>\n<p><span style=\"font-size: 12px\">April bis zum 29. Oktober ge\u00f6ffnet. Dinner \u201eD\u00e9couverte\u201c f\u00fcr 2 Personen<\/span>[\/vc_column_text][vc_raw_html]JTNDZGl2JTIwaWQlM0QlMjJ3aWRnZXQtcHJvZHVpdC1PUEJJLTY0NTE3LTI4MTAwJTIyJTNFJTNDJTJGZGl2JTNF[\/vc_raw_html][\/vc_column][\/vc_row][vc_row equal_height=\u00a0\u00bbyes\u00a0\u00bb content_placement=\u00a0\u00bbmiddle\u00a0\u00bb css=\u00a0\u00bb.vc_custom_1589180274580{margin-top: 50px !important;background-position: center !important;background-repeat: no-repeat !important;background-size: cover !important;}\u00a0\u00bb el_class=\u00a0\u00bbwrap-resp\u00a0\u00bb][vc_column width=\u00a0\u00bb1\/2&Prime; css=\u00a0\u00bb.vc_custom_1480333288781{background-position: center !important;background-repeat: no-repeat !important;background-size: cover !important;}\u00a0\u00bb offset=\u00a0\u00bbvc_hidden-xs\u00a0\u00bb]<div    style=\"width:auto; height:500px; background-image:url(https:\/\/www.trimen.fr\/de\/wp-content\/uploads\/sites\/2\/2016\/11\/Villa-Trimen-86.jpg); background-position: center center;\" class=\"KVC_composant_imageROll\" >\t<div class=\"zoneTexte\"><span style=\"text-align:center; vertical-align:middle;\"><\/span><\/div><\/div>[\/vc_column][vc_column width=\u00a0\u00bb1\/2&Prime; css=\u00a0\u00bb.vc_custom_1481555460234{padding-top: 40px !important;padding-bottom: 40px !important;background-color: #f3f3f3 !important;}\u00a0\u00bb][vc_column_text css=\u00a0\u00bb.vc_custom_1588863814267{margin-bottom: 20px !important;}\u00a0\u00bb el_class=\u00a0\u00bbwrap-resp\u00a0\u00bb]<\/p>\n<h2><span style=\"color: #586263\">UNSERE GESCHENKBOXEN<\/span><\/h2>\n<p>[\/vc_column_text]\t\t<div id=\"vc_reservationext_69d392a84c061\" class=\"ksc_reservationext_component\">\r\n\t\t\t<a class=\"vh-button rouge\" href='https:\/\/secure.reservit.com\/rsl\/booking\/indexmodal.php?customerid=1290&nfo=1&categoryid=2715&typeof=&lang=fr_FR&optim=true' target=\"_blank\" title=\"\">N\u00e4here informationen<\/a>\r\n\t\t<\/div>\r\n\t\t[\/vc_column][\/vc_row][vc_row equal_height=\u00a0\u00bbyes\u00a0\u00bb disable_element=\u00a0\u00bbyes\u00a0\u00bb css=\u00a0\u00bb.vc_custom_1589180290942{background-position: center !important;background-repeat: no-repeat !important;background-size: cover !important;}\u00a0\u00bb el_class=\u00a0\u00bbwrap-resp\u00a0\u00bb][vc_column width=\u00a0\u00bb1\/2&Prime; css=\u00a0\u00bb.vc_custom_1481555649819{padding-top: 40px !important;padding-bottom: 40px !important;background-color: #b1b7b7 !important;background-position: center !important;background-repeat: no-repeat !important;background-size: cover !important;}\u00a0\u00bb][vc_column_text css=\u00a0\u00bb.vc_custom_1487152673958{margin-bottom: 20px !important;}\u00a0\u00bb el_class=\u00a0\u00bbwrap-resp\u00a0\u00bb]<\/p>\n<h2><span style=\"color: #586263\">Dinner \u201ePlaisir\u201c<\/span><br \/>\n<span style=\"color: #f3f3f3\">Im Restaurant \u201eLes Trois Rochers\u201c<\/span><\/h2>\n<p>[\/vc_column_text][vc_column_text css=\u00a0\u00bb.vc_custom_1487152932026{margin-bottom: 20px !important;}\u00a0\u00bb el_class=\u00a0\u00bbwrap-resp\u00a0\u00bb]<span style=\"font-size: 14px\">Dieser Geschenkgutschein f\u00fcr 2 Personen beinhaltet:<\/span><\/p>\n<p><span style=\"color: #ffffff;font-size: 14px\">Unser Men\u00fc \u201ePlaisir\u201c (Men\u00fc &amp; Weine) f\u00fcr 2 Personen<\/span><\/p>\n<p><span style=\"color: #ffffff;font-size: 14px\">Unser Sommelier kredenzt die jeweils passenden Weine<\/span><\/p>\n<p>&nbsp;<\/p>\n<p><span style=\"font-size: 12px\">Dieser Gutschein ist ein Jahr g\u00fcltig, abends, von Montag bis Samstag. <\/span><\/p>\n<p><span style=\"font-size: 12px\">Unser Restaurant ist vom 4. April bis zum 29. Oktober ge\u00f6ffnet.<\/span>[\/vc_column_text][vc_raw_html]JTNDZGl2JTIwaWQlM0QlMjJ3aWRnZXQtcHJvZHVpdC1PUEJJLTY0NTE3LTI4MDk5JTIyJTNFJTNDJTJGZGl2JTNF[\/vc_raw_html][\/vc_column][vc_column width=\u00a0\u00bb1\/2&Prime;]<div    style=\"width:auto; height:510px; background-image:url(https:\/\/www.trimen.fr\/de\/wp-content\/uploads\/sites\/2\/2016\/11\/Villa-Trimen-10_2019.jpg); background-position: center center;\" class=\"KVC_composant_imageROll\" >\t<div class=\"zoneTexte\"><span style=\"text-align:center; vertical-align:middle;\"><\/span><\/div><\/div>[\/vc_column][\/vc_row][vc_row equal_height=\u00a0\u00bbyes\u00a0\u00bb content_placement=\u00a0\u00bbmiddle\u00a0\u00bb css=\u00a0\u00bb.vc_custom_1589180297691{background-position: center !important;background-repeat: no-repeat !important;background-size: cover !important;}\u00a0\u00bb el_class=\u00a0\u00bbwrap-resp\u00a0\u00bb][vc_column width=\u00a0\u00bb1\/2&Prime; css=\u00a0\u00bb.vc_custom_1481555649819{padding-top: 40px !important;padding-bottom: 40px !important;background-color: #b1b7b7 !important;background-position: center !important;background-repeat: no-repeat !important;background-size: cover !important;}\u00a0\u00bb][vc_column_text css=\u00a0\u00bb.vc_custom_1588864054414{margin-bottom: 20px !important;}\u00a0\u00bb el_class=\u00a0\u00bbwrap-resp\u00a0\u00bb]<\/p>\n<h2><span style=\"color: #586263\">UNSERE GESCHENKGUTSCHEINE<\/span><\/h2>\n<p>[\/vc_column_text]\t\t<div id=\"vc_reservationext_69d392a84c524\" class=\"ksc_reservationext_component\">\r\n\t\t\t<a class=\"vh-button rouge\" href='https:\/\/secure.reservit.com\/rsl\/booking\/indexmodal.php?customerid=1290&nfo=1&categoryid=2717&typeof=&lang=fr_FR&optim=true' target=\"_blank\" title=\"\">N\u00e4here informationen<\/a>\r\n\t\t<\/div>\r\n\t\t[\/vc_column][vc_column width=\u00a0\u00bb1\/2&Prime;]<div    style=\"width:auto; height:500px; background-image:url(https:\/\/www.trimen.fr\/de\/wp-content\/uploads\/sites\/2\/2023\/12\/Dejeuner_Villa_Tri_Men_01.jpg); background-position: center center;\" class=\"KVC_composant_imageROll\" >\t<div class=\"zoneTexte\"><span style=\"text-align:center; vertical-align:middle;\"><\/span><\/div><\/div>[\/vc_column][\/vc_row][vc_row equal_height=\u00a0\u00bbyes\u00a0\u00bb disable_element=\u00a0\u00bbyes\u00a0\u00bb css=\u00a0\u00bb.vc_custom_1589180302855{margin-bottom: 50px !important;background-position: center !important;background-repeat: no-repeat !important;background-size: cover !important;}\u00a0\u00bb el_class=\u00a0\u00bbwrap-resp\u00a0\u00bb][vc_column width=\u00a0\u00bb1\/2&Prime; css=\u00a0\u00bb.vc_custom_1480333288781{background-position: center !important;background-repeat: no-repeat !important;background-size: cover !important;}\u00a0\u00bb offset=\u00a0\u00bbvc_hidden-xs\u00a0\u00bb]<div    style=\"width:auto; height:500px; background-image:url(https:\/\/www.trimen.fr\/de\/wp-content\/uploads\/sites\/2\/2016\/11\/Villa-Trimen-21_2019.jpg); background-position: center center;\" class=\"KVC_composant_imageROll\" >\t<div class=\"zoneTexte\"><span style=\"text-align:center; vertical-align:middle;\"><\/span><\/div><\/div>[\/vc_column][vc_column width=\u00a0\u00bb1\/2&Prime; css=\u00a0\u00bb.vc_custom_1481555803610{padding-top: 40px !important;padding-bottom: 40px !important;background-color: #ebebeb !important;}\u00a0\u00bb][vc_column_text css=\u00a0\u00bb.vc_custom_1486040239537{margin-bottom: 20px !important;}\u00a0\u00bb el_class=\u00a0\u00bbwrap-resp\u00a0\u00bb]<\/p>\n<h2><span style=\"color: #a91e22\">Escale in Tri Men<\/span><\/h2>\n<p>[\/vc_column_text][vc_column_text css=\u00a0\u00bb.vc_custom_1487153086603{margin-bottom: 20px !important;}\u00a0\u00bb el_class=\u00a0\u00bbwrap-resp\u00a0\u00bb]<span style=\"font-size: 14px\">Aufenthalt \u201eD\u00e9couverte\u201c 1 Nacht (in einem Comfort-Zimmer) f\u00fcr 2 Personen beinhaltet:<\/span><\/p>\n<p><span style=\"color: #a91e22;font-size: 14px\">Eine \u00dcbernachtung in einem Comfort-Zimmer<\/span><\/p>\n<p><span style=\"color: #a91e22;font-size: 14px\">Fr\u00fchst\u00fccksbuffet<\/span><\/p>\n<p>&nbsp;<\/p>\n<p><span style=\"font-size: 12px\">Dieser Gutschein ist ein Jahr g\u00fcltig, abends, von Montag bis Samstag.<\/span><\/p>\n<p><span style=\"font-size: 12px\">Unser Restaurant ist vom 4. April bis zum 29. Oktober ge\u00f6ffnet.<\/span>[\/vc_column_text][vc_raw_html]JTNDZGl2JTIwaWQlM0QlMjJ3aWRnZXQtcHJvZHVpdC1PUEJJLTY0NTE3LTI4MDk4JTIyJTNFJTNDJTJGZGl2JTNF[\/vc_raw_html][\/vc_column][\/vc_row][vc_row equal_height=\u00a0\u00bbyes\u00a0\u00bb css=\u00a0\u00bb.vc_custom_1601027666325{margin-bottom: 50px !important;background-position: center !important;background-repeat: no-repeat !important;background-size: cover !important;}\u00a0\u00bb el_class=\u00a0\u00bbwrap-resp\u00a0\u00bb][vc_column width=\u00a0\u00bb1\/2&Prime; css=\u00a0\u00bb.vc_custom_1480333288781{background-position: center !important;background-repeat: no-repeat !important;background-size: cover !important;}\u00a0\u00bb offset=\u00a0\u00bbvc_hidden-xs\u00a0\u00bb]<div    style=\"width:auto; height:500px; background-image:url(https:\/\/www.trimen.fr\/de\/wp-content\/uploads\/sites\/2\/2016\/11\/Villa-Trimen-21_2019.jpg); background-position: center center;\" class=\"KVC_composant_imageROll\" >\t<div class=\"zoneTexte\"><span style=\"text-align:center; vertical-align:middle;\"><\/span><\/div><\/div>[\/vc_column][vc_column width=\u00a0\u00bb1\/2&Prime; css=\u00a0\u00bb.vc_custom_1600852119100{padding-top: 40px !important;padding-right: 20px !important;padding-bottom: 40px !important;padding-left: 20px !important;background-color: #ebebeb !important;}\u00a0\u00bb][vc_column_text css=\u00a0\u00bb.vc_custom_1648299124011{margin-bottom: 20px !important;}\u00a0\u00bb el_class=\u00a0\u00bbwrap-resp\u00a0\u00bb]<\/p>\n<h2><span style=\"color: #586263\">AKTUELLE ANGEBOTE<\/span><\/h2>\n<p>[\/vc_column_text][vc_column_text css=\u00a0\u00bb.vc_custom_1649866025097{margin-bottom: 20px !important;}\u00a0\u00bb el_class=\u00a0\u00bbwrap-resp texte-left\u00a0\u00bb]<span style=\"font-size: 14px\">\u2022 <strong> Book your room &amp; a bike at the same time: contact the h\u00f4tel for more informations!<\/strong><\/span><\/p>\n<p>&nbsp;<\/p>\n<p><span style=\"font-size: 14px\">\u2022 <strong>Machen Sie eine Radtour entlang unserer K\u00fcsten! Buchen Sie Ihre Fahrr\u00e4der 24 Stunden vorher bei uns!<\/strong><\/span><br \/>\n<a href=\"\/\/www.destination-paysbigouden.com\/experiences\/pedaler-en-pays-bigouden\" target=\"_blank\" rel=\"noopener noreferrer\"><u>Finde mehr heraus<\/u><\/a><\/p>\n<p>&nbsp;<\/p>\n<p><span style=\"font-size: 14px\">\u2022 <strong>Der Cornouaille Golf und La Villa Tri Men sind Partner! Sie profitieren von privilegierten Golfpreisen.<\/strong><\/span><br \/>\n<a href=\"http:\/\/www.golfdecornouaille.com\/\" target=\"_blank\" rel=\"noopener noreferrer\"><u>Finde mehr heraus<\/u><\/a><\/p>\n<p>&nbsp;<\/p>\n<p><span style=\"font-size: 14px\">\u2022 <strong>Surfen Sie und entspannen Sie sich in La Villa Tri Men!<\/strong><\/span><\/p>\n<p><a href=\"https:\/\/www.toutcommenceenfinistere.com\/surf-finistere\/\" target=\"_blank\" rel=\"noopener noreferrer\"><u>Finde mehr heraus<\/u><\/a><\/p>\n<p>&nbsp;<\/p>\n<p><span style=\"font-size: 14px\">Kontaktiere uns unter<strong>0298519494<\/strong> ou par mail <a href=\"mailto:contact@trimen.fr\"><u>contact@trimen.fr<\/u><\/a><\/span>[\/vc_column_text][\/vc_column][\/vc_row][vc_row disable_element=\u00a0\u00bbyes\u00a0\u00bb css=\u00a0\u00bb.vc_custom_1589180310122{padding-top: 60px !important;padding-bottom: 60px !important;}\u00a0\u00bb][vc_column][vc_column_text]<\/p>\n<h2><span style=\"color: #999999\">SIE K\u00d6NNEN IHR GESCHENK PERS\u00d6NLICH GESTALTEN<\/span><\/h2>\n<p>Sie k\u00f6nnen uns jederzeit kontaktieren, wenn Sie einen ma\u00dfgeschneiderten Geschenkgutschein w\u00fcnschen [\/vc_column_text][vc_btn title=\u00a0\u00bbKONTAKTIEREN SIE UNS\u00a0\u00bb css=\u00a0\u00bb.vc_custom_1486390577841{padding-top: 30px !important;padding-bottom: 30px !important;}\u00a0\u00bb link=\u00a0\u00bburl:https%3A%2F%2Fwww.trimen.fr%2Fde%2Fkontakt%2F|||\u00a0\u00bb][vc_column_text]<span style=\"color: #a91e22\">ODER TELEFONISCH UNTER +33 (0)2 98 51 94 94<\/span>[\/vc_column_text][\/vc_column][\/vc_row][vc_row css=\u00a0\u00bb.vc_custom_1589180314787{padding-bottom: 60px !important;}\u00a0\u00bb][vc_column][vc_btn title=\u00a0\u00bbKONTAKTIEREN SIE UNS\u00a0\u00bb css=\u00a0\u00bb.vc_custom_1486390577841{padding-top: 30px !important;padding-bottom: 30px !important;}\u00a0\u00bb link=\u00a0\u00bburl:https%3A%2F%2Fwww.trimen.fr%2Fde%2Fkontakt%2F|||\u00a0\u00bb][vc_column_text]<span style=\"color: #a91e22\">ODER TELEFONISCH UNTER +33 (0)2 98 51 94 94<\/span>[\/vc_column_text][\/vc_column][\/vc_row]<\/p>\n<\/div>","protected":false},"excerpt":{"rendered":"<p>[vc_row el_class=\u00a0\u00bbtexte-center\u00a0\u00bb][vc_column css_animation=\u00a0\u00bbfadeInDown\u00a0\u00bb css=\u00a0\u00bb.vc_custom_1766834347843{background-position: center !important;background-repeat: no-repeat !important;background-size: contain !important;}\u00a0\u00bb][\/vc_column][\/vc_row][vc_row equal_height=\u00a0\u00bbyes\u00a0\u00bb disable_element=\u00a0\u00bbyes\u00a0\u00bb css=\u00a0\u00bb.vc_custom_1589180284894{margin-top: 50px !important;background-position: center !important;background-repeat: no-repeat !important;background-size: cover !important;}\u00a0\u00bb el_class=\u00a0\u00bbwrap-resp\u00a0\u00bb][vc_column width=\u00a0\u00bb1\/2&Prime; css=\u00a0\u00bb.vc_custom_1480333288781{background-position: center !important;background-repeat: no-repeat !important;background-size: cover !important;}\u00a0\u00bb offset=\u00a0\u00bbvc_hidden-xs\u00a0\u00bb][\/vc_column][vc_column width=\u00a0\u00bb1\/2&Prime; css=\u00a0\u00bb.vc_custom_1481555460234{padding-top: 40px !important;padding-bottom: 40px !important;background-color: #f3f3f3 !important;}\u00a0\u00bb][vc_column_text css=\u00a0\u00bb.vc_custom_1487152558790{margin-bottom: 20px !important;}\u00a0\u00bb el_class=\u00a0\u00bbwrap-resp\u00a0\u00bb] Dinner \u201eD\u00e9couverte\u201c Im Restaurant \u201eLes Trois Rochers\u201c [\/vc_column_text][vc_column_text css=\u00a0\u00bb.vc_custom_1487152921425{margin-bottom: 20px !important;}\u00a0\u00bb el_class=\u00a0\u00bbwrap-resp\u00a0\u00bb]Dieser [&hellip;]<\/p>\n","protected":false},"author":1,"featured_media":0,"parent":0,"menu_order":0,"comment_status":"closed","ping_status":"closed","template":"template-page-bonscadeaux.php","meta":{"_acf_changed":false,"inline_featured_image":false,"footnotes":""},"class_list":["post-2065","page","type-page","status-publish","hentry"],"acf":[],"yoast_head":"<!-- This site is optimized with the Yoast SEO plugin v27.3 - https:\/\/yoast.com\/product\/yoast-seo-wordpress\/ -->\n<title>Die Geschenkgutscheine &amp; Ideen bleiben - Trimen (DE)<\/title>\n<meta name=\"description\" content=\"Offrez un s\u00e9jour dans un cadre idyllique, sur les bords de l\u2019Odet. Ce bon cadeau est valable pour 2 personnes et comprend\" \/>\n<meta name=\"robots\" content=\"index, follow, max-snippet:-1, max-image-preview:large, max-video-preview:-1\" \/>\n<link rel=\"canonical\" href=\"https:\/\/www.trimen.fr\/de\/die-geschenkgutscheine\/\" \/>\n<meta property=\"og:locale\" content=\"fr_FR\" \/>\n<meta property=\"og:type\" content=\"article\" \/>\n<meta property=\"og:title\" content=\"Die Geschenkgutscheine &amp; Ideen bleiben - Trimen (DE)\" \/>\n<meta property=\"og:description\" content=\"Offrez un s\u00e9jour dans un cadre idyllique, sur les bords de l\u2019Odet. Ce bon cadeau est valable pour 2 personnes et comprend\" \/>\n<meta property=\"og:url\" content=\"https:\/\/www.trimen.fr\/de\/die-geschenkgutscheine\/\" \/>\n<meta property=\"og:site_name\" content=\"Trimen (DE)\" \/>\n<meta property=\"article:modified_time\" content=\"2025-12-27T11:19:26+00:00\" \/>\n<meta property=\"og:image\" content=\"https:\/\/www.trimen.fr\/de\/wp-content\/uploads\/sites\/2\/2016\/09\/accueil_hotel.jpg\" \/>\n\t<meta property=\"og:image:width\" content=\"1280\" \/>\n\t<meta property=\"og:image:height\" content=\"720\" \/>\n\t<meta property=\"og:image:type\" content=\"image\/jpeg\" \/>\n<meta name=\"twitter:card\" content=\"summary_large_image\" \/>\n<meta name=\"twitter:label1\" content=\"Dur\u00e9e de lecture estim\u00e9e\" \/>\n\t<meta name=\"twitter:data1\" content=\"5 minutes\" \/>\n<script type=\"application\/ld+json\" class=\"yoast-schema-graph\">{\"@context\":\"https:\\\/\\\/schema.org\",\"@graph\":[{\"@type\":\"WebPage\",\"@id\":\"https:\\\/\\\/www.trimen.fr\\\/de\\\/die-geschenkgutscheine\\\/\",\"url\":\"https:\\\/\\\/www.trimen.fr\\\/de\\\/die-geschenkgutscheine\\\/\",\"name\":\"Die Geschenkgutscheine &amp; Ideen bleiben - Trimen (DE)\",\"isPartOf\":{\"@id\":\"https:\\\/\\\/www.trimen.fr\\\/de\\\/#website\"},\"datePublished\":\"2016-11-28T11:34:03+00:00\",\"dateModified\":\"2025-12-27T11:19:26+00:00\",\"description\":\"Offrez un s\u00e9jour dans un cadre idyllique, sur les bords de l\u2019Odet. Ce bon cadeau est valable pour 2 personnes et comprend\",\"breadcrumb\":{\"@id\":\"https:\\\/\\\/www.trimen.fr\\\/de\\\/die-geschenkgutscheine\\\/#breadcrumb\"},\"inLanguage\":\"fr-FR\",\"potentialAction\":[{\"@type\":\"ReadAction\",\"target\":[\"https:\\\/\\\/www.trimen.fr\\\/de\\\/die-geschenkgutscheine\\\/\"]}]},{\"@type\":\"BreadcrumbList\",\"@id\":\"https:\\\/\\\/www.trimen.fr\\\/de\\\/die-geschenkgutscheine\\\/#breadcrumb\",\"itemListElement\":[{\"@type\":\"ListItem\",\"position\":1,\"name\":\"Accueil\",\"item\":\"https:\\\/\\\/www.trimen.fr\\\/de\\\/\"},{\"@type\":\"ListItem\",\"position\":2,\"name\":\"Die Geschenkgutscheine &amp; Ideen bleiben\"}]},{\"@type\":\"WebSite\",\"@id\":\"https:\\\/\\\/www.trimen.fr\\\/de\\\/#website\",\"url\":\"https:\\\/\\\/www.trimen.fr\\\/de\\\/\",\"name\":\"Trimen (DE)\",\"description\":\"FOUR-STAR HOTEL AND RESTAURANT, ON THE WATERFRONT IN SAINTE-MARINE\",\"potentialAction\":[{\"@type\":\"SearchAction\",\"target\":{\"@type\":\"EntryPoint\",\"urlTemplate\":\"https:\\\/\\\/www.trimen.fr\\\/de\\\/?s={search_term_string}\"},\"query-input\":{\"@type\":\"PropertyValueSpecification\",\"valueRequired\":true,\"valueName\":\"search_term_string\"}}],\"inLanguage\":\"fr-FR\"}]}<\/script>\n<!-- \/ Yoast SEO plugin. -->","yoast_head_json":{"title":"Die Geschenkgutscheine &amp; Ideen bleiben - Trimen (DE)","description":"Offrez un s\u00e9jour dans un cadre idyllique, sur les bords de l\u2019Odet. Ce bon cadeau est valable pour 2 personnes et comprend","robots":{"index":"index","follow":"follow","max-snippet":"max-snippet:-1","max-image-preview":"max-image-preview:large","max-video-preview":"max-video-preview:-1"},"canonical":"https:\/\/www.trimen.fr\/de\/die-geschenkgutscheine\/","og_locale":"fr_FR","og_type":"article","og_title":"Die Geschenkgutscheine &amp; Ideen bleiben - Trimen (DE)","og_description":"Offrez un s\u00e9jour dans un cadre idyllique, sur les bords de l\u2019Odet. Ce bon cadeau est valable pour 2 personnes et comprend","og_url":"https:\/\/www.trimen.fr\/de\/die-geschenkgutscheine\/","og_site_name":"Trimen (DE)","article_modified_time":"2025-12-27T11:19:26+00:00","og_image":[{"width":1280,"height":720,"url":"https:\/\/www.trimen.fr\/de\/wp-content\/uploads\/sites\/2\/2016\/09\/accueil_hotel.jpg","type":"image\/jpeg"}],"twitter_card":"summary_large_image","twitter_misc":{"Dur\u00e9e de lecture estim\u00e9e":"5 minutes"},"schema":{"@context":"https:\/\/schema.org","@graph":[{"@type":"WebPage","@id":"https:\/\/www.trimen.fr\/de\/die-geschenkgutscheine\/","url":"https:\/\/www.trimen.fr\/de\/die-geschenkgutscheine\/","name":"Die Geschenkgutscheine &amp; Ideen bleiben - Trimen (DE)","isPartOf":{"@id":"https:\/\/www.trimen.fr\/de\/#website"},"datePublished":"2016-11-28T11:34:03+00:00","dateModified":"2025-12-27T11:19:26+00:00","description":"Offrez un s\u00e9jour dans un cadre idyllique, sur les bords de l\u2019Odet. Ce bon cadeau est valable pour 2 personnes et comprend","breadcrumb":{"@id":"https:\/\/www.trimen.fr\/de\/die-geschenkgutscheine\/#breadcrumb"},"inLanguage":"fr-FR","potentialAction":[{"@type":"ReadAction","target":["https:\/\/www.trimen.fr\/de\/die-geschenkgutscheine\/"]}]},{"@type":"BreadcrumbList","@id":"https:\/\/www.trimen.fr\/de\/die-geschenkgutscheine\/#breadcrumb","itemListElement":[{"@type":"ListItem","position":1,"name":"Accueil","item":"https:\/\/www.trimen.fr\/de\/"},{"@type":"ListItem","position":2,"name":"Die Geschenkgutscheine &amp; Ideen bleiben"}]},{"@type":"WebSite","@id":"https:\/\/www.trimen.fr\/de\/#website","url":"https:\/\/www.trimen.fr\/de\/","name":"Trimen (DE)","description":"FOUR-STAR HOTEL AND RESTAURANT, ON THE WATERFRONT IN SAINTE-MARINE","potentialAction":[{"@type":"SearchAction","target":{"@type":"EntryPoint","urlTemplate":"https:\/\/www.trimen.fr\/de\/?s={search_term_string}"},"query-input":{"@type":"PropertyValueSpecification","valueRequired":true,"valueName":"search_term_string"}}],"inLanguage":"fr-FR"}]}},"_links":{"self":[{"href":"https:\/\/www.trimen.fr\/de\/wp-json\/wp\/v2\/pages\/2065","targetHints":{"allow":["GET"]}}],"collection":[{"href":"https:\/\/www.trimen.fr\/de\/wp-json\/wp\/v2\/pages"}],"about":[{"href":"https:\/\/www.trimen.fr\/de\/wp-json\/wp\/v2\/types\/page"}],"author":[{"embeddable":true,"href":"https:\/\/www.trimen.fr\/de\/wp-json\/wp\/v2\/users\/1"}],"replies":[{"embeddable":true,"href":"https:\/\/www.trimen.fr\/de\/wp-json\/wp\/v2\/comments?post=2065"}],"version-history":[{"count":25,"href":"https:\/\/www.trimen.fr\/de\/wp-json\/wp\/v2\/pages\/2065\/revisions"}],"predecessor-version":[{"id":3118,"href":"https:\/\/www.trimen.fr\/de\/wp-json\/wp\/v2\/pages\/2065\/revisions\/3118"}],"wp:attachment":[{"href":"https:\/\/www.trimen.fr\/de\/wp-json\/wp\/v2\/media?parent=2065"}],"curies":[{"name":"wp","href":"https:\/\/api.w.org\/{rel}","templated":true}]}}