{"id":2194,"date":"2016-11-29T11:10:05","date_gmt":"2016-11-29T10:10:05","guid":{"rendered":"https:\/\/www.trimen.fr\/de\/?page_id=2194"},"modified":"2026-01-12T14:12:06","modified_gmt":"2026-01-12T13:12:06","slug":"die-cottages","status":"publish","type":"page","link":"https:\/\/www.trimen.fr\/de\/die-cottages\/","title":{"rendered":"Die cottages"},"content":{"rendered":"<div class=\"wpb-content-wrapper\"><p>[vc_row el_class=\u00a0\u00bbtexte-center\u00a0\u00bb][vc_column css_animation=\u00a0\u00bbfadeInDown\u00a0\u00bb css=\u00a0\u00bb.vc_custom_1766828283951{background-position: center !important;background-repeat: no-repeat !important;background-size: contain !important;}\u00a0\u00bb]<div    style=\"width:auto; height:500px; background-image:url(https:\/\/www.trimen.fr\/de\/wp-content\/uploads\/sites\/2\/2016\/11\/Bnd-TOP-cottage.jpg); background-position: top center;\" class=\"KVC_composant_imageROll\" >\t<div class=\"zoneTexte\"><span style=\"text-align:center; vertical-align:middle;\"><\/p>\n<h1>Die cottages<\/h1>\n<p><\/span><\/div><\/div>[\/vc_column][\/vc_row][vc_row css=\u00a0\u00bb.vc_custom_1766571876064{margin-top: 35px !important;margin-bottom: 20px !important;}\u00a0\u00bb][vc_column width=\u00a0\u00bb1\/4&Prime; css=\u00a0\u00bb.vc_custom_1766573234699{margin-bottom: 30px !important;margin-left: 70px !important;padding-right: 40px !important;}\u00a0\u00bb][vc_column_text css_animation=\u00a0\u00bbfadeInLeft\u00a0\u00bb css=\u00a0\u00bb.vc_custom_1766828576476{margin-bottom: 20px !important;}\u00a0\u00bb]<\/p>\n<h2 style=\"text-align: left\"><span style=\"color: #a91e22\">Privatsph\u00e4re<\/span><\/h2>\n<h2 style=\"text-align: left\"><strong><span style=\"color: #a91e22;font-size: 40px\">im Herzen der Natur<\/span><\/strong><\/h2>\n<p>[\/vc_column_text][vc_column_text css=\u00a0\u00bb.vc_custom_1767878663169{margin-top: 20px !important;}\u00a0\u00bb]<\/p>\n<p style=\"text-align: left\">Zus\u00e4tzlich zu den 16 Zimmern im Hauptgeb\u00e4ude bietet Villa Tri Men 3 Cottages, die sich optimal in den Garten einf\u00fcgen. Jedes Cottage hat seine eigene Terrasse, damit jeder Gast voll von dem Au\u00dfengel\u00e4nde profitieren kann.<\/p>\n<p style=\"text-align: left\">Double beds can be changed to twin beds, on request prior to arrival (subject to availability).<\/p>\n<p>&nbsp;<\/p>\n<p style=\"text-align: left\"><em><img loading=\"lazy\" decoding=\"async\" class=\"wp-image-4379 alignleft\" src=\"https:\/\/www.trimen.fr\/wp-content\/uploads\/2025\/12\/pattes-300x300.png\" alt=\"\" width=\"27\" height=\"27\" \/><\/em><span style=\"font-size: 15px\">Unsere Cottages eignen sich auch besonders gut f\u00fcr einen Aufenthalt mit Ihrem Hund. Sie bieten einen direkten Zugang zum Park und zum Garten. Haustiere (<strong>ein Hund pro Cottage<\/strong>) sind je nach Kategorie und Verf\u00fcgbarkeit willkommen. Bitte beachten Sie, dass Hunde an der Leine gef\u00fchrt werden m\u00fcssen und weder im Restaurant noch beim Fr\u00fchst\u00fcck gestattet sind. Aufpreis: 17\u202f\u20ac\/Nacht.<\/span><\/p>\n<p>[\/vc_column_text][vc_column_text css=\u00a0\u00bb.vc_custom_1767878742417{margin-top: 20px !important;}\u00a0\u00bb]<\/p>\n<p style=\"text-align: left\" data-start=\"132\" data-end=\"296\"><span style=\"color: #a91e22;font-size: 15px\"><strong data-start=\"132\" data-end=\"164\">Unverbindliche Abbildungen<br \/>\nIllustrationen nach architektonischen Entw\u00fcrfen<\/strong><\/span><\/p>\n<p>[\/vc_column_text][\/vc_column][vc_column width=\u00a0\u00bb1\/4&Prime; css=\u00a0\u00bb.vc_custom_1766572663867{margin-top: 70px !important;margin-right: 20px !important;margin-left: 20px !important;}\u00a0\u00bb][vc_hoverbox image=\u00a0\u00bb2998&Prime; primary_title=\u00a0\u00bbCottage Garten N\u00b019&Prime; primary_title_font_container=\u00a0\u00bbcolor:%23FFFFFF\u00a0\u00bb primary_title_use_theme_fonts=\u00a0\u00bbyes\u00a0\u00bb primary_title_css_animation=\u00a0\u00bbnone\u00a0\u00bb hover_title=\u00a0\u00bbCottage Garten N\u00b019&Prime; shape=\u00a0\u00bbsquare\u00a0\u00bb el_width=\u00a0\u00bb70&Prime; hover_btn_title=\u00a0\u00bbJetzt buchen\u00a0\u00bb hover_btn_style=\u00a0\u00bboutline\u00a0\u00bb hover_btn_color=\u00a0\u00bbinverse\u00a0\u00bb css_animation=\u00a0\u00bbnone\u00a0\u00bb use_custom_fonts_primary_title=\u00a0\u00bbtrue\u00a0\u00bb hover_add_button=\u00a0\u00bbtrue\u00a0\u00bb primary_title_el_class=\u00a0\u00bbwrap-resp\u00a0\u00bb hover_btn_link=\u00a0\u00bburl:https%3A%2F%2Fsecure.reservit.com%2Fengine%2Fbooking%2F2%2F9233%2Fdates%3FspecialMode%3Ddefault%26langcode%3DDE%26m%3Dbooking%26roomtcode%3D519034&Prime;]<\/p>\n<h5><\/h5>\n<p>&nbsp;<\/p>\n<h5>\u00a0<img loading=\"lazy\" decoding=\"async\" class=\"alignnone wp-image-3352\" src=\"https:\/\/www.trimen.fr\/en\/wp-content\/uploads\/sites\/3\/2026\/01\/2309927-300x300.png\" alt=\"\" width=\"32\" height=\"32\" \/><\/h5>\n<p><span style=\"font-size: 14px\">27 m\u00b2 &#8211; Im Garten gelegen, mit separatem Zugang und sonniger S\u00fcdterrasse. <\/span><\/p>\n<h5><\/h5>\n<p>&nbsp;<\/p>\n<h5><\/h5>\n<p>&nbsp;<\/p>\n<h5><\/h5>\n<p>[\/vc_hoverbox][\/vc_column][vc_column width=\u00a0\u00bb1\/4&Prime; css=\u00a0\u00bb.vc_custom_1766572667896{margin-top: 70px !important;margin-right: 20px !important;margin-left: 20px !important;}\u00a0\u00bb][vc_hoverbox image=\u00a0\u00bb3013&Prime; primary_title=\u00a0\u00bbCottage mit Meerblick &#8211; N\u00b0 21&Prime; primary_title_font_container=\u00a0\u00bbcolor:%23FFFFFF\u00a0\u00bb primary_title_use_theme_fonts=\u00a0\u00bbyes\u00a0\u00bb hover_title=\u00a0\u00bbCottage mit Meerblick N\u00b021&Prime; shape=\u00a0\u00bbsquare\u00a0\u00bb el_width=\u00a0\u00bb70&Prime; hover_btn_title=\u00a0\u00bbJetzt buchen\u00a0\u00bb hover_btn_style=\u00a0\u00bboutline\u00a0\u00bb hover_btn_color=\u00a0\u00bbblack\u00a0\u00bb use_custom_fonts_primary_title=\u00a0\u00bbtrue\u00a0\u00bb hover_add_button=\u00a0\u00bbtrue\u00a0\u00bb primary_title_el_class=\u00a0\u00bbwrap-resp\u00a0\u00bb hover_btn_link=\u00a0\u00bburl:https%3A%2F%2Fsecure.reservit.com%2Fengine%2Fbooking%2F2%2F9233%2Fdates%3FspecialMode%3Ddefault%26langcode%3DDE%26m%3Dbooking%26roomtcode%3D118244&Prime;]<\/p>\n<h5><\/h5>\n<h5>\u00a0<img loading=\"lazy\" decoding=\"async\" class=\"alignnone wp-image-3352\" src=\"https:\/\/www.trimen.fr\/en\/wp-content\/uploads\/sites\/3\/2026\/01\/2309927-300x300.png\" alt=\"\" width=\"32\" height=\"32\" \/>\u00a0<img loading=\"lazy\" decoding=\"async\" class=\"alignnone wp-image-3351\" src=\"https:\/\/www.trimen.fr\/en\/wp-content\/uploads\/sites\/3\/2026\/01\/259973-300x300.png\" alt=\"\" width=\"32\" height=\"32\" \/><\/h5>\n<p><span style=\"font-size: 14px\">29 m\u00b2 &#8211; Unabh\u00e4ngig gelegen, mit Terrasse und Blick auf das Meer und auf B\u00e9nodet. <\/span><\/p>\n<p>&nbsp;<\/p>\n<h5><\/h5>\n<p>[\/vc_hoverbox][\/vc_column][vc_column width=\u00a0\u00bb1\/4&Prime; css=\u00a0\u00bb.vc_custom_1766572672599{margin-top: 70px !important;margin-right: 20px !important;margin-left: 20px !important;}\u00a0\u00bb][vc_hoverbox image=\u00a0\u00bb2999&Prime; primary_title=\u00a0\u00bbFamilien-Cottage N\u00b020&Prime; primary_title_font_container=\u00a0\u00bbcolor:%23FFFFFF\u00a0\u00bb primary_title_use_theme_fonts=\u00a0\u00bbyes\u00a0\u00bb hover_title=\u00a0\u00bbFamilien-Cottage N\u00b020&Prime; shape=\u00a0\u00bbsquare\u00a0\u00bb el_width=\u00a0\u00bb70&Prime; hover_btn_title=\u00a0\u00bbJetzt buchen\u00a0\u00bb hover_btn_style=\u00a0\u00bboutline\u00a0\u00bb hover_btn_color=\u00a0\u00bbblack\u00a0\u00bb use_custom_fonts_primary_title=\u00a0\u00bbtrue\u00a0\u00bb hover_add_button=\u00a0\u00bbtrue\u00a0\u00bb primary_title_el_class=\u00a0\u00bbwrap-resp\u00a0\u00bb hover_btn_link=\u00a0\u00bburl:https%3A%2F%2Fsecure.reservit.com%2Fengine%2Fbooking%2F2%2F9233%2Fdates%3FspecialMode%3Ddefault%26langcode%3DDE%26m%3Dbooking%26roomtcode%3D190721&Prime;]<\/p>\n<h5><\/h5>\n<h5>\u00a0<img loading=\"lazy\" decoding=\"async\" class=\"alignnone wp-image-3352\" src=\"https:\/\/www.trimen.fr\/en\/wp-content\/uploads\/sites\/3\/2026\/01\/2309927-300x300.png\" alt=\"\" width=\"32\" height=\"32\" \/>\u00a0<img loading=\"lazy\" decoding=\"async\" class=\"alignnone wp-image-3351\" src=\"https:\/\/www.trimen.fr\/en\/wp-content\/uploads\/sites\/3\/2026\/01\/259973-300x300.png\" alt=\"\" width=\"32\" height=\"32\" \/><\/h5>\n<p style=\"text-align: center\"><span style=\"font-size: 14px\">50 sqm &#8211; Ger\u00e4umig und unabh\u00e4ngig, im Garten gelegen \u2013 ideal f\u00fcr Familien. Mit sonniger S\u00fcdterrasse; zweigeschossig, mit einem Schlafzimmer und Sitzecke im Erdgeschoss sowie zwei Einzelbetten im Obergeschoss.<\/span><\/p>\n<p>[\/vc_hoverbox][\/vc_column][\/vc_row][vc_row css=\u00a0\u00bb.vc_custom_1766569363399{margin-right: 30px !important;margin-bottom: 50px !important;margin-left: 30px !important;}\u00a0\u00bb][vc_column width=\u00a0\u00bb2\/3&Prime;][vc_row_inner][vc_column_inner width=\u00a0\u00bb1\/2&Prime; css=\u00a0\u00bb.vc_custom_1766504662512{margin-right: 100px !important;background-image: url(https:\/\/www.trimen.fr\/wp-content\/uploads\/2025\/12\/2025-12-12-BOTANICA-VUE-B-modif3.jpg?id=4526) !important;background-position: center !important;background-repeat: no-repeat !important;background-size: cover !important;}\u00a0\u00bb][vc_btn title=\u00a0\u00bbZU DEN ZIMMER\u00a0\u00bb style=\u00a0\u00bbcustom\u00a0\u00bb custom_background=\u00a0\u00bb#ffffff\u00a0\u00bb custom_text=\u00a0\u00bb#7B7F80&Prime; align=\u00a0\u00bbcenter\u00a0\u00bb css=\u00a0\u00bb.vc_custom_1766828786959{margin-top: 150px !important;margin-bottom: 150px !important;background-color: #7B7F8000 !important;}\u00a0\u00bb link=\u00a0\u00bburl:https%3A%2F%2Fwww.trimen.fr%2Fde%2Fdie-zimmer%2F|title:Les%20chambres\u00a0\u00bb][\/vc_column_inner][vc_column_inner width=\u00a0\u00bb1\/2&Prime; css=\u00a0\u00bb.vc_custom_1766567777173{margin-left: 100px !important;background-image: url(https:\/\/www.trimen.fr\/wp-content\/uploads\/2025\/10\/vue-20-scaled-e1760013132851.jpg?id=4084) !important;background-position: center !important;background-repeat: no-repeat !important;background-size: cover !important;}\u00a0\u00bb][vc_btn title=\u00a0\u00bbZU DEN SERVICES\u00a0\u00bb style=\u00a0\u00bbcustom\u00a0\u00bb custom_background=\u00a0\u00bb#ffffff\u00a0\u00bb custom_text=\u00a0\u00bb#7B7F80&Prime; align=\u00a0\u00bbcenter\u00a0\u00bb css=\u00a0\u00bb.vc_custom_1766828752783{margin-top: 150px !important;margin-bottom: 150px !important;background-color: #7B7F8000 !important;}\u00a0\u00bb link=\u00a0\u00bburl:https%3A%2F%2Fwww.trimen.fr%2Fde%2Funsere-dienstleistungen%2F|title:Nos%20services\u00a0\u00bb][\/vc_column_inner][\/vc_row_inner][\/vc_column][vc_column css_animation=\u00a0\u00bbslideInLeft\u00a0\u00bb width=\u00a0\u00bb1\/3&Prime; css=\u00a0\u00bb.vc_custom_1766499485140{margin-top: 60px !important;margin-left: 70px !important;}\u00a0\u00bb][vc_column_text css=\u00a0\u00bb\u00a0\u00bb]<\/p>\n<h2><span style=\"color: #7b7f80\">SIE HABEN EINE FRAGE?<\/span><\/h2>\n<p><span style=\"color: #7b7f80;font-size: 16px\">SIE VERREISEN MIT KINDERN?<\/span>[\/vc_column_text][vc_btn title=\u00a0\u00bbKONTAKTIEREN SIE UNS\u00a0\u00bb css=\u00a0\u00bb.vc_custom_1766828351112{padding-top: 30px !important;padding-bottom: 30px !important;}\u00a0\u00bb link=\u00a0\u00bburl:https%3A%2F%2Fwww.trimen.fr%2Fde%2Fkontakt%2F|title:Kontakt\u00a0\u00bb][vc_column_text css=\u00a0\u00bb\u00a0\u00bb]<span style=\"color: #a91e22\">KONTAKTIEREN SIE UNS +33 (0)2 98 51 94 94<\/span>[\/vc_column_text][\/vc_column][\/vc_row]<\/p>\n<\/div>","protected":false},"excerpt":{"rendered":"<p>[vc_row el_class=\u00a0\u00bbtexte-center\u00a0\u00bb][vc_column css_animation=\u00a0\u00bbfadeInDown\u00a0\u00bb css=\u00a0\u00bb.vc_custom_1766828283951{background-position: center !important;background-repeat: no-repeat !important;background-size: contain !important;}\u00a0\u00bb][\/vc_column][\/vc_row][vc_row css=\u00a0\u00bb.vc_custom_1766571876064{margin-top: 35px !important;margin-bottom: 20px !important;}\u00a0\u00bb][vc_column width=\u00a0\u00bb1\/4&Prime; css=\u00a0\u00bb.vc_custom_1766573234699{margin-bottom: 30px !important;margin-left: 70px !important;padding-right: 40px !important;}\u00a0\u00bb][vc_column_text css_animation=\u00a0\u00bbfadeInLeft\u00a0\u00bb css=\u00a0\u00bb.vc_custom_1766828576476{margin-bottom: 20px !important;}\u00a0\u00bb] Privatsph\u00e4re im Herzen der Natur [\/vc_column_text][vc_column_text css=\u00a0\u00bb.vc_custom_1767878663169{margin-top: 20px !important;}\u00a0\u00bb] Zus\u00e4tzlich zu den 16 Zimmern im Hauptgeb\u00e4ude bietet Villa Tri Men 3 Cottages, die sich optimal in den Garten [&hellip;]<\/p>\n","protected":false},"author":1,"featured_media":2124,"parent":0,"menu_order":0,"comment_status":"closed","ping_status":"closed","template":"template-page.php","meta":{"_acf_changed":false,"inline_featured_image":false,"footnotes":""},"class_list":["post-2194","page","type-page","status-publish","has-post-thumbnail","hentry"],"acf":[],"yoast_head":"<!-- This site is optimized with the Yoast SEO plugin v27.3 - https:\/\/yoast.com\/product\/yoast-seo-wordpress\/ -->\n<title>Die cottages - Trimen (DE)<\/title>\n<meta name=\"description\" content=\"la Villa Tri Men propose 3 cottages qui se fondent dans le jardin. Pour profiter pleinement des ext\u00e9rieurs, chacun dispose d\u2019une terrasse privative.\" \/>\n<meta name=\"robots\" content=\"index, follow, max-snippet:-1, max-image-preview:large, max-video-preview:-1\" \/>\n<link rel=\"canonical\" href=\"https:\/\/www.trimen.fr\/de\/die-cottages\/\" \/>\n<meta property=\"og:locale\" content=\"fr_FR\" \/>\n<meta property=\"og:type\" content=\"article\" \/>\n<meta property=\"og:title\" content=\"Die cottages - Trimen (DE)\" \/>\n<meta property=\"og:description\" content=\"la Villa Tri Men propose 3 cottages qui se fondent dans le jardin. Pour profiter pleinement des ext\u00e9rieurs, chacun dispose d\u2019une terrasse privative.\" \/>\n<meta property=\"og:url\" content=\"https:\/\/www.trimen.fr\/de\/die-cottages\/\" \/>\n<meta property=\"og:site_name\" content=\"Trimen (DE)\" \/>\n<meta property=\"article:modified_time\" content=\"2026-01-12T13:12:06+00:00\" \/>\n<meta property=\"og:image\" content=\"https:\/\/www.trimen.fr\/de\/wp-content\/uploads\/sites\/2\/2016\/11\/Bnd-TOP-cottage.jpg\" \/>\n\t<meta property=\"og:image:width\" content=\"1280\" \/>\n\t<meta property=\"og:image:height\" content=\"720\" \/>\n\t<meta property=\"og:image:type\" content=\"image\/jpeg\" \/>\n<meta name=\"twitter:card\" content=\"summary_large_image\" \/>\n<meta name=\"twitter:label1\" content=\"Dur\u00e9e de lecture estim\u00e9e\" \/>\n\t<meta name=\"twitter:data1\" content=\"5 minutes\" \/>\n<script type=\"application\/ld+json\" class=\"yoast-schema-graph\">{\"@context\":\"https:\\\/\\\/schema.org\",\"@graph\":[{\"@type\":\"WebPage\",\"@id\":\"https:\\\/\\\/www.trimen.fr\\\/de\\\/die-cottages\\\/\",\"url\":\"https:\\\/\\\/www.trimen.fr\\\/de\\\/die-cottages\\\/\",\"name\":\"Die cottages - Trimen (DE)\",\"isPartOf\":{\"@id\":\"https:\\\/\\\/www.trimen.fr\\\/de\\\/#website\"},\"primaryImageOfPage\":{\"@id\":\"https:\\\/\\\/www.trimen.fr\\\/de\\\/die-cottages\\\/#primaryimage\"},\"image\":{\"@id\":\"https:\\\/\\\/www.trimen.fr\\\/de\\\/die-cottages\\\/#primaryimage\"},\"thumbnailUrl\":\"https:\\\/\\\/www.trimen.fr\\\/de\\\/wp-content\\\/uploads\\\/sites\\\/2\\\/2016\\\/11\\\/Bnd-TOP-cottage.jpg\",\"datePublished\":\"2016-11-29T10:10:05+00:00\",\"dateModified\":\"2026-01-12T13:12:06+00:00\",\"description\":\"la Villa Tri Men propose 3 cottages qui se fondent dans le jardin. Pour profiter pleinement des ext\u00e9rieurs, chacun dispose d\u2019une terrasse privative.\",\"breadcrumb\":{\"@id\":\"https:\\\/\\\/www.trimen.fr\\\/de\\\/die-cottages\\\/#breadcrumb\"},\"inLanguage\":\"fr-FR\",\"potentialAction\":[{\"@type\":\"ReadAction\",\"target\":[\"https:\\\/\\\/www.trimen.fr\\\/de\\\/die-cottages\\\/\"]}]},{\"@type\":\"ImageObject\",\"inLanguage\":\"fr-FR\",\"@id\":\"https:\\\/\\\/www.trimen.fr\\\/de\\\/die-cottages\\\/#primaryimage\",\"url\":\"https:\\\/\\\/www.trimen.fr\\\/de\\\/wp-content\\\/uploads\\\/sites\\\/2\\\/2016\\\/11\\\/Bnd-TOP-cottage.jpg\",\"contentUrl\":\"https:\\\/\\\/www.trimen.fr\\\/de\\\/wp-content\\\/uploads\\\/sites\\\/2\\\/2016\\\/11\\\/Bnd-TOP-cottage.jpg\",\"width\":1280,\"height\":720},{\"@type\":\"BreadcrumbList\",\"@id\":\"https:\\\/\\\/www.trimen.fr\\\/de\\\/die-cottages\\\/#breadcrumb\",\"itemListElement\":[{\"@type\":\"ListItem\",\"position\":1,\"name\":\"Accueil\",\"item\":\"https:\\\/\\\/www.trimen.fr\\\/de\\\/\"},{\"@type\":\"ListItem\",\"position\":2,\"name\":\"Die cottages\"}]},{\"@type\":\"WebSite\",\"@id\":\"https:\\\/\\\/www.trimen.fr\\\/de\\\/#website\",\"url\":\"https:\\\/\\\/www.trimen.fr\\\/de\\\/\",\"name\":\"Trimen (DE)\",\"description\":\"FOUR-STAR HOTEL AND RESTAURANT, ON THE WATERFRONT IN SAINTE-MARINE\",\"potentialAction\":[{\"@type\":\"SearchAction\",\"target\":{\"@type\":\"EntryPoint\",\"urlTemplate\":\"https:\\\/\\\/www.trimen.fr\\\/de\\\/?s={search_term_string}\"},\"query-input\":{\"@type\":\"PropertyValueSpecification\",\"valueRequired\":true,\"valueName\":\"search_term_string\"}}],\"inLanguage\":\"fr-FR\"}]}<\/script>\n<!-- \/ Yoast SEO plugin. -->","yoast_head_json":{"title":"Die cottages - Trimen (DE)","description":"la Villa Tri Men propose 3 cottages qui se fondent dans le jardin. Pour profiter pleinement des ext\u00e9rieurs, chacun dispose d\u2019une terrasse privative.","robots":{"index":"index","follow":"follow","max-snippet":"max-snippet:-1","max-image-preview":"max-image-preview:large","max-video-preview":"max-video-preview:-1"},"canonical":"https:\/\/www.trimen.fr\/de\/die-cottages\/","og_locale":"fr_FR","og_type":"article","og_title":"Die cottages - Trimen (DE)","og_description":"la Villa Tri Men propose 3 cottages qui se fondent dans le jardin. Pour profiter pleinement des ext\u00e9rieurs, chacun dispose d\u2019une terrasse privative.","og_url":"https:\/\/www.trimen.fr\/de\/die-cottages\/","og_site_name":"Trimen (DE)","article_modified_time":"2026-01-12T13:12:06+00:00","og_image":[{"width":1280,"height":720,"url":"https:\/\/www.trimen.fr\/de\/wp-content\/uploads\/sites\/2\/2016\/11\/Bnd-TOP-cottage.jpg","type":"image\/jpeg"}],"twitter_card":"summary_large_image","twitter_misc":{"Dur\u00e9e de lecture estim\u00e9e":"5 minutes"},"schema":{"@context":"https:\/\/schema.org","@graph":[{"@type":"WebPage","@id":"https:\/\/www.trimen.fr\/de\/die-cottages\/","url":"https:\/\/www.trimen.fr\/de\/die-cottages\/","name":"Die cottages - Trimen (DE)","isPartOf":{"@id":"https:\/\/www.trimen.fr\/de\/#website"},"primaryImageOfPage":{"@id":"https:\/\/www.trimen.fr\/de\/die-cottages\/#primaryimage"},"image":{"@id":"https:\/\/www.trimen.fr\/de\/die-cottages\/#primaryimage"},"thumbnailUrl":"https:\/\/www.trimen.fr\/de\/wp-content\/uploads\/sites\/2\/2016\/11\/Bnd-TOP-cottage.jpg","datePublished":"2016-11-29T10:10:05+00:00","dateModified":"2026-01-12T13:12:06+00:00","description":"la Villa Tri Men propose 3 cottages qui se fondent dans le jardin. Pour profiter pleinement des ext\u00e9rieurs, chacun dispose d\u2019une terrasse privative.","breadcrumb":{"@id":"https:\/\/www.trimen.fr\/de\/die-cottages\/#breadcrumb"},"inLanguage":"fr-FR","potentialAction":[{"@type":"ReadAction","target":["https:\/\/www.trimen.fr\/de\/die-cottages\/"]}]},{"@type":"ImageObject","inLanguage":"fr-FR","@id":"https:\/\/www.trimen.fr\/de\/die-cottages\/#primaryimage","url":"https:\/\/www.trimen.fr\/de\/wp-content\/uploads\/sites\/2\/2016\/11\/Bnd-TOP-cottage.jpg","contentUrl":"https:\/\/www.trimen.fr\/de\/wp-content\/uploads\/sites\/2\/2016\/11\/Bnd-TOP-cottage.jpg","width":1280,"height":720},{"@type":"BreadcrumbList","@id":"https:\/\/www.trimen.fr\/de\/die-cottages\/#breadcrumb","itemListElement":[{"@type":"ListItem","position":1,"name":"Accueil","item":"https:\/\/www.trimen.fr\/de\/"},{"@type":"ListItem","position":2,"name":"Die cottages"}]},{"@type":"WebSite","@id":"https:\/\/www.trimen.fr\/de\/#website","url":"https:\/\/www.trimen.fr\/de\/","name":"Trimen (DE)","description":"FOUR-STAR HOTEL AND RESTAURANT, ON THE WATERFRONT IN SAINTE-MARINE","potentialAction":[{"@type":"SearchAction","target":{"@type":"EntryPoint","urlTemplate":"https:\/\/www.trimen.fr\/de\/?s={search_term_string}"},"query-input":{"@type":"PropertyValueSpecification","valueRequired":true,"valueName":"search_term_string"}}],"inLanguage":"fr-FR"}]}},"_links":{"self":[{"href":"https:\/\/www.trimen.fr\/de\/wp-json\/wp\/v2\/pages\/2194","targetHints":{"allow":["GET"]}}],"collection":[{"href":"https:\/\/www.trimen.fr\/de\/wp-json\/wp\/v2\/pages"}],"about":[{"href":"https:\/\/www.trimen.fr\/de\/wp-json\/wp\/v2\/types\/page"}],"author":[{"embeddable":true,"href":"https:\/\/www.trimen.fr\/de\/wp-json\/wp\/v2\/users\/1"}],"replies":[{"embeddable":true,"href":"https:\/\/www.trimen.fr\/de\/wp-json\/wp\/v2\/comments?post=2194"}],"version-history":[{"count":24,"href":"https:\/\/www.trimen.fr\/de\/wp-json\/wp\/v2\/pages\/2194\/revisions"}],"predecessor-version":[{"id":3214,"href":"https:\/\/www.trimen.fr\/de\/wp-json\/wp\/v2\/pages\/2194\/revisions\/3214"}],"wp:featuredmedia":[{"embeddable":true,"href":"https:\/\/www.trimen.fr\/de\/wp-json\/wp\/v2\/media\/2124"}],"wp:attachment":[{"href":"https:\/\/www.trimen.fr\/de\/wp-json\/wp\/v2\/media?parent=2194"}],"curies":[{"name":"wp","href":"https:\/\/api.w.org\/{rel}","templated":true}]}}