{"id":2318,"date":"2016-12-06T15:39:53","date_gmt":"2016-12-06T14:39:53","guid":{"rendered":"https:\/\/www.trimen.fr\/de\/?page_id=2318"},"modified":"2026-03-17T12:20:32","modified_gmt":"2026-03-17T11:20:32","slug":"allgemeine-geschaftsbedingungen","status":"publish","type":"page","link":"https:\/\/www.trimen.fr\/de\/allgemeine-geschaftsbedingungen\/","title":{"rendered":"Allgemeine Gesch\u00e4ftsbedingungen"},"content":{"rendered":"<div class=\"wpb-content-wrapper\"><p>[vc_row css=\u00a0\u00bb.vc_custom_1479376216465{margin-bottom: 30px !important;}\u00a0\u00bb][vc_column css_animation=\u00a0\u00bbfadeInDown\u00a0\u00bb][vc_separator border_width=\u00a0\u00bb4&Prime; css=\u00a0\u00bb.vc_custom_1479831616986{margin-bottom: 80px !important;}\u00a0\u00bb][vc_column_text]<\/p>\n<h2><span style=\"color: #999999\">ALLGEMEINE GESCH\u00c4FTSBEDINGUNGEN<\/span><\/h2>\n<p>[\/vc_column_text][\/vc_column][\/vc_row][vc_row el_class=\u00a0\u00bbwrap-resp-1000 texte-left\u00a0\u00bb css=\u00a0\u00bb.vc_custom_1481104809158{margin-bottom: 80px !important;}\u00a0\u00bb][vc_column][vc_column_text css=\u00a0\u00bb.vc_custom_1773746425906{margin-bottom: 20px !important;}\u00a0\u00bb]<\/p>\n<h4><strong>Booking confirmation<\/strong><\/h4>\n<p>The reservation is only confirmed if guaranteed by a credit card, with a 30% deposit charged. The balance is payable on site, except in the event of late cancellation or no-show. Please contact us if you wish to arrange payment for the stay.<\/p>\n<p>&nbsp;<\/p>\n<h4><\/h4>\n<h4><strong>Cancellation or no show<\/strong><\/h4>\n<p>*For stays of less than 6 nights and\/or less than 4 rooms : their is no fees if canceled 3 full days before 10pm, otherwise their is 1 night charged per day considerated as too late.<\/p>\n<p>For reservations longer than 6 nights and\/or more than 4 rooms : in case of cancellation between 3 and 7 days prior arrival: the hotel will keep the total amount of the deposit for a next stay within 6 months (from the written reception of the cancellation). In case of cancellation within 3 days prior arrival, the hotel will keep the deposit.<\/p>\n<p>*In case of cancellation on arrival date, no show or shortened stay, the client accepts to be charged of the total amount of the initial stay on the given credit card.<\/p>\n<p>*Hotel gift vouchers : the conditions here above will be applied and will be deducted from the initial value of the gift voucher.<\/p>\n<p>&nbsp;<\/p>\n<h4><strong>Arrival time<\/strong><\/h4>\n<p>Every reservation is maintained up to 6pm. Thank you to contact us in case of late arrival.<br \/>\nYour room is available from 3 pm on arrival date.<\/p>\n<p>&nbsp;<\/p>\n<h4><strong>Departure time<\/strong><\/h4>\n<p>Check-out is before noon.<\/p>\n<p>&nbsp;<\/p>\n<h4><strong>Restaurant \u00ab Les Trois Rochers \u00bb<\/strong><\/h4>\n<p>We advise you to book a table in advance. Without prior booking, a table is not guaranteed.<\/p>\n<p>&nbsp;<\/p>\n<h4><strong>Animals<\/strong><\/h4>\n<p>Dogs only are allowed at the hotel (17 \u20ac per day per animal), 1 per room. They have to be kept on a lead. However, they are not accepted in the restaurant.<br \/>\nDamages noticed after departure will be charged on the credit card .<\/p>\n<p>&nbsp;<\/p>\n<h4><strong>Tobacco<\/strong><\/h4>\n<p>The hotel is entirely non-smoking. Smoking in the rooms is strictly forbidden. In case of damages caused by cigarettes or inability to rent the room, we will charge 50% of the night rate as compensation.<\/p>\n<p>&nbsp;<\/p>\n<h4><strong>Parking<\/strong><\/h4>\n<p>A parking is at your disposal \u2013 free of charge.<br \/>\nThe hotel declines any responsibilities for thefts, personal or material damaged in the parking.<\/p>\n<p>&nbsp;<\/p>\n<p>&nbsp;<\/p>\n<p>Consumer Code<br \/>\nWe recall the possibility for consumers to contact the MEDIATEUR DU TOURISM ET DU TRAVEL in the event of a conflict related to your service.<br \/>\nIn order to meet this obligation imposed by the Consumer Code, \u00ab\u00a0After contacting the establishment&rsquo;s customer service and in the absence of a satisfactory response within 1 month, the consumer can contact the Tourism and Travel mediator, whose contact details are given below:<br \/>\nPostal address: Tourism and Travel Mediation<br \/>\nBP 80 303 75 823<br \/>\nParis Cedex 17<br \/>\nWebsite: www.mtv.travel \u00bb[\/vc_column_text][\/vc_column][\/vc_row]<\/p>\n<\/div>","protected":false},"excerpt":{"rendered":"<p>[vc_row css=\u00a0\u00bb.vc_custom_1479376216465{margin-bottom: 30px !important;}\u00a0\u00bb][vc_column css_animation=\u00a0\u00bbfadeInDown\u00a0\u00bb][vc_separator border_width=\u00a0\u00bb4&Prime; css=\u00a0\u00bb.vc_custom_1479831616986{margin-bottom: 80px !important;}\u00a0\u00bb][vc_column_text] ALLGEMEINE GESCH\u00c4FTSBEDINGUNGEN [\/vc_column_text][\/vc_column][\/vc_row][vc_row el_class=\u00a0\u00bbwrap-resp-1000 texte-left\u00a0\u00bb css=\u00a0\u00bb.vc_custom_1481104809158{margin-bottom: 80px !important;}\u00a0\u00bb][vc_column][vc_column_text css=\u00a0\u00bb.vc_custom_1773746425906{margin-bottom: 20px !important;}\u00a0\u00bb] Booking confirmation The reservation is only confirmed if guaranteed by a credit card, with a 30% deposit charged. The balance is payable on site, except in the event of late cancellation or no-show. Please contact [&hellip;]<\/p>\n","protected":false},"author":1,"featured_media":0,"parent":0,"menu_order":0,"comment_status":"closed","ping_status":"closed","template":"template-page.php","meta":{"_acf_changed":false,"inline_featured_image":false,"footnotes":""},"class_list":["post-2318","page","type-page","status-publish","hentry"],"acf":[],"yoast_head":"<!-- This site is optimized with the Yoast SEO plugin v27.6 - https:\/\/yoast.com\/product\/yoast-seo-wordpress\/ -->\n<title>Allgemeine Gesch\u00e4ftsbedingungen - Trimen (DE)<\/title>\n<meta name=\"description\" content=\"La r\u00e9servation ne sera consid\u00e9r\u00e9e confirm\u00e9e que si elle est garantie par une carte de cr\u00e9dit.\" \/>\n<meta name=\"robots\" content=\"index, follow, max-snippet:-1, max-image-preview:large, max-video-preview:-1\" \/>\n<link rel=\"canonical\" href=\"https:\/\/www.trimen.fr\/de\/allgemeine-geschaftsbedingungen\/\" \/>\n<meta property=\"og:locale\" content=\"fr_FR\" \/>\n<meta property=\"og:type\" content=\"article\" \/>\n<meta property=\"og:title\" content=\"Allgemeine Gesch\u00e4ftsbedingungen - Trimen (DE)\" \/>\n<meta property=\"og:description\" content=\"La r\u00e9servation ne sera consid\u00e9r\u00e9e confirm\u00e9e que si elle est garantie par une carte de cr\u00e9dit.\" \/>\n<meta property=\"og:url\" content=\"https:\/\/www.trimen.fr\/de\/allgemeine-geschaftsbedingungen\/\" \/>\n<meta property=\"og:site_name\" content=\"Trimen (DE)\" \/>\n<meta property=\"article:modified_time\" content=\"2026-03-17T11:20:32+00:00\" \/>\n<meta property=\"og:image\" content=\"https:\/\/www.trimen.fr\/de\/wp-content\/uploads\/sites\/2\/2016\/09\/accueil_hotel.jpg\" \/>\n\t<meta property=\"og:image:width\" content=\"1280\" \/>\n\t<meta property=\"og:image:height\" content=\"720\" \/>\n\t<meta property=\"og:image:type\" content=\"image\/jpeg\" \/>\n<meta name=\"twitter:card\" content=\"summary_large_image\" \/>\n<meta name=\"twitter:label1\" content=\"Dur\u00e9e de lecture estim\u00e9e\" \/>\n\t<meta name=\"twitter:data1\" content=\"3 minutes\" \/>\n<script type=\"application\/ld+json\" class=\"yoast-schema-graph\">{\"@context\":\"https:\\\/\\\/schema.org\",\"@graph\":[{\"@type\":\"WebPage\",\"@id\":\"https:\\\/\\\/www.trimen.fr\\\/de\\\/allgemeine-geschaftsbedingungen\\\/\",\"url\":\"https:\\\/\\\/www.trimen.fr\\\/de\\\/allgemeine-geschaftsbedingungen\\\/\",\"name\":\"Allgemeine Gesch\u00e4ftsbedingungen - Trimen (DE)\",\"isPartOf\":{\"@id\":\"https:\\\/\\\/www.trimen.fr\\\/de\\\/#website\"},\"datePublished\":\"2016-12-06T14:39:53+00:00\",\"dateModified\":\"2026-03-17T11:20:32+00:00\",\"description\":\"La r\u00e9servation ne sera consid\u00e9r\u00e9e confirm\u00e9e que si elle est garantie par une carte de cr\u00e9dit.\",\"breadcrumb\":{\"@id\":\"https:\\\/\\\/www.trimen.fr\\\/de\\\/allgemeine-geschaftsbedingungen\\\/#breadcrumb\"},\"inLanguage\":\"fr-FR\",\"potentialAction\":[{\"@type\":\"ReadAction\",\"target\":[\"https:\\\/\\\/www.trimen.fr\\\/de\\\/allgemeine-geschaftsbedingungen\\\/\"]}]},{\"@type\":\"BreadcrumbList\",\"@id\":\"https:\\\/\\\/www.trimen.fr\\\/de\\\/allgemeine-geschaftsbedingungen\\\/#breadcrumb\",\"itemListElement\":[{\"@type\":\"ListItem\",\"position\":1,\"name\":\"Accueil\",\"item\":\"https:\\\/\\\/www.trimen.fr\\\/de\\\/\"},{\"@type\":\"ListItem\",\"position\":2,\"name\":\"Allgemeine Gesch\u00e4ftsbedingungen\"}]},{\"@type\":\"WebSite\",\"@id\":\"https:\\\/\\\/www.trimen.fr\\\/de\\\/#website\",\"url\":\"https:\\\/\\\/www.trimen.fr\\\/de\\\/\",\"name\":\"Trimen (DE)\",\"description\":\"FOUR-STAR HOTEL AND RESTAURANT, ON THE WATERFRONT IN SAINTE-MARINE\",\"potentialAction\":[{\"@type\":\"SearchAction\",\"target\":{\"@type\":\"EntryPoint\",\"urlTemplate\":\"https:\\\/\\\/www.trimen.fr\\\/de\\\/?s={search_term_string}\"},\"query-input\":{\"@type\":\"PropertyValueSpecification\",\"valueRequired\":true,\"valueName\":\"search_term_string\"}}],\"inLanguage\":\"fr-FR\"}]}<\/script>\n<!-- \/ Yoast SEO plugin. -->","yoast_head_json":{"title":"Allgemeine Gesch\u00e4ftsbedingungen - Trimen (DE)","description":"La r\u00e9servation ne sera consid\u00e9r\u00e9e confirm\u00e9e que si elle est garantie par une carte de cr\u00e9dit.","robots":{"index":"index","follow":"follow","max-snippet":"max-snippet:-1","max-image-preview":"max-image-preview:large","max-video-preview":"max-video-preview:-1"},"canonical":"https:\/\/www.trimen.fr\/de\/allgemeine-geschaftsbedingungen\/","og_locale":"fr_FR","og_type":"article","og_title":"Allgemeine Gesch\u00e4ftsbedingungen - Trimen (DE)","og_description":"La r\u00e9servation ne sera consid\u00e9r\u00e9e confirm\u00e9e que si elle est garantie par une carte de cr\u00e9dit.","og_url":"https:\/\/www.trimen.fr\/de\/allgemeine-geschaftsbedingungen\/","og_site_name":"Trimen (DE)","article_modified_time":"2026-03-17T11:20:32+00:00","og_image":[{"width":1280,"height":720,"url":"https:\/\/www.trimen.fr\/de\/wp-content\/uploads\/sites\/2\/2016\/09\/accueil_hotel.jpg","type":"image\/jpeg"}],"twitter_card":"summary_large_image","twitter_misc":{"Dur\u00e9e de lecture estim\u00e9e":"3 minutes"},"schema":{"@context":"https:\/\/schema.org","@graph":[{"@type":"WebPage","@id":"https:\/\/www.trimen.fr\/de\/allgemeine-geschaftsbedingungen\/","url":"https:\/\/www.trimen.fr\/de\/allgemeine-geschaftsbedingungen\/","name":"Allgemeine Gesch\u00e4ftsbedingungen - Trimen (DE)","isPartOf":{"@id":"https:\/\/www.trimen.fr\/de\/#website"},"datePublished":"2016-12-06T14:39:53+00:00","dateModified":"2026-03-17T11:20:32+00:00","description":"La r\u00e9servation ne sera consid\u00e9r\u00e9e confirm\u00e9e que si elle est garantie par une carte de cr\u00e9dit.","breadcrumb":{"@id":"https:\/\/www.trimen.fr\/de\/allgemeine-geschaftsbedingungen\/#breadcrumb"},"inLanguage":"fr-FR","potentialAction":[{"@type":"ReadAction","target":["https:\/\/www.trimen.fr\/de\/allgemeine-geschaftsbedingungen\/"]}]},{"@type":"BreadcrumbList","@id":"https:\/\/www.trimen.fr\/de\/allgemeine-geschaftsbedingungen\/#breadcrumb","itemListElement":[{"@type":"ListItem","position":1,"name":"Accueil","item":"https:\/\/www.trimen.fr\/de\/"},{"@type":"ListItem","position":2,"name":"Allgemeine Gesch\u00e4ftsbedingungen"}]},{"@type":"WebSite","@id":"https:\/\/www.trimen.fr\/de\/#website","url":"https:\/\/www.trimen.fr\/de\/","name":"Trimen (DE)","description":"FOUR-STAR HOTEL AND RESTAURANT, ON THE WATERFRONT IN SAINTE-MARINE","potentialAction":[{"@type":"SearchAction","target":{"@type":"EntryPoint","urlTemplate":"https:\/\/www.trimen.fr\/de\/?s={search_term_string}"},"query-input":{"@type":"PropertyValueSpecification","valueRequired":true,"valueName":"search_term_string"}}],"inLanguage":"fr-FR"}]}},"_links":{"self":[{"href":"https:\/\/www.trimen.fr\/de\/wp-json\/wp\/v2\/pages\/2318","targetHints":{"allow":["GET"]}}],"collection":[{"href":"https:\/\/www.trimen.fr\/de\/wp-json\/wp\/v2\/pages"}],"about":[{"href":"https:\/\/www.trimen.fr\/de\/wp-json\/wp\/v2\/types\/page"}],"author":[{"embeddable":true,"href":"https:\/\/www.trimen.fr\/de\/wp-json\/wp\/v2\/users\/1"}],"replies":[{"embeddable":true,"href":"https:\/\/www.trimen.fr\/de\/wp-json\/wp\/v2\/comments?post=2318"}],"version-history":[{"count":10,"href":"https:\/\/www.trimen.fr\/de\/wp-json\/wp\/v2\/pages\/2318\/revisions"}],"predecessor-version":[{"id":3252,"href":"https:\/\/www.trimen.fr\/de\/wp-json\/wp\/v2\/pages\/2318\/revisions\/3252"}],"wp:attachment":[{"href":"https:\/\/www.trimen.fr\/de\/wp-json\/wp\/v2\/media?parent=2318"}],"curies":[{"name":"wp","href":"https:\/\/api.w.org\/{rel}","templated":true}]}}