{"id":1843,"date":"2016-11-17T13:25:08","date_gmt":"2016-11-17T12:25:08","guid":{"rendered":"https:\/\/www.trimen.fr\/en\/?page_id=1843"},"modified":"2025-12-24T11:52:47","modified_gmt":"2025-12-24T10:52:47","slug":"tourism","status":"publish","type":"page","link":"https:\/\/www.trimen.fr\/en\/tourism\/","title":{"rendered":"Tourism"},"content":{"rendered":"<div class=\"wpb-content-wrapper\"><p>[vc_row css=\u00a0\u00bb.vc_custom_1480676339945{margin-bottom: 50px !important;}\u00a0\u00bb][vc_column css_animation=\u00a0\u00bbfadeInDown\u00a0\u00bb][vc_separator border_width=\u00a0\u00bb4&Prime; css=\u00a0\u00bb.vc_custom_1479377722594{margin-bottom: 60px !important;}\u00a0\u00bb][vc_column_text]<\/p>\n<h1><span style=\"color: #999999\">TOURISM<\/span><\/h1>\n<p>[\/vc_column_text][vc_column_text css=\u00a0\u00bb.vc_custom_1486024398666{margin-right: 20px !important;margin-left: 20px !important;}\u00a0\u00bb]<\/p>\n<h2><span style=\"color: #a91e22\">Favourites not to be missed<\/span><\/h2>\n<p>&nbsp;<\/p>\n<p>Our hotel\u2019s bold style brought you here.<\/p>\n<p>Now let us show you around our little piece of Brittany.<\/p>\n<p>See the selection of our favourite local sights, museums and boutiques.[\/vc_column_text][\/vc_column][\/vc_row][vc_row el_class=\u00a0\u00bbwrap-resp-1000&Prime; css=\u00a0\u00bb.vc_custom_1481032079236{margin-bottom: 100px !important;}\u00a0\u00bb][vc_column][vc_basic_grid post_type=\u00a0\u00bbpost\u00a0\u00bb max_items=\u00a0\u00bb-1&Prime; show_filter=\u00a0\u00bbyes\u00a0\u00bb gap=\u00a0\u00bb20&Prime; filter_style=\u00a0\u00bbbordered\u00a0\u00bb filter_default_title=\u00a0\u00bbAll\u00a0\u00bb filter_size=\u00a0\u00bblg\u00a0\u00bb item=\u00a0\u00bb1853&Prime; grid_id=\u00a0\u00bbvc_gid:1766573555335-944f2439-4afd-2&Prime; filter_source=\u00a0\u00bbcategory\u00a0\u00bb][\/vc_column][\/vc_row]<\/p>\n<\/div>","protected":false},"excerpt":{"rendered":"<p>[vc_row css=\u00a0\u00bb.vc_custom_1480676339945{margin-bottom: 50px !important;}\u00a0\u00bb][vc_column css_animation=\u00a0\u00bbfadeInDown\u00a0\u00bb][vc_separator border_width=\u00a0\u00bb4&Prime; css=\u00a0\u00bb.vc_custom_1479377722594{margin-bottom: 60px !important;}\u00a0\u00bb][vc_column_text] TOURISM [\/vc_column_text][vc_column_text css=\u00a0\u00bb.vc_custom_1486024398666{margin-right: 20px !important;margin-left: 20px !important;}\u00a0\u00bb] Favourites not to be missed &nbsp; Our hotel\u2019s bold style brought you here. Now let us show you around our little piece of Brittany. See the selection of our favourite local sights, museums and boutiques.[\/vc_column_text][\/vc_column][\/vc_row][vc_row el_class=\u00a0\u00bbwrap-resp-1000&Prime; css=\u00a0\u00bb.vc_custom_1481032079236{margin-bottom: 100px !important;}\u00a0\u00bb][vc_column][vc_basic_grid [&hellip;]<\/p>\n","protected":false},"author":1,"featured_media":0,"parent":0,"menu_order":0,"comment_status":"closed","ping_status":"closed","template":"template-page.php","meta":{"_acf_changed":false,"inline_featured_image":false,"footnotes":""},"class_list":["post-1843","page","type-page","status-publish","hentry"],"acf":[],"yoast_head":"<!-- This site is optimized with the Yoast SEO plugin v27.5 - https:\/\/yoast.com\/product\/yoast-seo-wordpress\/ -->\n<title>Tourism - Trimen (EN)<\/title>\n<meta name=\"description\" content=\"Nos coups de coeur pour votre s\u00e9jour. Voici une s\u00e9lection de sites, mus\u00e9es, boutiques, dans lesquels nous aimons nous rendre.\" \/>\n<meta name=\"robots\" content=\"index, follow, max-snippet:-1, max-image-preview:large, max-video-preview:-1\" \/>\n<link rel=\"canonical\" href=\"https:\/\/www.trimen.fr\/en\/tourism\/\" \/>\n<meta property=\"og:locale\" content=\"fr_FR\" \/>\n<meta property=\"og:type\" content=\"article\" \/>\n<meta property=\"og:title\" content=\"Tourism - Trimen (EN)\" \/>\n<meta property=\"og:description\" content=\"Nos coups de coeur pour votre s\u00e9jour. Voici une s\u00e9lection de sites, mus\u00e9es, boutiques, dans lesquels nous aimons nous rendre.\" \/>\n<meta property=\"og:url\" content=\"https:\/\/www.trimen.fr\/en\/tourism\/\" \/>\n<meta property=\"og:site_name\" content=\"Trimen (EN)\" \/>\n<meta property=\"article:modified_time\" content=\"2025-12-24T10:52:47+00:00\" \/>\n<meta property=\"og:image\" content=\"https:\/\/www.trimen.fr\/en\/wp-content\/uploads\/sites\/3\/2016\/09\/accueil_hotel.jpg\" \/>\n\t<meta property=\"og:image:width\" content=\"1280\" \/>\n\t<meta property=\"og:image:height\" content=\"720\" \/>\n\t<meta property=\"og:image:type\" content=\"image\/jpeg\" \/>\n<meta name=\"twitter:card\" content=\"summary_large_image\" \/>\n<meta name=\"twitter:label1\" content=\"Dur\u00e9e de lecture estim\u00e9e\" \/>\n\t<meta name=\"twitter:data1\" content=\"1 minute\" \/>\n<script type=\"application\/ld+json\" class=\"yoast-schema-graph\">{\"@context\":\"https:\\\/\\\/schema.org\",\"@graph\":[{\"@type\":\"WebPage\",\"@id\":\"https:\\\/\\\/www.trimen.fr\\\/en\\\/tourism\\\/\",\"url\":\"https:\\\/\\\/www.trimen.fr\\\/en\\\/tourism\\\/\",\"name\":\"Tourism - Trimen (EN)\",\"isPartOf\":{\"@id\":\"https:\\\/\\\/www.trimen.fr\\\/en\\\/#website\"},\"datePublished\":\"2016-11-17T12:25:08+00:00\",\"dateModified\":\"2025-12-24T10:52:47+00:00\",\"description\":\"Nos coups de coeur pour votre s\u00e9jour. Voici une s\u00e9lection de sites, mus\u00e9es, boutiques, dans lesquels nous aimons nous rendre.\",\"breadcrumb\":{\"@id\":\"https:\\\/\\\/www.trimen.fr\\\/en\\\/tourism\\\/#breadcrumb\"},\"inLanguage\":\"fr-FR\",\"potentialAction\":[{\"@type\":\"ReadAction\",\"target\":[\"https:\\\/\\\/www.trimen.fr\\\/en\\\/tourism\\\/\"]}]},{\"@type\":\"BreadcrumbList\",\"@id\":\"https:\\\/\\\/www.trimen.fr\\\/en\\\/tourism\\\/#breadcrumb\",\"itemListElement\":[{\"@type\":\"ListItem\",\"position\":1,\"name\":\"Accueil\",\"item\":\"https:\\\/\\\/www.trimen.fr\\\/en\\\/\"},{\"@type\":\"ListItem\",\"position\":2,\"name\":\"Tourism\"}]},{\"@type\":\"WebSite\",\"@id\":\"https:\\\/\\\/www.trimen.fr\\\/en\\\/#website\",\"url\":\"https:\\\/\\\/www.trimen.fr\\\/en\\\/\",\"name\":\"Trimen (EN)\",\"description\":\"FOUR-STAR HOTEL AND RESTAURANT, ON THE WATERFRONT IN SAINTE-MARINE\",\"potentialAction\":[{\"@type\":\"SearchAction\",\"target\":{\"@type\":\"EntryPoint\",\"urlTemplate\":\"https:\\\/\\\/www.trimen.fr\\\/en\\\/?s={search_term_string}\"},\"query-input\":{\"@type\":\"PropertyValueSpecification\",\"valueRequired\":true,\"valueName\":\"search_term_string\"}}],\"inLanguage\":\"fr-FR\"}]}<\/script>\n<!-- \/ Yoast SEO plugin. -->","yoast_head_json":{"title":"Tourism - Trimen (EN)","description":"Nos coups de coeur pour votre s\u00e9jour. Voici une s\u00e9lection de sites, mus\u00e9es, boutiques, dans lesquels nous aimons nous rendre.","robots":{"index":"index","follow":"follow","max-snippet":"max-snippet:-1","max-image-preview":"max-image-preview:large","max-video-preview":"max-video-preview:-1"},"canonical":"https:\/\/www.trimen.fr\/en\/tourism\/","og_locale":"fr_FR","og_type":"article","og_title":"Tourism - Trimen (EN)","og_description":"Nos coups de coeur pour votre s\u00e9jour. Voici une s\u00e9lection de sites, mus\u00e9es, boutiques, dans lesquels nous aimons nous rendre.","og_url":"https:\/\/www.trimen.fr\/en\/tourism\/","og_site_name":"Trimen (EN)","article_modified_time":"2025-12-24T10:52:47+00:00","og_image":[{"width":1280,"height":720,"url":"https:\/\/www.trimen.fr\/en\/wp-content\/uploads\/sites\/3\/2016\/09\/accueil_hotel.jpg","type":"image\/jpeg"}],"twitter_card":"summary_large_image","twitter_misc":{"Dur\u00e9e de lecture estim\u00e9e":"1 minute"},"schema":{"@context":"https:\/\/schema.org","@graph":[{"@type":"WebPage","@id":"https:\/\/www.trimen.fr\/en\/tourism\/","url":"https:\/\/www.trimen.fr\/en\/tourism\/","name":"Tourism - Trimen (EN)","isPartOf":{"@id":"https:\/\/www.trimen.fr\/en\/#website"},"datePublished":"2016-11-17T12:25:08+00:00","dateModified":"2025-12-24T10:52:47+00:00","description":"Nos coups de coeur pour votre s\u00e9jour. Voici une s\u00e9lection de sites, mus\u00e9es, boutiques, dans lesquels nous aimons nous rendre.","breadcrumb":{"@id":"https:\/\/www.trimen.fr\/en\/tourism\/#breadcrumb"},"inLanguage":"fr-FR","potentialAction":[{"@type":"ReadAction","target":["https:\/\/www.trimen.fr\/en\/tourism\/"]}]},{"@type":"BreadcrumbList","@id":"https:\/\/www.trimen.fr\/en\/tourism\/#breadcrumb","itemListElement":[{"@type":"ListItem","position":1,"name":"Accueil","item":"https:\/\/www.trimen.fr\/en\/"},{"@type":"ListItem","position":2,"name":"Tourism"}]},{"@type":"WebSite","@id":"https:\/\/www.trimen.fr\/en\/#website","url":"https:\/\/www.trimen.fr\/en\/","name":"Trimen (EN)","description":"FOUR-STAR HOTEL AND RESTAURANT, ON THE WATERFRONT IN SAINTE-MARINE","potentialAction":[{"@type":"SearchAction","target":{"@type":"EntryPoint","urlTemplate":"https:\/\/www.trimen.fr\/en\/?s={search_term_string}"},"query-input":{"@type":"PropertyValueSpecification","valueRequired":true,"valueName":"search_term_string"}}],"inLanguage":"fr-FR"}]}},"_links":{"self":[{"href":"https:\/\/www.trimen.fr\/en\/wp-json\/wp\/v2\/pages\/1843","targetHints":{"allow":["GET"]}}],"collection":[{"href":"https:\/\/www.trimen.fr\/en\/wp-json\/wp\/v2\/pages"}],"about":[{"href":"https:\/\/www.trimen.fr\/en\/wp-json\/wp\/v2\/types\/page"}],"author":[{"embeddable":true,"href":"https:\/\/www.trimen.fr\/en\/wp-json\/wp\/v2\/users\/1"}],"replies":[{"embeddable":true,"href":"https:\/\/www.trimen.fr\/en\/wp-json\/wp\/v2\/comments?post=1843"}],"version-history":[{"count":4,"href":"https:\/\/www.trimen.fr\/en\/wp-json\/wp\/v2\/pages\/1843\/revisions"}],"predecessor-version":[{"id":3198,"href":"https:\/\/www.trimen.fr\/en\/wp-json\/wp\/v2\/pages\/1843\/revisions\/3198"}],"wp:attachment":[{"href":"https:\/\/www.trimen.fr\/en\/wp-json\/wp\/v2\/media?parent=1843"}],"curies":[{"name":"wp","href":"https:\/\/api.w.org\/{rel}","templated":true}]}}