{"id":2365,"date":"2016-12-06T16:54:51","date_gmt":"2016-12-06T15:54:51","guid":{"rendered":"https:\/\/www.trimen.fr\/en\/?page_id=2365"},"modified":"2026-02-06T10:38:12","modified_gmt":"2026-02-06T09:38:12","slug":"job-opportunities","status":"publish","type":"page","link":"https:\/\/www.trimen.fr\/en\/job-opportunities\/","title":{"rendered":"Recruitment"},"content":{"rendered":"<div class=\"wpb-content-wrapper\"><p>[vc_row el_class=\u00a0\u00bbtexte-center\u00a0\u00bb][vc_column css_animation=\u00a0\u00bbfadeInDown\u00a0\u00bb css=\u00a0\u00bb.vc_custom_1766573000831{background-position: center !important;background-repeat: no-repeat !important;background-size: contain !important;}\u00a0\u00bb]<div    style=\"width:auto; height:500px; background-image:url(https:\/\/www.trimen.fr\/en\/wp-content\/uploads\/sites\/3\/2016\/11\/Jardin-02_2019.jpg); background-position: top center;\" class=\"KVC_composant_imageROll\" >\t<div class=\"zoneTexte\"><span style=\"text-align:center; vertical-align:middle;\"><\/p>\n<h1>JOB OPPORTUNITIES<\/h1>\n<p><\/span><\/div><\/div>[\/vc_column][\/vc_row][vc_row el_class=\u00a0\u00bbwrap-resp\u00a0\u00bb css=\u00a0\u00bb.vc_custom_1739461807803{margin-top: 100px !important;margin-bottom: 100px !important;}\u00a0\u00bb][vc_column][vc_column_text css=\u00a0\u00bb\u00a0\u00bb]<\/p>\n<h2><span style=\"color: #a91e22\">Season 2026<\/span><\/h2>\n<p>&nbsp;<\/p>\n<h3 style=\"text-align: center\"><span style=\"color: #999999\">La Villa Tri Men et son restaurant Etoil\u00e9 Les Trois Rochers sont en travaux pour 6 mois, <\/span><\/h3>\n<h3 style=\"text-align: center\"><span style=\"color: #999999\">de belles opportunit\u00e9s pour la r\u00e9ouverture en avril 2026!<\/span><\/h3>\n<p>[\/vc_column_text][\/vc_column][\/vc_row][vc_row el_class=\u00a0\u00bbwrap-resp\u00a0\u00bb css=\u00a0\u00bb.vc_custom_1739461807803{margin-top: 100px !important;margin-bottom: 100px !important;}\u00a0\u00bb][vc_column][vc_column_text css=\u00a0\u00bb\u00a0\u00bb]<\/p>\n<ul>\n<li style=\"text-align: left\"><span style=\"font-size: 16px\"><strong>Housekeeper (room attendant) \u2013 starting end of March 2026 for a 7-month contract, 25, 30 or 35 hours per week<\/strong><\/span><\/li>\n<\/ul>\n<p>&nbsp;<\/p>\n<ul>\n<li style=\"text-align: left\"><span style=\"font-size: 16px\"><strong> Breakfast &amp; Housekeeping Intern \u2013 starting in April<\/strong><\/span><\/li>\n<\/ul>\n<p>&nbsp;<\/p>\n<p style=\"text-align: left\"><em>Please note that no accommodation is available.<\/em><\/p>\n<p>[\/vc_column_text][\/vc_column][\/vc_row][vc_row el_class=\u00a0\u00bbwrap-resp\u00a0\u00bb css=\u00a0\u00bb.vc_custom_1766576857333{margin-bottom: 30px !important;}\u00a0\u00bb][vc_column][vc_column_text css=\u00a0\u00bb\u00a0\u00bb]<\/p>\n<p style=\"text-align: left\"><span style=\"font-size: 16px\"><strong>To reply to our advert or apply for a job, please send a CV and cover letter to:<\/strong><\/span><\/p>\n<p>&nbsp;<\/p>\n<p style=\"text-align: left\">By mail : recrutement@trimen.fr<\/p>\n<p style=\"text-align: left\">By post : Villa Tri Men \u2013 FAO : Direction \u2013 16 rue du phare,\u00a0 29120 Sainte-Marine<\/p>\n<p>[\/vc_column_text][\/vc_column][\/vc_row][vc_row equal_height=\u00a0\u00bbyes\u00a0\u00bb css=\u00a0\u00bb.vc_custom_1479826596591{border-top-width: 5px !important;border-right-width: 5px !important;border-bottom-width: 5px !important;border-left-width: 5px !important;border-left-color: #ffffff !important;border-left-style: solid !important;border-right-color: #ffffff !important;border-right-style: solid !important;border-top-color: #ffffff !important;border-top-style: solid !important;border-bottom-color: #ffffff !important;border-bottom-style: solid !important;}\u00a0\u00bb][vc_column width=\u00a0\u00bb1\/3&Prime; css=\u00a0\u00bb.vc_custom_1473843487455{background-color: #ffffff !important;}\u00a0\u00bb]<a  href=\"https:\/\/www.trimen.fr\/en\/the-rooms\/\"   title=\"The rooms\"   target=\"\"  style=\"width:auto; height:200px; background-image:url(https:\/\/www.trimen.fr\/en\/wp-content\/uploads\/sites\/3\/2025\/12\/hotel-finistere-chambre-vue-mer-faiencerie-henriot.jpg); background-position: center center;\" class=\"KVC_composant_imageROll\" >\t<div class=\"imageRoll\" style=\" background-position: center center; background-color:rgba(0,0,0,0.4);\"><\/div>\t<div class=\"zoneTexte\"><span style=\"text-align:center; vertical-align:middle;\"><img decoding=\"async\" class=\"alignnone size-medium wp-image-1756\" src=\"https:\/\/www.trimen.fr\/wp-content\/uploads\/2016\/09\/bouton_plus.svg\" alt=\"bouton_plus\" \/><\/span><\/div><\/a>[vc_column_text css=\u00a0\u00bb.vc_custom_1766576663757{padding-top: 80px !important;padding-bottom: 80px !important;}\u00a0\u00bb]<\/p>\n<h3><a href=\"https:\/\/www.trimen.fr\/en\/the-rooms\/\"><span style=\"color: #5a5d5e\">OUR ROOMS<\/span><\/a><\/h3>\n<p>[\/vc_column_text][\/vc_column][vc_column width=\u00a0\u00bb1\/3&Prime; css=\u00a0\u00bb.vc_custom_1473843477391{background-color: #dce0e0 !important;}\u00a0\u00bb]<a  href=\"https:\/\/www.trimen.fr\/en\/le-bar\/\"   title=\"Le bar\"   target=\"\"  style=\"width:auto; height:200px; background-image:url(https:\/\/www.trimen.fr\/en\/wp-content\/uploads\/sites\/3\/2025\/12\/bar-finistere-champagne-jvignier-gingerbeer-vuesurmer-villatrimen-lestroisrochers-scaled-1.jpg); background-position: center center;\" class=\"KVC_composant_imageROll\" >\t<div class=\"imageRoll\" style=\" background-position: center center; background-color:rgba(0,0,0,0.4);\"><\/div>\t<div class=\"zoneTexte\"><span style=\"text-align:center; vertical-align:middle;\"><img decoding=\"async\" class=\"alignnone size-medium wp-image-1756\" src=\"https:\/\/www.trimen.fr\/wp-content\/uploads\/2016\/09\/bouton_plus.svg\" alt=\"bouton_plus\" \/><\/span><\/div><\/a>[vc_column_text css=\u00a0\u00bb.vc_custom_1766576699421{padding-top: 80px !important;padding-bottom: 80px !important;}\u00a0\u00bb]<\/p>\n<h3><a href=\"https:\/\/www.trimen.fr\/le-bar\/\"><span style=\"color: #5a5d5e\">LE BAR<\/span><\/a><\/h3>\n<p>[\/vc_column_text][\/vc_column][vc_column width=\u00a0\u00bb1\/3&Prime; css=\u00a0\u00bb.vc_custom_1473843512463{background-color: #b1b7b8 !important;}\u00a0\u00bb]<a  href=\"https:\/\/www.trimen.fr\/en\/the-restaurant\/\"   title=\"Les Trois Rochers\"   target=\"\"  style=\"width:auto; height:200px; background-image:url(https:\/\/www.trimen.fr\/en\/wp-content\/uploads\/sites\/3\/2023\/12\/Dejeuner_Villa_Tri_Men_01.jpg); background-position: bottom center;\" class=\"KVC_composant_imageROll\" >\t<div class=\"imageRoll\" style=\" background-position: bottom center; background-color:rgba(0,0,0,0.4);\"><\/div>\t<div class=\"zoneTexte\"><span style=\"text-align:center; vertical-align:middle;\"><img decoding=\"async\" class=\"alignnone size-medium wp-image-1756\" src=\"https:\/\/www.trimen.fr\/wp-content\/uploads\/2016\/09\/bouton_plus.svg\" alt=\"bouton_plus\" \/><\/span><\/div><\/a>[vc_column_text css=\u00a0\u00bb.vc_custom_1766576720313{padding-top: 80px !important;padding-bottom: 80px !important;}\u00a0\u00bb]<\/p>\n<h3><a href=\"https:\/\/www.trimen.fr\/en\/the-restaurant\/\"><span style=\"color: #5a5d5e\">LES TROIS ROCHERS <\/span><\/a><\/h3>\n<p>[\/vc_column_text][\/vc_column][\/vc_row]<\/p>\n<\/div>","protected":false},"excerpt":{"rendered":"<p>[vc_row el_class=\u00a0\u00bbtexte-center\u00a0\u00bb][vc_column css_animation=\u00a0\u00bbfadeInDown\u00a0\u00bb css=\u00a0\u00bb.vc_custom_1766573000831{background-position: center !important;background-repeat: no-repeat !important;background-size: contain !important;}\u00a0\u00bb][\/vc_column][\/vc_row][vc_row el_class=\u00a0\u00bbwrap-resp\u00a0\u00bb css=\u00a0\u00bb.vc_custom_1739461807803{margin-top: 100px !important;margin-bottom: 100px !important;}\u00a0\u00bb][vc_column][vc_column_text css=\u00a0\u00bb\u00a0\u00bb] Season 2026 &nbsp; La Villa Tri Men et son restaurant Etoil\u00e9 Les Trois Rochers sont en travaux pour 6 mois, de belles opportunit\u00e9s pour la r\u00e9ouverture en avril 2026! [\/vc_column_text][\/vc_column][\/vc_row][vc_row el_class=\u00a0\u00bbwrap-resp\u00a0\u00bb css=\u00a0\u00bb.vc_custom_1739461807803{margin-top: 100px !important;margin-bottom: 100px !important;}\u00a0\u00bb][vc_column][vc_column_text css=\u00a0\u00bb\u00a0\u00bb] Housekeeper [&hellip;]<\/p>\n","protected":false},"author":1,"featured_media":0,"parent":0,"menu_order":0,"comment_status":"closed","ping_status":"closed","template":"template-page.php","meta":{"_acf_changed":false,"inline_featured_image":false,"footnotes":""},"class_list":["post-2365","page","type-page","status-publish","hentry"],"acf":[],"yoast_head":"<!-- This site is optimized with the Yoast SEO plugin v27.4 - https:\/\/yoast.com\/product\/yoast-seo-wordpress\/ -->\n<title>Recruitment - Trimen (EN)<\/title>\n<meta name=\"description\" content=\"Join our team if you are passionate about hospitality and gastronomy.\" \/>\n<meta name=\"robots\" content=\"index, follow, max-snippet:-1, max-image-preview:large, max-video-preview:-1\" \/>\n<link rel=\"canonical\" href=\"https:\/\/www.trimen.fr\/en\/job-opportunities\/\" \/>\n<meta property=\"og:locale\" content=\"fr_FR\" \/>\n<meta property=\"og:type\" content=\"article\" \/>\n<meta property=\"og:title\" content=\"Recruitment - Trimen (EN)\" \/>\n<meta property=\"og:description\" content=\"Join our team if you are passionate about hospitality and gastronomy.\" \/>\n<meta property=\"og:url\" content=\"https:\/\/www.trimen.fr\/en\/job-opportunities\/\" \/>\n<meta property=\"og:site_name\" content=\"Trimen (EN)\" \/>\n<meta property=\"article:modified_time\" content=\"2026-02-06T09:38:12+00:00\" \/>\n<meta property=\"og:image\" content=\"https:\/\/www.trimen.fr\/en\/wp-content\/uploads\/sites\/3\/2016\/09\/accueil_hotel.jpg\" \/>\n\t<meta property=\"og:image:width\" content=\"1280\" \/>\n\t<meta property=\"og:image:height\" content=\"720\" \/>\n\t<meta property=\"og:image:type\" content=\"image\/jpeg\" \/>\n<meta name=\"twitter:card\" content=\"summary_large_image\" \/>\n<meta name=\"twitter:label1\" content=\"Dur\u00e9e de lecture estim\u00e9e\" \/>\n\t<meta name=\"twitter:data1\" content=\"3 minutes\" \/>\n<script type=\"application\/ld+json\" class=\"yoast-schema-graph\">{\"@context\":\"https:\\\/\\\/schema.org\",\"@graph\":[{\"@type\":\"WebPage\",\"@id\":\"https:\\\/\\\/www.trimen.fr\\\/en\\\/job-opportunities\\\/\",\"url\":\"https:\\\/\\\/www.trimen.fr\\\/en\\\/job-opportunities\\\/\",\"name\":\"Recruitment - Trimen (EN)\",\"isPartOf\":{\"@id\":\"https:\\\/\\\/www.trimen.fr\\\/en\\\/#website\"},\"primaryImageOfPage\":{\"@id\":\"https:\\\/\\\/www.trimen.fr\\\/en\\\/job-opportunities\\\/#primaryimage\"},\"image\":{\"@id\":\"https:\\\/\\\/www.trimen.fr\\\/en\\\/job-opportunities\\\/#primaryimage\"},\"thumbnailUrl\":\"https:\\\/\\\/www.trimen.fr\\\/wp-content\\\/uploads\\\/2016\\\/09\\\/bouton_plus.svg\",\"datePublished\":\"2016-12-06T15:54:51+00:00\",\"dateModified\":\"2026-02-06T09:38:12+00:00\",\"description\":\"Join our team if you are passionate about hospitality and gastronomy.\",\"breadcrumb\":{\"@id\":\"https:\\\/\\\/www.trimen.fr\\\/en\\\/job-opportunities\\\/#breadcrumb\"},\"inLanguage\":\"fr-FR\",\"potentialAction\":[{\"@type\":\"ReadAction\",\"target\":[\"https:\\\/\\\/www.trimen.fr\\\/en\\\/job-opportunities\\\/\"]}]},{\"@type\":\"ImageObject\",\"inLanguage\":\"fr-FR\",\"@id\":\"https:\\\/\\\/www.trimen.fr\\\/en\\\/job-opportunities\\\/#primaryimage\",\"url\":\"https:\\\/\\\/www.trimen.fr\\\/wp-content\\\/uploads\\\/2016\\\/09\\\/bouton_plus.svg\",\"contentUrl\":\"https:\\\/\\\/www.trimen.fr\\\/wp-content\\\/uploads\\\/2016\\\/09\\\/bouton_plus.svg\"},{\"@type\":\"BreadcrumbList\",\"@id\":\"https:\\\/\\\/www.trimen.fr\\\/en\\\/job-opportunities\\\/#breadcrumb\",\"itemListElement\":[{\"@type\":\"ListItem\",\"position\":1,\"name\":\"Accueil\",\"item\":\"https:\\\/\\\/www.trimen.fr\\\/en\\\/\"},{\"@type\":\"ListItem\",\"position\":2,\"name\":\"Recruitment\"}]},{\"@type\":\"WebSite\",\"@id\":\"https:\\\/\\\/www.trimen.fr\\\/en\\\/#website\",\"url\":\"https:\\\/\\\/www.trimen.fr\\\/en\\\/\",\"name\":\"Trimen (EN)\",\"description\":\"FOUR-STAR HOTEL AND RESTAURANT, ON THE WATERFRONT IN SAINTE-MARINE\",\"potentialAction\":[{\"@type\":\"SearchAction\",\"target\":{\"@type\":\"EntryPoint\",\"urlTemplate\":\"https:\\\/\\\/www.trimen.fr\\\/en\\\/?s={search_term_string}\"},\"query-input\":{\"@type\":\"PropertyValueSpecification\",\"valueRequired\":true,\"valueName\":\"search_term_string\"}}],\"inLanguage\":\"fr-FR\"}]}<\/script>\n<!-- \/ Yoast SEO plugin. -->","yoast_head_json":{"title":"Recruitment - Trimen (EN)","description":"Join our team if you are passionate about hospitality and gastronomy.","robots":{"index":"index","follow":"follow","max-snippet":"max-snippet:-1","max-image-preview":"max-image-preview:large","max-video-preview":"max-video-preview:-1"},"canonical":"https:\/\/www.trimen.fr\/en\/job-opportunities\/","og_locale":"fr_FR","og_type":"article","og_title":"Recruitment - Trimen (EN)","og_description":"Join our team if you are passionate about hospitality and gastronomy.","og_url":"https:\/\/www.trimen.fr\/en\/job-opportunities\/","og_site_name":"Trimen (EN)","article_modified_time":"2026-02-06T09:38:12+00:00","og_image":[{"width":1280,"height":720,"url":"https:\/\/www.trimen.fr\/en\/wp-content\/uploads\/sites\/3\/2016\/09\/accueil_hotel.jpg","type":"image\/jpeg"}],"twitter_card":"summary_large_image","twitter_misc":{"Dur\u00e9e de lecture estim\u00e9e":"3 minutes"},"schema":{"@context":"https:\/\/schema.org","@graph":[{"@type":"WebPage","@id":"https:\/\/www.trimen.fr\/en\/job-opportunities\/","url":"https:\/\/www.trimen.fr\/en\/job-opportunities\/","name":"Recruitment - Trimen (EN)","isPartOf":{"@id":"https:\/\/www.trimen.fr\/en\/#website"},"primaryImageOfPage":{"@id":"https:\/\/www.trimen.fr\/en\/job-opportunities\/#primaryimage"},"image":{"@id":"https:\/\/www.trimen.fr\/en\/job-opportunities\/#primaryimage"},"thumbnailUrl":"https:\/\/www.trimen.fr\/wp-content\/uploads\/2016\/09\/bouton_plus.svg","datePublished":"2016-12-06T15:54:51+00:00","dateModified":"2026-02-06T09:38:12+00:00","description":"Join our team if you are passionate about hospitality and gastronomy.","breadcrumb":{"@id":"https:\/\/www.trimen.fr\/en\/job-opportunities\/#breadcrumb"},"inLanguage":"fr-FR","potentialAction":[{"@type":"ReadAction","target":["https:\/\/www.trimen.fr\/en\/job-opportunities\/"]}]},{"@type":"ImageObject","inLanguage":"fr-FR","@id":"https:\/\/www.trimen.fr\/en\/job-opportunities\/#primaryimage","url":"https:\/\/www.trimen.fr\/wp-content\/uploads\/2016\/09\/bouton_plus.svg","contentUrl":"https:\/\/www.trimen.fr\/wp-content\/uploads\/2016\/09\/bouton_plus.svg"},{"@type":"BreadcrumbList","@id":"https:\/\/www.trimen.fr\/en\/job-opportunities\/#breadcrumb","itemListElement":[{"@type":"ListItem","position":1,"name":"Accueil","item":"https:\/\/www.trimen.fr\/en\/"},{"@type":"ListItem","position":2,"name":"Recruitment"}]},{"@type":"WebSite","@id":"https:\/\/www.trimen.fr\/en\/#website","url":"https:\/\/www.trimen.fr\/en\/","name":"Trimen (EN)","description":"FOUR-STAR HOTEL AND RESTAURANT, ON THE WATERFRONT IN SAINTE-MARINE","potentialAction":[{"@type":"SearchAction","target":{"@type":"EntryPoint","urlTemplate":"https:\/\/www.trimen.fr\/en\/?s={search_term_string}"},"query-input":{"@type":"PropertyValueSpecification","valueRequired":true,"valueName":"search_term_string"}}],"inLanguage":"fr-FR"}]}},"_links":{"self":[{"href":"https:\/\/www.trimen.fr\/en\/wp-json\/wp\/v2\/pages\/2365","targetHints":{"allow":["GET"]}}],"collection":[{"href":"https:\/\/www.trimen.fr\/en\/wp-json\/wp\/v2\/pages"}],"about":[{"href":"https:\/\/www.trimen.fr\/en\/wp-json\/wp\/v2\/types\/page"}],"author":[{"embeddable":true,"href":"https:\/\/www.trimen.fr\/en\/wp-json\/wp\/v2\/users\/1"}],"replies":[{"embeddable":true,"href":"https:\/\/www.trimen.fr\/en\/wp-json\/wp\/v2\/comments?post=2365"}],"version-history":[{"count":15,"href":"https:\/\/www.trimen.fr\/en\/wp-json\/wp\/v2\/pages\/2365\/revisions"}],"predecessor-version":[{"id":3363,"href":"https:\/\/www.trimen.fr\/en\/wp-json\/wp\/v2\/pages\/2365\/revisions\/3363"}],"wp:attachment":[{"href":"https:\/\/www.trimen.fr\/en\/wp-json\/wp\/v2\/media?parent=2365"}],"curies":[{"name":"wp","href":"https:\/\/api.w.org\/{rel}","templated":true}]}}